{"id":970,"date":"2024-03-26T19:01:09","date_gmt":"2024-03-26T19:01:09","guid":{"rendered":"https:\/\/parroquialanatividad.org\/?page_id=970"},"modified":"2025-04-12T17:46:40","modified_gmt":"2025-04-12T17:46:40","slug":"lectio-divina-ciclo-b-domingo-de-resurreccion","status":"publish","type":"page","link":"https:\/\/parroquialanatividad.org\/?page_id=970","title":{"rendered":"LECTIO DIVINA &#8211; DOMINGO DE LA RESURRECCI\u00d3N DEL SE\u00d1OR"},"content":{"rendered":"\n<div class=\"wp-block-file alignright\"><a id=\"wp-block-file--media-0c8c137e-e61c-4fe4-83bc-719e965d42b1\" href=\"https:\/\/parroquialanatividad.org\/wp-content\/uploads\/2025\/04\/LECTIO-DOMINGO-DE-RESURRECCION.pdf\" target=\"_blank\" rel=\"noreferrer noopener\">LECTIO &#8211; DOMINGO DE RESURRECCI\u00d3N<\/a><a href=\"https:\/\/parroquialanatividad.org\/wp-content\/uploads\/2025\/04\/LECTIO-DOMINGO-DE-RESURRECCION.pdf\" class=\"wp-block-file__button wp-element-button\" download aria-describedby=\"wp-block-file--media-0c8c137e-e61c-4fe4-83bc-719e965d42b1\">Descargar<\/a><\/div>\n\n\n<h3><strong>Lectura del libro de los Hechos de los Ap\u00f3stoles 10, 34a. 37-43<\/strong><\/h3>\n<p>En aquellos d\u00edas, Pedro tom\u00f3 la palabra y dijo:<\/p>\n<p>\u00abVosotros conoc\u00e9is lo que sucedi\u00f3 en toda Judea, comenzando por Galilea, despu\u00e9s del bautismo que predic\u00f3 Juan. Me refiero a Jes\u00fas de Nazaret, ungido por Dios con la fuerza del Esp\u00edritu Santo, que pas\u00f3 haciendo el bien y curando a todos los oprimidos por el diablo, porque Dios estaba con \u00e9l.<\/p>\n<p>Nosotros somos testigos de todo lo que hizo en la tierra de los jud\u00edos y en Jerusal\u00e9n. A este lo mataron, colg\u00e1ndolo de un madero. Pero Dios lo resucit\u00f3 al tercer d\u00eda y le concedi\u00f3 la gracia de manifestarse, no a todo el pueblo, sino a los testigos designados por Dios: a nosotros, que hemos comido y bebido con \u00e9l despu\u00e9s de su resurrecci\u00f3n de entre los muertos.<\/p>\n<p>Nos encarg\u00f3 predicar al pueblo, dando solemne testimonio de que Dios lo ha constituido juez de vivos y muertos. De \u00e9l dan testimonio todos los profetas: que todos los que creen en \u00e9l reciben, por su nombre, el perd\u00f3n de los pecados\u00bb.<\/p>\n<h3><strong>Salmo 117, 1-2. 16-17. 22-23<\/strong><\/h3>\n<h4><strong>R\/ \u00c9ste es el d\u00eda que hizo el Se\u00f1or: sea nuestra alegr\u00eda y nuestro gozo.<\/strong><\/h4>\n<p>Dad gracias al Se\u00f1or porque es bueno,<br \/>porque es eterna su misericordia.<br \/>Diga la casa de Israel:<br \/>eterna es su misericordia. R.\/<\/p>\n<p>\u00abLa diestra del Se\u00f1or es poderosa,<br \/>la diestra del Se\u00f1or es excelsa\u00bb.<br \/>No he de morir, vivir\u00e9<br \/>para contar las haza\u00f1as del Se\u00f1or. R.\/<\/p>\n<p>La piedra que desecharon los arquitectos<br \/>es ahora la piedra angular.<br \/>Es el Se\u00f1or quien lo ha hecho,<br \/>ha sido un milagro patente. R.\/<\/p>\n<h3><strong>Lectura de la carta del ap\u00f3stol san Pablo a los Colosenses 3, 1-4<\/strong><\/h3>\n<p>Hermanos:<\/p>\n<p>Si hab\u00e9is resucitado con Cristo, buscad los bienes de all\u00e1 arriba, donde Cristo est\u00e1 sentado a la derecha de Dios; aspirad a los bienes de arriba, no a los de la tierra.<\/p>\n<p>Porque hab\u00e9is muerto; y vuestra vida est\u00e1 con Cristo escondida en Dios. Cuando aparezca Cristo, vida vuestra, entonces tambi\u00e9n vosotros aparecer\u00e9is gloriosos, juntamente con \u00e9l.<\/p>\n<h3><strong>Lectura del santo Evangelio seg\u00fan san Juan 20, 1-9<\/strong><\/h3>\n<p>El primer d\u00eda de la semana, Mar\u00eda la Magdalena fue al sepulcro al amanecer, cuando a\u00fan estaba oscuro, y vio la losa quitada del sepulcro.<\/p>\n<p>Ech\u00f3 a correr y fue donde estaba Sim\u00f3n Pedro y el otro disc\u00edpulo, a quien Jes\u00fas amaba, y les dijo:<\/p>\n<p>\u00abSe han llevado del sepulcro al Se\u00f1or y no sabemos d\u00f3nde lo han puesto\u00bb.<\/p>\n<p>Salieron Pedro y el otro disc\u00edpulo camino del sepulcro. Los dos corr\u00edan juntos, pero el otro disc\u00edpulo corr\u00eda m\u00e1s que Pedro; se adelant\u00f3 y lleg\u00f3 primero al sepulcro; e, inclin\u00e1ndose, vio los lienzos tendidos; pero no entr\u00f3.<\/p>\n<p>Lleg\u00f3 tambi\u00e9n Sim\u00f3n Pedro detr\u00e1s de \u00e9l y entr\u00f3 en el sepulcro: vio los lienzos tendidos y el sudario con que le hab\u00edan cubierto la cabeza, no con los lienzos, sino enrollado en un sitio aparte.<\/p>\n<p>Entonces entr\u00f3 tambi\u00e9n el otro disc\u00edpulo, el que hab\u00eda llegado primero al sepulcro; vio y crey\u00f3.<\/p>\n<p>Pues hasta entonces no hab\u00edan entendido la Escritura: que \u00e9l hab\u00eda de resucitar de entre los muertos.<\/p>\n<h3><strong>COMENTARIO<\/strong><\/h3>\n<p>El Crucificado, no otro, es el que ha resucitado. Dios Padre resucit\u00f3 a su Hijo Jes\u00fas porque cumpli\u00f3 plenamente su voluntad de salvaci\u00f3n: asumi\u00f3 nuestra debilidad, nuestras dolencias, nuestra misma muerte; sufri\u00f3 nuestros dolores, llev\u00f3 el peso de nuestras iniquidades. Por eso Dios Padre lo exalt\u00f3 y ahora Jesucristo vive para siempre, y \u00c9l es el Se\u00f1or. Los testigos se\u00f1alan un detalle importante: Jes\u00fas resucitado lleva las llagas impresas en sus manos, en sus pies y en su costado. Estas heridas son el sello perpetuo de su amor por nosotros. Todo el que sufre una dura prueba, en el cuerpo y en el esp\u00edritu, puede encontrar refugio en estas llagas y recibir a trav\u00e9s de ellas la gracia de la esperanza que no defrauda. (Papa Francisco, 04-04-2021).<\/p>\n<h3><strong>COMPRENDER EL TEXTO<\/strong><\/h3>\n<p>Los primeros cristianos expresaron la certeza de la resurrecci\u00f3n de Jes\u00fas mediante dos tipos de relatos: las tradiciones del sepulcro vac\u00edo y las de las apariciones. Son, m\u00e1s que una mera \u201ccr\u00f3nica hist\u00f3rica\u201d, la confesi\u00f3n y celebraci\u00f3n de una fe sobre la que no abrigaban duda alguna.<\/p>\n<p>El pasaje de hoy narra la resurrecci\u00f3n de Jes\u00fas. En \u00e9l se relata la experiencia de fe que proclamaban los cristianos de la comunidad de Juan y que recibieron de quienes fueron testigos de primera mano. Por eso es importante profundizar en los tres primeros testigos de la tumba vac\u00eda, seg\u00fan el cuarto evangelio. Los tres miraron los signos de resurrecci\u00f3n, pero no todos vieron lo que eso significaba.<\/p>\n<p>Todo lo que se relata en el cap\u00edtulo 2\u00ba del evangelio de Juan sucede en domingo, que para los cristianos es el d\u00eda del Se\u00f1or, el d\u00eda en que las primeras comunidades se reun\u00edan para celebrar la eucarist\u00eda. Mar\u00eda Magdalena, que ha sido testigo de la muerte de Jes\u00fas, va al sepulcro y encuentra que ha sido desplazada la gran piedra circular que lo sellaba. No sabe interpretar correctamente el signo de la tumba vac\u00eda y corre, desconsolada a contar lo que ocurre. El significado de la resurrecci\u00f3n de Jes\u00fas le ser\u00e1 desvelado por el mismo Resucitado poco despu\u00e9s (Jn 20,10-18). Ahora convoca a dos disc\u00edpulos de gran autoridad y los invita a implicarse de nuevo en la causa de Jes\u00fas.<\/p>\n<p>Entre Pedro y el disc\u00edpulo amado se inicia una especie de rivalidad encubierta que se nota en el hecho de correr juntos, de llegar uno primero y ceder la entrada al otro, y, sobre todo, en el \u201cver y creer\u201d de uno de ellos.<\/p>\n<p>Los evangelios hablan de la vida de Jes\u00fas, pero tambi\u00e9n reflejan la vida de las comunidades a las que fueron dirigidos. Eso se aprecia claramente en este pasaje del evangelio de Juan. El disc\u00edpulo amado lider\u00f3 la comunidad jo\u00e1nica, convirti\u00e9ndose para ella en el punto de referencia. Su autoridad en el grupo lleg\u00f3 a ser m\u00e1s que la del mismo Pedro, lo que dificult\u00f3 la integraci\u00f3n de estas comunidades en la gran Iglesia, donde la figura de Pedro gozaba de gran autoridad. Tanto el pasaje de hoy como algunos otros manifiestan a la vez la dificultad y el enriquecimiento mutuo que supuso dicha integraci\u00f3n.<\/p>\n<p>Pedro y su ense\u00f1anza sobre Jes\u00fas gozaron en la primera Iglesia cristiana de gran autoridad, de enorme preeminencia. Esto ha quedado reflejado en los evangelios, y el presente pasaje lo manifiesta desde la perspectiva de la comunidad jo\u00e1nica y de su situaci\u00f3n hist\u00f3rica concreta. Por eso, aunque Pedro llega m\u00e1s tarde al sepulcro, le corresponde entrar primero, comprobar el estado de los lienzos funerarios y certificar la tumba vac\u00eda. Pero este ap\u00f3stol, aunque mir\u00f3, no sabe ver; la autoridad y su puesto al frente de la gran Iglesia no son suficientes para descubrir lo que se esconde tras esos signos. El sepulcro vac\u00edo y los lienzos producen en \u00e9l asombro, pero no la fe pascual.<\/p>\n<p>El disc\u00edpulo al que Jes\u00fas tanto quer\u00eda entra tambi\u00e9n en el sepulcro. Los lienzos tendidos y el sudario enrollado en un sitio aparte encienden una luz en su interior: \u00a1Jes\u00fas ha resucitado! \u00a1No han podido robar el cad\u00e1ver, pues un ladr\u00f3n no se habr\u00eda detenido en dejar recogidos los lienzos mortuorios!<\/p>\n<p>A trav\u00e9s de los signos que no supo interpretar Pedro, el disc\u00edpulo amado ve y cree. El amor y la intimidad que le unieron con Jes\u00fas de Nazaret le han abierto los ojos. Hasta entonces no hab\u00eda entendido la Escritura, pero a partir de ahora va a ser testigo de aquello que ha visto y o\u00eddo, incluso que ha tocado (1Jn 1,1-3). De este modo, otros muchos, vinculados por la fe y el amor a Jesucristo, podr\u00e1n creer aun sin haber visto (Jn 20,29).<\/p>\n<h3><strong>ACTUALIZAMOS<\/strong><\/h3>\n<p>El relato del sepulcro vac\u00edo ayud\u00f3 a las primeras comunidades a expresar su fe. Tambi\u00e9n nosotros confesamos que Jes\u00fas ha resucitado y que es urgente leer los signos de la resurrecci\u00f3n de Cristo que aparecen en nuestra existencia cotidiana:<\/p>\n<ol>\n<li><strong>La tumba vac\u00eda y los lienzos ordenados sirven de signo al disc\u00edpulo amado. Porque supo mirar, pudo ver y creer:<\/strong><\/li>\n<\/ol>\n<p>\u00bfDescubro yo en este pasaje algo que me ayude a seguir creyendo con m\u00e1s firmeza en la resurrecci\u00f3n de Jes\u00fas?<\/p>\n<ol start=\"2\">\n<li><strong>En este mundo:<\/strong><\/li>\n<\/ol>\n<p>\u00bfCon qu\u00e9 mirada busco a Jes\u00fas, con qu\u00e9 ojos trato de descubrir su presencia en medio de la realidad?<\/p>\n<p>\u00bfPor qu\u00e9 a veces no lo reconozco cuando sale a mi encuentro?<\/p>\n<ol start=\"3\">\n<li><strong>Celebramos con la Iglesia la certeza de que Jes\u00fas ha vencido a la muerte:<\/strong><\/li>\n<\/ol>\n<p>\u00bfInfluye mi fe en la resurrecci\u00f3n en la vida cotidiana?<\/p>\n<p>\u00bfC\u00f3mo se nota?<\/p>\n<ol start=\"4\">\n<li><strong>En nuestra sociedad:<\/strong><\/li>\n<\/ol>\n<p>\u00bfQu\u00e9 signos de vida y esperanza, de resurrecci\u00f3n, descubrimos a nuestro alrededor?<\/p>","protected":false},"excerpt":{"rendered":"<p>Lectura del libro de los Hechos de los Ap\u00f3stoles 10, 34a. 37-43 En aquellos d\u00edas, Pedro tom\u00f3 la palabra y dijo: \u00abVosotros conoc\u00e9is lo que sucedi\u00f3 en toda Judea, comenzando por Galilea, despu\u00e9s del bautismo que predic\u00f3 Juan. Me refiero a Jes\u00fas de Nazaret, ungido por Dios con la fuerza del Esp\u00edritu Santo, que pas\u00f3 &hellip; <\/p>\n<p class=\"link-more\"><a href=\"https:\/\/parroquialanatividad.org\/?page_id=970\" class=\"more-link\">Continuar leyendo<span class=\"screen-reader-text\"> \u00abLECTIO DIVINA &#8211; DOMINGO DE LA RESURRECCI\u00d3N DEL SE\u00d1OR\u00bb<\/span><\/a><\/p>\n","protected":false},"author":3,"featured_media":0,"parent":0,"menu_order":0,"comment_status":"closed","ping_status":"closed","template":"","meta":{"footnotes":""},"ppma_author":[52],"class_list":["post-970","page","type-page","status-publish","hentry"],"post_mailing_queue_ids":[],"_links":{"self":[{"href":"https:\/\/parroquialanatividad.org\/index.php?rest_route=\/wp\/v2\/pages\/970"}],"collection":[{"href":"https:\/\/parroquialanatividad.org\/index.php?rest_route=\/wp\/v2\/pages"}],"about":[{"href":"https:\/\/parroquialanatividad.org\/index.php?rest_route=\/wp\/v2\/types\/page"}],"author":[{"embeddable":true,"href":"https:\/\/parroquialanatividad.org\/index.php?rest_route=\/wp\/v2\/users\/3"}],"replies":[{"embeddable":true,"href":"https:\/\/parroquialanatividad.org\/index.php?rest_route=%2Fwp%2Fv2%2Fcomments&post=970"}],"version-history":[{"count":9,"href":"https:\/\/parroquialanatividad.org\/index.php?rest_route=\/wp\/v2\/pages\/970\/revisions"}],"predecessor-version":[{"id":2057,"href":"https:\/\/parroquialanatividad.org\/index.php?rest_route=\/wp\/v2\/pages\/970\/revisions\/2057"}],"wp:attachment":[{"href":"https:\/\/parroquialanatividad.org\/index.php?rest_route=%2Fwp%2Fv2%2Fmedia&parent=970"}],"wp:term":[{"taxonomy":"author","embeddable":true,"href":"https:\/\/parroquialanatividad.org\/index.php?rest_route=%2Fwp%2Fv2%2Fppma_author&post=970"}],"curies":[{"name":"wp","href":"https:\/\/api.w.org\/{rel}","templated":true}]}}