{"id":679,"date":"2024-01-12T19:15:51","date_gmt":"2024-01-12T19:15:51","guid":{"rendered":"https:\/\/parroquialanatividad.org\/?page_id=679"},"modified":"2026-01-14T18:47:23","modified_gmt":"2026-01-14T18:47:23","slug":"lectio-divina-ciclo-a-tiempo-ordinario-domingo-v","status":"publish","type":"page","link":"https:\/\/parroquialanatividad.org\/?page_id=679","title":{"rendered":"LECTIO DIVINA \u2013 CICLO A \u2013 TIEMPO ORDINARIO DOMINGO V"},"content":{"rendered":"\n<div class=\"wp-block-file alignright\"><a id=\"wp-block-file--media-30b1bc2f-bb05-4a30-8fa8-76b91f1cb983\" href=\"https:\/\/parroquialanatividad.org\/wp-content\/uploads\/2026\/01\/LECTIO-CICLO-A-TIEMPO-ORDINARIO-5.pdf\" target=\"_blank\" rel=\"noreferrer noopener\">LECTIO &#8211; CICLO A &#8211; TIEMPO ORDINARIO 5<\/a><a href=\"https:\/\/parroquialanatividad.org\/wp-content\/uploads\/2026\/01\/LECTIO-CICLO-A-TIEMPO-ORDINARIO-5.pdf\" class=\"wp-block-file__button wp-element-button\" download aria-describedby=\"wp-block-file--media-30b1bc2f-bb05-4a30-8fa8-76b91f1cb983\">Descargar<\/a><\/div>\n\n\n<h3><strong>Lectura del libro de Isa\u00edas 58, 7-10<\/strong><\/h3>\n<p>Esto dice el Se\u00f1or:<\/p>\n<p>\u00abParte tu pan con el hambriento, hospeda a los pobres sin techo, cubre a quien ves desnudo y no te desentiendas de los tuyos.<\/p>\n<p>Entonces surgir\u00e1 tu luz como la aurora, enseguida se curar\u00e1n tus heridas; ante ti marchar\u00e1 la justicia, detr\u00e1s de ti la gloria del Se\u00f1or.<\/p>\n<p>Entonces clamar\u00e1s al Se\u00f1or, y te responder\u00e1; pedir\u00e1s ayuda y te dir\u00e1: \u201cAqu\u00ed estoy\u201d.<\/p>\n<p>Cuando alejes de ti la opresi\u00f3n, el dedo acusador y la calumnia, cuando ofrezcas al hambriento de lo tuyo y sacies el alma afligida, brillar\u00e1 tu luz en las tinieblas, tu oscuridad como el mediod\u00eda\u00bb.<\/p>\n<h3><strong>Salmo 111, 4-5. 6-7. 8a y 9<\/strong><\/h3>\n<h4><strong>R.\/ El justo brilla en las tinieblas como una luz.<\/strong><\/h4>\n<p>En las tinieblas brilla como una luz<br \/>el que es justo, clemente y compasivo.<br \/>Dichoso el que se apiada y presta,<br \/>y administra rectamente sus asuntos. R.\/<\/p>\n<p>Porque jam\u00e1s vacilar\u00e1.<br \/>El recuerdo del justo ser\u00e1 perpetuo.<br \/>No temer\u00e1 las malas noticias,<br \/>su coraz\u00f3n est\u00e1 firme en el Se\u00f1or. R.\/<\/p>\n<p>Su coraz\u00f3n est\u00e1 seguro, sin temor.<br \/>Reparte limosna a los pobres;<br \/>su caridad dura por siempre<br \/>y alzar\u00e1 la frente con dignidad. R.\/<\/p>\n<h3><strong>Lectura de la primera carta del ap\u00f3stol san Pablo a los Corintios 2, 1-5<\/strong><\/h3>\n<p>Yo mismo, hermanos, cuando vine a vosotros a anunciaros el misterio de Dios, no lo hice con sublime elocuencia o sabidur\u00eda, pues nunca entre vosotros me preci\u00e9 de saber cosa alguna, sino a Jesucristo, y este crucificado.<\/p>\n<p>Tambi\u00e9n yo me present\u00e9 a vosotros d\u00e9bil y temblando de miedo; mi palabra y mi predicaci\u00f3n no fue con persuasiva sabidur\u00eda humana, sino en la manifestaci\u00f3n y el poder del Esp\u00edritu, para que vuestra fe no se apoye en la sabidur\u00eda de los hombres, sino en el poder de Dios.<\/p>\n<h3><strong>Lectura del santo Evangelio seg\u00fan san Mateo 5, 13-16<\/strong><\/h3>\n<p>En aquel tiempo, dijo Jes\u00fas a sus disc\u00edpulos:<\/p>\n<p>\u00abVosotros sois la sal de la tierra. Pero si la sal se vuelve sosa, \u00bfcon qu\u00e9 la salar\u00e1n?<\/p>\n<p>No sirve m\u00e1s que para tirarla fuera y que la pise la gente.<\/p>\n<p>Vosotros sois la luz del mundo. No se puede ocultar una ciudad puesta en lo alto de un monte.<\/p>\n<p>Tampoco se enciende una l\u00e1mpara para meterla debajo del celem\u00edn, sino para ponerla en el candelero y que alumbre a todos los de casa.<\/p>\n<p>Brille as\u00ed vuestra luz ante los hombres, para que vean vuestras buenas obras y den gloria a vuestro Padre que est\u00e1 en el cielo\u00bb.<\/p>\n<h3><strong>COMPRENDER EL TEXTO<\/strong><\/h3>\n<p>El profeta Isa\u00edas niega cualquier valor ante Dios a las privaciones corporales y a las pr\u00e1cticas religiosas que no van acompa\u00f1adas de una vida justa. Lo que Dios espera no son grandes manifestaciones externas de piedad, sino acciones concretas y efectivas a favor de los necesitados: alimentar al hambriento, hospedar al sin techo, vestir al desnudo.<\/p>\n<p>Los profetas denuncian el ritualismo vac\u00edo y dicen que la mejor manera de hacerse escuchar por Dios es ayudar a los pobres. Isa\u00edas asegura que Dios escucha y bendice a los que as\u00ed act\u00faan. La gloria de Dios acompa\u00f1ar\u00e1 a los que se muestran misericordiosos con los necesitados (misericordia quiero y no sacrificios, velas, h\u00e1bitos, posturas, apariencias&#8230;). Su vida se llenar\u00e1 de luz y de mediod\u00eda.<\/p>\n<p>La espiritualidad b\u00edblica se caracteriza por una relaci\u00f3n directa entre la atenci\u00f3n a Dios y la atenci\u00f3n a los dem\u00e1s. Esto tiene su culmen en Jes\u00fas <em>\u201cLo que hicisteis a uno de estos hermanos m\u00e1s peque\u00f1os, me lo hac\u00edais a m\u00ed\u201d <\/em>(Mt.25,40)<\/p>\n<p>El vers\u00edculo 6, aqu\u00ed omitido, explica el ayuno que agrada al Se\u00f1or: afligirse y dejarse afectar (aut\u00e9ntica afectividad, sinton\u00eda) por el pr\u00f3jimo. Sentir como propio el dolor ajeno e implicarse en paliarlo, eso es lo que agrada a Dios.<\/p>\n<p>El hombre del Antiguo Testamento cre\u00eda que el ayuno era agradable a Dios.<\/p>\n<p>No se puede separar al Dios de la alianza con la situaci\u00f3n de quienes est\u00e1n oprimidos, sea por esclavitud, hambre y cualquier clase de atadura. Esta es la condici\u00f3n y no la consecuencia para que Dios escuche al orante y al que ayuna.<\/p>\n<p>El \u00fanico saber de Pablo es Cristo, y este crucificado. Cristo crucificado revela el aut\u00e9ntico rostro del evangelizador y del evangelizado, el aut\u00e9ntico rostro del hombre, que solo llega a serlo en la medida en que ama con un amor crucificado, gratuito, que no espera ser gratificado, sino que crea vida de la muerte. As\u00ed ha sido amado Pablo. Por eso, su ministerio brota de la \u201c<em>necesidad<\/em>\u201d (Hay de m\u00ed si no anuncio el evangelio) de compartirlo y se convierte en testimonio de experiencia, no en doctrina elocuente ni filosof\u00eda cautivadora.<\/p>\n<p>En el Evangelio, Mateo intenta con estas dos comparaciones animar a los disc\u00edpulos perseguidos y mostrar cu\u00e1l es la misi\u00f3n de quienes viven el esp\u00edritu de las Bienaventuranzas.<\/p>\n<p>Ser luz consiste en practicar las buenas obras para que todos los hombres den gloria a Dios.<\/p>\n<p>Jes\u00fas no utiliza muchas palabras, se dirige al coraz\u00f3n y suscita en la persona la decisi\u00f3n. Luz del amor solidario que dignifica a cada persona y le suscita esperanza, capaz de dar sentido a la vida. No da sentido una respuesta coherente a los enigmas de la existencia, sino una vida entregada por amor en el encuentro cotidiano que mantenemos con las personas que nos toca convivir y relacionarnos.<\/p>\n<p>Podemos recordar las bienaventuranzas como proyecto de futuro, pero tambi\u00e9n como peque\u00f1a realidad que se abre paso y construye el Reino desde lo peque\u00f1o y lo contradictorio. Hace falta mucha fe para creer en ese proyecto de felicidad que nos presenta Jes\u00fas, pero tambi\u00e9n mucha esperanza en que se cumplir\u00e1 y mucho amor para comprometernos con su realizaci\u00f3n en lo concreto y cercano.<\/p>\n<p>\u00bfQu\u00e9 tiene que hacer un cristiano en medio de la sociedad? Nada menos que \u201c<em>ser sal y luz del mundo<\/em>\u201d. \u00bfC\u00f3mo podemos, en medio de una historia de tinieblas o penumbras, ser nosotros luz?<\/p>\n<p>Una primera respuesta la tenemos en el profeta Isa\u00edas. La enumeraci\u00f3n que \u00e9l hace, la conocemos bien, porque es la misma que Jes\u00fas nos dijo que servir\u00eda para nuestro examen final. En Mateo tenemos (Mt.25,40) el que evita hacer todo tipo de opresi\u00f3n para con los dem\u00e1s, el que no cae en la tentaci\u00f3n de la maledicencia (hablar mal del pr\u00f3jimo, de los m\u00e1s cercanos a nosotros).<\/p>\n<p>Tambi\u00e9n el salmo: en las tinieblas brilla como una luz el que es justo, clemente y compasivo. Hace eco y profundiza en el mensaje de la primera lectura.<\/p>\n<p>La misi\u00f3n que tiene el creyente es salir de s\u00ed mismo y ayudar a los dem\u00e1s, entonces s\u00ed podr\u00e1 pensar en rezar. El que act\u00faa as\u00ed, y luego acude a Dios, Dios le dir\u00e1 enseguida: \u201c<em>Aqu\u00ed estoy<\/em>\u201d. Y le escuchar\u00e1. (Si antes de rezar o presentar una ofrenda en el altar o ante Dios, te acuerdas de que un hermano tiene algo contra ti, deja tu ofrenda ante el altar y ve primero a ponerte en paz con tu hermano. Mt 5,23)<\/p>\n<p><strong>Quien opta por seguir a Jes\u00fas y vivir seg\u00fan su estilo cumple la misi\u00f3n de ser sal y luz para el mundo, esto sigue siendo una realidad para nosotros, los cristianos de este momento de la historia.<\/strong><\/p>\n<h3><strong>\u00a0<\/strong><strong>ACTUALIZAMOS<\/strong><\/h3>\n<ol>\n<li><strong>\u201c<em>Brille as\u00ed vuestra luz ante los hombres<\/em>\u201d<\/strong><\/li>\n<\/ol>\n<p>\u00bfVives tu experiencia de fe consciente de que eres un faro que lleva a otros a Dios?<\/p>\n<ol start=\"2\">\n<li><strong>\u201c<em>Si la sal se vuelve sosa&#8230;<\/em>\u201d<\/strong><\/li>\n<\/ol>\n<p>\u00bfEres consciente de que la fe cristiana tiene mucho de contra-cultural?<\/p>\n<p>\u00bfQu\u00e9 valores tienes que mantener incluso contra corriente para que tu fe no se diluya?<\/p>\n<ol start=\"3\">\n<li><strong>\u201c<em>Sois la sal de la tierra y la luz del mundo&#8230;<\/em>\u201d<\/strong><\/li>\n<\/ol>\n<p>\u00bfMi fe, mi ministerio, mi matrimonio, mi vida, es luz y sal?<\/p>\n<p>\u00bfA qu\u00e9 o a quienes alumbra?<\/p>\n<p>\u00bfQu\u00e9 valores del evangelio conserva como la sal?<\/p>\n<p>\u00bfA qu\u00e9 cosas da el aut\u00e9ntico sabor del evangelio, de la experiencia de encuentro con Dios y con Jes\u00fas?<\/p>\n<p><strong>La luz y la sal que hemos de mostrar y aportar a nuestro mundo provienen del Evangelio y de Dios. Para adquirir y mantener esas virtudes, hemos de ser constantes en la oraci\u00f3n<\/strong><strong>.<\/strong><\/p>","protected":false},"excerpt":{"rendered":"<p>Lectura del libro de Isa\u00edas 58, 7-10 Esto dice el Se\u00f1or: \u00abParte tu pan con el hambriento, hospeda a los pobres sin techo, cubre a quien ves desnudo y no te desentiendas de los tuyos. Entonces surgir\u00e1 tu luz como la aurora, enseguida se curar\u00e1n tus heridas; ante ti marchar\u00e1 la justicia, detr\u00e1s de ti &hellip; <\/p>\n<p class=\"link-more\"><a href=\"https:\/\/parroquialanatividad.org\/?page_id=679\" class=\"more-link\">Continuar leyendo<span class=\"screen-reader-text\"> \u00abLECTIO DIVINA \u2013 CICLO A \u2013 TIEMPO ORDINARIO DOMINGO V\u00bb<\/span><\/a><\/p>\n","protected":false},"author":3,"featured_media":0,"parent":0,"menu_order":0,"comment_status":"closed","ping_status":"closed","template":"","meta":{"footnotes":""},"ppma_author":[52],"class_list":["post-679","page","type-page","status-publish","hentry"],"post_mailing_queue_ids":[],"_links":{"self":[{"href":"https:\/\/parroquialanatividad.org\/index.php?rest_route=\/wp\/v2\/pages\/679"}],"collection":[{"href":"https:\/\/parroquialanatividad.org\/index.php?rest_route=\/wp\/v2\/pages"}],"about":[{"href":"https:\/\/parroquialanatividad.org\/index.php?rest_route=\/wp\/v2\/types\/page"}],"author":[{"embeddable":true,"href":"https:\/\/parroquialanatividad.org\/index.php?rest_route=\/wp\/v2\/users\/3"}],"replies":[{"embeddable":true,"href":"https:\/\/parroquialanatividad.org\/index.php?rest_route=%2Fwp%2Fv2%2Fcomments&post=679"}],"version-history":[{"count":3,"href":"https:\/\/parroquialanatividad.org\/index.php?rest_route=\/wp\/v2\/pages\/679\/revisions"}],"predecessor-version":[{"id":3236,"href":"https:\/\/parroquialanatividad.org\/index.php?rest_route=\/wp\/v2\/pages\/679\/revisions\/3236"}],"wp:attachment":[{"href":"https:\/\/parroquialanatividad.org\/index.php?rest_route=%2Fwp%2Fv2%2Fmedia&parent=679"}],"wp:term":[{"taxonomy":"author","embeddable":true,"href":"https:\/\/parroquialanatividad.org\/index.php?rest_route=%2Fwp%2Fv2%2Fppma_author&post=679"}],"curies":[{"name":"wp","href":"https:\/\/api.w.org\/{rel}","templated":true}]}}