{"id":663,"date":"2024-01-11T18:40:02","date_gmt":"2024-01-11T18:40:02","guid":{"rendered":"https:\/\/parroquialanatividad.org\/?page_id=663"},"modified":"2026-01-14T18:12:04","modified_gmt":"2026-01-14T18:12:04","slug":"lectio-divina-ciclo-a-tiempo-ordinario-domingo-iv","status":"publish","type":"page","link":"https:\/\/parroquialanatividad.org\/?page_id=663","title":{"rendered":"LECTIO DIVINA \u2013 CICLO A \u2013 TIEMPO ORDINARIO DOMINGO IV"},"content":{"rendered":"\n<div class=\"wp-block-file alignright\"><a id=\"wp-block-file--media-c4cc6191-9a66-47ad-b3f8-0f4b3f279e34\" href=\"https:\/\/parroquialanatividad.org\/wp-content\/uploads\/2026\/01\/LECTIO-CICLO-A-TIEMPO-ORDINARIO-4.pdf\" target=\"_blank\" rel=\"noreferrer noopener\">LECTIO &#8211; CICLO A &#8211; TIEMPO ORDINARIO 4<\/a><a href=\"https:\/\/parroquialanatividad.org\/wp-content\/uploads\/2026\/01\/LECTIO-CICLO-A-TIEMPO-ORDINARIO-4.pdf\" class=\"wp-block-file__button wp-element-button\" download aria-describedby=\"wp-block-file--media-c4cc6191-9a66-47ad-b3f8-0f4b3f279e34\">Descargar<\/a><\/div>\n\n\n<h3><strong>Lectura de la profec\u00eda de Sofon\u00edas 2, 3; 3, 12-13<\/strong><\/h3>\n<p>Buscad al Se\u00f1or los humildes de la tierra, los que practican su derecho, buscad la justicia, buscad la humildad, quiz\u00e1 pod\u00e1is resguardaros el d\u00eda de la ira del Se\u00f1or.<\/p>\n<p>Dejar\u00e9 en ti un resto, un pueblo humilde y pobre que buscar\u00e1 refugio en el nombre del Se\u00f1or.<\/p>\n<p>El resto de Israel no har\u00e1 m\u00e1s el mal, no mentir\u00e1 ni habr\u00e1 enga\u00f1o en su boca.<\/p>\n<p>Pastar\u00e1n y descansar\u00e1n, y no habr\u00e1 quien los inquiete.<\/p>\n<h3><strong>Salmo 145, 6c-7. 8-9a. 9bc-10<\/strong><\/h3>\n<h4><strong>R.\/ Bienaventurados los pobres en el esp\u00edritu, porque de ellos es el reino de los cielos.<\/strong><\/h4>\n<p>El Se\u00f1or mantiene su fidelidad perpetuamente,<br \/>hace justicia a los oprimidos,<br \/>da pan a los hambrientos<br \/>El Se\u00f1or liberta a los cautivos. R.\/<\/p>\n<p>El Se\u00f1or abre los ojos al ciego,<br \/>el Se\u00f1or endereza a los que ya se doblan,<br \/>el Se\u00f1or ama a los justos.<br \/>El Se\u00f1or guarda a los peregrinos. R.\/<\/p>\n<p>Sustenta al hu\u00e9rfano y a la viuda<br \/>y trastorna el camino de los malvados.<br \/>El Se\u00f1or reina eternamente,<br \/>tu Dios, Si\u00f3n, de edad en edad. R.\/<\/p>\n<h3><strong>Lectura de la primera carta del ap\u00f3stol san Pablo a los Corintios 1, 26-31<\/strong><\/h3>\n<p>Fijaos en vuestra asamblea, hermanos: no hay en ella muchos sabios en lo humano, ni muchos poderosos, ni muchos arist\u00f3cratas; sino que, lo necio del mundo lo ha escogido Dios para humillar a los sabios, y lo d\u00e9bil del mundo lo ha escogido Dios para humillar lo poderoso<\/p>\n<p>A\u00fan m\u00e1s, ha escogido la gente baja del mundo, lo despreciable, lo que no cuenta, para anular a lo que cuenta, de modo que nadie pueda gloriarse en presencia del Se\u00f1or.<\/p>\n<p>A \u00e9l se debe que vosotros est\u00e9is en Cristo Jes\u00fas, el cual se ha hecho para nosotros sabidur\u00eda de parte de Dios, justicia, santificaci\u00f3n y redenci\u00f3n.<\/p>\n<p>Y as\u00ed &#8211; como est\u00e1 escrito -: \u00abel que se glor\u00ede, que se glor\u00ede en el Se\u00f1or\u00bb.<\/p>\n<h3><strong>Lectura del santo Evangelio seg\u00fan san Mateo 5, 1-12a<\/strong><\/h3>\n<p>En aquel tiempo, al ver Jes\u00fas el gent\u00edo, subi\u00f3 al monte, se sent\u00f3 y se acercaron sus disc\u00edpulos; y, abriendo su boca, les ense\u00f1aba diciendo:<\/p>\n<p>\u00abBienaventurados los pobres en el esp\u00edritu, porque de ellos es el reino de los cielos.<\/p>\n<p>Bienaventurados los mansos, porque ellos heredar\u00e1n la tierra.<\/p>\n<p>Bienaventurados los que lloran, porque ellos ser\u00e1n consolados.<\/p>\n<p>Bienaventurados los que tienen hambre y sed de la justicia, porque ellos quedar\u00e1n saciados.<\/p>\n<p>Bienaventurados los misericordiosos, porque ellos alcanzar\u00e1n misericordia.<\/p>\n<p>Bienaventurados los limpios de coraz\u00f3n, porque ellos ver\u00e1n a Dios.<\/p>\n<p>Bienaventurados los que trabajan por la paz, porque ellos ser\u00e1n llamados hijos de Dios.<\/p>\n<p>Bienaventurados los perseguidos por causa de la justicia, porque de ellos es el reino de los cielos.<\/p>\n<p>Bienaventurados vosotros cuando os insulten y os persigan y os calumnien de cualquier modo por mi causa. Alegraos y regocijaos, porque vuestra recompensa ser\u00e1 grande en el cielo\u00bb.<\/p>\n<h3><strong>COMENTARIO<\/strong><\/h3>\n<p>En las lecturas de hoy aparece todo un repertorio de personajes marginales: pobres, humildes, hambrientos, oprimidos, ciegos, cautivos, perseguidos&#8230; Pero para ellos hay una gran noticia: son los preferidos de Dios. El Se\u00f1or ya no quiere verlos as\u00ed y va a venir a reinar para su felicidad. \u00c9sta es la l\u00f3gica de la cruz que Pablo termin\u00f3 por comprender y que configur\u00f3 la composici\u00f3n de la comunidad cristiana de Corinto. Dios ha elegido unos caminos inesperados para mostrar su salvaci\u00f3n, y as\u00ed lo ha manifestado en Jes\u00fas. Tampoco nosotros somos significativos ante los ojos del mundo, como no lo era el pueblo al que habla Sofon\u00edas ni la comunidad de Corinto, pero Dios nos ha escogido. Proclamemos, pues, con el salmista: \u201cEl Se\u00f1or reina eternamente\u201d.<\/p>\n<h3><strong>COMPRENDER EL TEXTO<\/strong><\/h3>\n<p>El anuncio del Reino con palabras y acciones curativas hace que Jes\u00fas cobre fama y le sigan multitudes venidas de todas partes. Jes\u00fas proclama una nueva ley conforme al Reino de los Cielos ante este nuevo pueblo de Dios convocado. Son 5 discursos que recuerdan los 5 libros del Pentateuco. Hoy nos introducimos por medio de las bienaventuranzas en el primero de ellos.<\/p>\n<p>Jes\u00fas comienza a poner en marcha el programa de acci\u00f3n trazado en el resumen de Mt 4,23: \u201cJes\u00fas recorr\u00eda toda Galilea, ense\u00f1ando en sus sinagogas. Anunciaba la Buena Noticia del Reino y curaba&#8230;\u201d Mateo recoge en este primer discurso una buena parte de las ense\u00f1anzas de Jes\u00fas con las que comienza su predicaci\u00f3n. De este modo construye una especie de manual para la vida cristiana que conocemos con el nombre de <strong>\u201cserm\u00f3n del monte<\/strong>\u201d. Consta de 3 cap\u00edtulos (Mt 5-7) y contiene instrucciones muy variadas sobre problemas que preocupaban a las primeras comunidades cristianas, este serm\u00f3n se dirige a los que ya siguen a Jes\u00fas y se adhieren, como los 4 disc\u00edpulos del domingo pasado, a los valores del Reino que \u00e9l anuncia. Las bienaventuranzas son el p\u00f3rtico de entrada a este serm\u00f3n.<\/p>\n<p>El primer vers\u00edculo (Mt 5,1) forma, con Mt 7,28-29, el marco de este primer serm\u00f3n. Jes\u00fas habla desde un monte, lugar simb\u00f3lico de la manifestaci\u00f3n de Dios. Est\u00e1 sentado como un maestro que ense\u00f1a. Todo esto recuerda la figura de Mois\u00e9s ense\u00f1ando al pueblo (Ex 19). El serm\u00f3n se abre con las bienaventuranzas. Son 9: la novena se distingue de las otras 8 porque no est\u00e1 en 3\u00aa persona del plural, sino en 2\u00aa y es m\u00e1s detallada que las dem\u00e1s, parece un comentario de la bienaventuranza anterior. Las otras 8 forman dos grupos diferenciados.<\/p>\n<p>La referencia al Reinado de Dios en la 1\u00aa y 8\u00aa nos recuerda el mensaje que Jes\u00fas proclama (Mt 4,17). Por dos veces y en presente se dice: \u201cde ellos es el Reino de los Cielos\u201d. La llegada inminente de este Reinado es la clave para entender esos gritos de alegr\u00eda de Jes\u00fas. No es que los pobres, los que lloran o los que sufren sean bienaventurados porque s\u00ed, sino porque ha comenzado a llegar el Reinado de Dios, y esto es una buena noticia para ellos. Son bienaventurados no porque vayan a cumplir nada mejor que otros, sino porque Dios ha optado libre y gratuitamente por ellos. Estos son los predilectos de Dios.<\/p>\n<p>Junto a la expresi\u00f3n anterior se repite otra m\u00e1s: \u201chacer la voluntad de Dios\u201d, esto se refiere al comportamiento que responde a lo que Dios quiere del ser humano. \u201cTener sed de justicia\u201d equivale, a tener sed de hacer la voluntad de Dios, y \u201clos perseguidos por causa de la justicia\u201d se refiere a los que son perseguidos por vivir como Dios nos pide.<\/p>\n<p>A partir de estas repeticiones que se descubren, se pueden delimitar dos grupos. En el 1\u00ba formado por las 4 primeras bienaventuranzas se constatan situaciones, y as\u00ed se subraya la confianza de estas personas con respecto a Dios. Son felices los pobres en el esp\u00edritu, es decir, aquellos que hacen de Dios su riqueza, los que sufren, los mansos o no violentos. En las otras 4, que forman el segundo grupo, se hace hincapi\u00e9 en el comportamiento de quienes han puesto su confianza s\u00f3lo en Dios. Por eso estas bienaventuranzas describen un comportamiento aut\u00e9nticamente cristiano para destacar la actitud que los disc\u00edpulos deben tener.<\/p>\n<p>Estos comportamientos y actitudes deben ser: ser misericordioso, es decir, orientar la vida al servicio de los dem\u00e1s (Mt 25,31-46); tener un coraz\u00f3n limpio, es decir, buscar la coherencia entre las intenciones y las actuaciones; y construir la paz, es decir, trabajar por la concordia y la reconciliaci\u00f3n de los que est\u00e1n alrededor. Los que as\u00ed se comportan ser\u00e1n dichosos si permanecen firmes. \u00c9stos son los comportamientos y las actitudes propias de todo buen cristiano. Y la 9\u00aa bienaventuranza dice: \u201cBienaventurados vosotros&#8230;\u201d, aun en medio de la incomprensi\u00f3n y la indiferencia actual, si vivimos las actitudes y hacemos vida los comportamientos que Jes\u00fas nos presenta como camino de felicidad.<\/p>\n<h3><strong>MEDITAMOS Y ACTUALIZAMOS<\/strong><\/h3>\n<p>Jes\u00fas nos ofrece las bienaventuranzas como apuesta de felicidad. Ante el estupor que siguen produciendo, pregunt\u00e9monos si vale la pena vivir seg\u00fan el estilo de las bienaventuranzas.<\/p>\n<ol>\n<li><strong><em>\u201cBienaventurados los &#8230;\u201d<\/em><\/strong><\/li>\n<\/ol>\n<p>\u00bfEs para ti la fe fuente de felicidad o una carga de cumplimientos? \u00bfPor qu\u00e9?<\/p>\n<ol start=\"2\">\n<li><strong>En nuestra sociedad:<\/strong><\/li>\n<\/ol>\n<p>\u00bfA qui\u00e9nes considera felices nuestra sociedad?<\/p>\n<p>\u00bfCu\u00e1les son, en cambio, las actitudes que piden las bienaventuranzas?<\/p>\n<ol start=\"3\">\n<li><strong>En nuestra vida diaria:<\/strong><\/li>\n<\/ol>\n<p>\u00bfQui\u00e9nes son los que sufren a nuestro lado?<\/p>\n<p>\u00bfC\u00f3mo llevarles la Buena Noticia de las bienaventuranzas?<\/p>\n<ol start=\"4\">\n<li><strong>Hay que tener esperanza:<\/strong><\/li>\n<\/ol>\n<p>\u00bfEn qu\u00e9 sentido las bienaventuranzas son mensaje de esperanza?<\/p>\n<h3><strong>ORAMOS Y CELEBRAMOS<\/strong><\/h3>\n<p>Subamos al monte con Jes\u00fas, lugar de la presencia de Dios, y dejemos, en un ambiente de oraci\u00f3n, que sus palabras resuenen con la fuerza que poseen.<\/p>","protected":false},"excerpt":{"rendered":"<p>Lectura de la profec\u00eda de Sofon\u00edas 2, 3; 3, 12-13 Buscad al Se\u00f1or los humildes de la tierra, los que practican su derecho, buscad la justicia, buscad la humildad, quiz\u00e1 pod\u00e1is resguardaros el d\u00eda de la ira del Se\u00f1or. Dejar\u00e9 en ti un resto, un pueblo humilde y pobre que buscar\u00e1 refugio en el nombre &hellip; <\/p>\n<p class=\"link-more\"><a href=\"https:\/\/parroquialanatividad.org\/?page_id=663\" class=\"more-link\">Continuar leyendo<span class=\"screen-reader-text\"> \u00abLECTIO DIVINA \u2013 CICLO A \u2013 TIEMPO ORDINARIO DOMINGO IV\u00bb<\/span><\/a><\/p>\n","protected":false},"author":3,"featured_media":0,"parent":0,"menu_order":0,"comment_status":"closed","ping_status":"closed","template":"","meta":{"footnotes":""},"ppma_author":[52],"class_list":["post-663","page","type-page","status-publish","hentry"],"post_mailing_queue_ids":[],"_links":{"self":[{"href":"https:\/\/parroquialanatividad.org\/index.php?rest_route=\/wp\/v2\/pages\/663"}],"collection":[{"href":"https:\/\/parroquialanatividad.org\/index.php?rest_route=\/wp\/v2\/pages"}],"about":[{"href":"https:\/\/parroquialanatividad.org\/index.php?rest_route=\/wp\/v2\/types\/page"}],"author":[{"embeddable":true,"href":"https:\/\/parroquialanatividad.org\/index.php?rest_route=\/wp\/v2\/users\/3"}],"replies":[{"embeddable":true,"href":"https:\/\/parroquialanatividad.org\/index.php?rest_route=%2Fwp%2Fv2%2Fcomments&post=663"}],"version-history":[{"count":3,"href":"https:\/\/parroquialanatividad.org\/index.php?rest_route=\/wp\/v2\/pages\/663\/revisions"}],"predecessor-version":[{"id":3230,"href":"https:\/\/parroquialanatividad.org\/index.php?rest_route=\/wp\/v2\/pages\/663\/revisions\/3230"}],"wp:attachment":[{"href":"https:\/\/parroquialanatividad.org\/index.php?rest_route=%2Fwp%2Fv2%2Fmedia&parent=663"}],"wp:term":[{"taxonomy":"author","embeddable":true,"href":"https:\/\/parroquialanatividad.org\/index.php?rest_route=%2Fwp%2Fv2%2Fppma_author&post=663"}],"curies":[{"name":"wp","href":"https:\/\/api.w.org\/{rel}","templated":true}]}}