{"id":607,"date":"2024-01-10T18:47:40","date_gmt":"2024-01-10T18:47:40","guid":{"rendered":"https:\/\/parroquialanatividad.org\/?page_id=607"},"modified":"2025-12-13T13:18:00","modified_gmt":"2025-12-13T13:18:00","slug":"lectio-divina-navidad-santa-maria-madre-de-dios-jornada-mundial-de-oracion-por-la-paz","status":"publish","type":"page","link":"https:\/\/parroquialanatividad.org\/?page_id=607","title":{"rendered":"LECTIO DIVINA \u2013 NAVIDAD &#8211; SANTA MAR\u00cdA, MADRE DE DIOS. JORNADA MUNDIAL DE ORACI\u00d3N POR LA PAZ"},"content":{"rendered":"\n<div class=\"wp-block-file alignright\"><a id=\"wp-block-file--media-cb8c123d-d2a7-442a-aa46-0fff0f8d3aad\" href=\"https:\/\/parroquialanatividad.org\/wp-content\/uploads\/2025\/12\/LECTIO-SANTA-MARIA-MADRE-DE-DIOS.pdf\" target=\"_blank\" rel=\"noreferrer noopener\">LECTIO &#8211; SANTA MARIA, MADRE DE DIOS<\/a><a href=\"https:\/\/parroquialanatividad.org\/wp-content\/uploads\/2025\/12\/LECTIO-SANTA-MARIA-MADRE-DE-DIOS.pdf\" class=\"wp-block-file__button wp-element-button\" download aria-describedby=\"wp-block-file--media-cb8c123d-d2a7-442a-aa46-0fff0f8d3aad\">Descargar<\/a><\/div>\n\n\n<h3><strong>Lectura del libro de los N\u00fameros 6, 22-27<\/strong><\/h3>\n<p>El Se\u00f1or habl\u00f3 a Mois\u00e9s:<\/p>\n<p>\u00abDi a Aar\u00f3n y a sus hijos, esta es la f\u00f3rmula con la que bendecir\u00e9is a los hijos de Israel:<\/p>\n<p>\u201cEl Se\u00f1or te bendiga y te proteja, ilumine su rostro sobre ti y te conceda su favor.<\/p>\n<p>El Se\u00f1or te muestre su rostro y te conceda la paz\u201d.<\/p>\n<p>As\u00ed invocar\u00e1n mi nombre sobre los hijos de Israel y yo los bendecir\u00e9\u00bb.<\/p>\n<h3><strong>Salmo 66, 2-3. 5. 6 y 8<\/strong><\/h3>\n<h4><strong>R.\/ Que Dios tenga piedad y nos bendiga.<\/strong><\/h4>\n<p>Que Dios tenga piedad y nos bendiga,<br \/>ilumine su rostro sobre nosotros;<br \/>conozca la tierra tus caminos,<br \/>todos los pueblos tu salvaci\u00f3n. R.\/<\/p>\n<p>Que canten de alegr\u00eda las naciones,<br \/>porque riges el mundo con justicia<br \/>y gobiernas las naciones de la tierra. R.\/<\/p>\n<p>Oh Dios, que te alaben los pueblos,<br \/>que todos los pueblos te alaben.<br \/>Que Dios nos bendiga; que le teman<br \/>todos los confines de la tierra. R.\/<\/p>\n<h3><strong>Lectura de la carta del ap\u00f3stol san Pablo a los G\u00e1latas 4, 4-7<\/strong><\/h3>\n<p>Hermanos:<\/p>\n<p>Cuando lleg\u00f3 la plenitud del tiempo, envi\u00f3 Dios a su Hijo, nacido de mujer, nacido bajo la ley, para rescatar a los que estaban bajo la ley, para que recibi\u00e9ramos la adopci\u00f3n filial.<\/p>\n<p>Como sois hijos, Dios envi\u00f3 a nuestros corazones el Esp\u00edritu de su Hijo, que clama: \u00ab\u00a1\u201cAbba\u201d, Padre!\u00bb. As\u00ed que ya no eres esclavo, sino hijo; y si eres hijo, eres tambi\u00e9n heredero por voluntad de Dios.<\/p>\n<h3><strong>Lectura del santo Evangelio seg\u00fan san Lucas 2, 16-21<\/strong><\/h3>\n<p>En aquel tiempo, los pastores fueron corriendo hacia Bel\u00e9n y encontraron a Mar\u00eda y a Jos\u00e9, y al ni\u00f1o acostado en el pesebre. Al verlo, contaron lo que se les hab\u00eda dicho de aquel ni\u00f1o.<\/p>\n<p>Todos los que lo o\u00edan se admiraban de lo que les hab\u00edan dicho los pastores. Mar\u00eda, por su parte, conservaba todas estas cosas, medit\u00e1ndolas en su coraz\u00f3n.<\/p>\n<p>Y se volvieron los pastores dando gloria y alabanza a Dios por todo lo que hab\u00edan o\u00eddo y visto, conforme a lo que se les hab\u00eda dicho.<\/p>\n<p>Cuando se cumplieron los ocho d\u00edas para circuncidar al ni\u00f1o, le pusieron por nombre Jes\u00fas, como lo hab\u00eda llamado el \u00e1ngel antes de su concepci\u00f3n.<\/p>\n<h3><strong>COMENTARIO<\/strong><\/h3>\n<p>Hoy comienza el a\u00f1o nuevo, es la octava de Navidad, la fiesta de Mar\u00eda, Madre de Dios, y la Jornada Mundial de Oraci\u00f3n por la Paz.<\/p>\n<p>Las lecturas que nos ofrece la liturgia est\u00e1n en consonancia con todo esto, todas hablan de <strong>Bendici\u00f3n: N\u00fameros:<\/strong> expresa el deseo de que Dios proteja a su pueblo. <strong>En G\u00e1latas:<\/strong> la bendici\u00f3n se muestra en el ser hijos, no esclavos, herederos de la casa de Dios. <strong>En el Evangelio:<\/strong> la bendici\u00f3n se hace carne con el nacimiento de Jes\u00fas, abri\u00e9ndonos a la experiencia profunda de Mar\u00eda y a la alegr\u00eda de los pastores.<\/p>\n<p>Acogemos esta abundancia de bendiciones y, como los pastores, glorificamos al Se\u00f1or que sale a nuestro encuentro hecho <strong>Palabra encarnada<\/strong>.<\/p>\n<h3><strong>COMPRENDER EL TEXTO<\/strong><\/h3>\n<p>Toda la liturgia de Navidad es una invitaci\u00f3n a no dejarse envolver por las palabras humanas, sino a detenerse y contemplar el misterio de la Palabra hecha carne, del Hijo de Dios acostado en un pesebre.<\/p>\n<p>Este pasaje de Lucas nos lleva de nuevo al relato de la infancia, es continuaci\u00f3n del que proclamamos en la misa del Gallo. Es un relato contado en 3 escenas: 1) El nacimiento de Jes\u00fas en Bel\u00e9n. 2) El mensaje del \u00e1ngel. 3) La reacci\u00f3n de los pastores.<\/p>\n<p>Lucas nos recuerda que el nacimiento de Jes\u00fas fue un acontecimiento hist\u00f3rico y que tiene un mensaje de fe.<\/p>\n<p>Los protagonistas de esta tercera parte que hoy leemos son los PASTORES, MAR\u00cdA y, sobre todo, JES\u00daS.<\/p>\n<p>Se describe la actitud de los pastores con verbos que expresan acci\u00f3n: se dicen unos a otros, fueron corriendo, encontraron, contaron &#8230; Con estos verbos que denotan movimiento, el evangelista est\u00e1 constatando algo muy importante: la fe es un camino. Lo que se est\u00e1 describiendo es un proceso de encuentro con Jes\u00fas. Lucas pretende que nos identifiquemos con los pastores. De esta forma nos propone dar unos pasos concretos para que lleguemos al descubrimiento de Jes\u00fas despu\u00e9s de haber escuchado el anuncio de la Buena Noticia.<\/p>\n<p>Las etapas de este itinerario son:<\/p>\n<ol>\n<li><strong>B\u00fasqueda<\/strong>,<\/li>\n<li><strong>Hallazgo unido a la experiencia personal y<\/strong><\/li>\n<li><strong>Testimonio<\/strong><\/li>\n<\/ol>\n<p>De este testimonio brota la admiraci\u00f3n en quienes escuchan, y as\u00ed la fe comienza a propagarse.<\/p>\n<p>Empujados por el mensaje del \u201cej\u00e9rcito celestial\u201d, los pastores van a toda prisa a Bel\u00e9n, a ver lo que ha pasado, y encuentran al ni\u00f1o. Su fe sencilla y abierta no pone dificultades para creer el mensaje transmitido. La suya es una fe profunda que se basa en su encuentro con Jes\u00fas. Adem\u00e1s, la experiencia de los pastores es misionera. Comunican lo sucedido y se va extendiendo la reacci\u00f3n de sorpresa y de admiraci\u00f3n ante lo que ha sucedido.<\/p>\n<p>Junto a la fe comunicativa de los pastores, el evangelista presenta a <strong>Mar\u00eda<\/strong>. En muy pocas palabras se expresa su profunda vivencia de lo que sucede con el nacimiento de Jes\u00fas. El evangelista destaca la actitud de Mar\u00eda, de <strong>guardar sus experiencias en el coraz\u00f3n<\/strong>, se repliega hacia su interior para comprender el profundo significado de lo que est\u00e1 viviendo y de lo que le cuentan los pastores. Su actitud ante los acontecimientos y su meditaci\u00f3n interior corresponden a su personalidad de <strong>creyente y de esclava del Se\u00f1or<\/strong>. M\u00e1s tarde se repetir\u00e1 esta actitud de Mar\u00eda ante la p\u00e9rdida de Jes\u00fas en Jerusal\u00e9n, con palabras similares.<\/p>\n<p>Tanto los pastores como Mar\u00eda orientan su acci\u00f3n y su interioridad hacia Jes\u00fas, el ni\u00f1o Dios acostado en el pesebre. El vers\u00edculo 21 habla de su circuncisi\u00f3n y de la imposici\u00f3n del nombre \u201ca los 8 d\u00edas\u201d. De este modo empieza a insertarse en la religi\u00f3n y la cultura jud\u00eda. Y es que la llegada del Mes\u00edas a nuestra historia no fue algo desligado de la realidad humana. Por la circuncisi\u00f3n entra a formar parte de la comunidad de fe israelita (nuestro bautismo). El <strong>nombre<\/strong> que recibe no est\u00e1 puesto al azar, sino que expresa su <strong>misi\u00f3n<\/strong>, y le fue impuesto, seg\u00fan el relato de la anunciaci\u00f3n por el mismo Dios: Jes\u00fas = Dios salva. Este es el designio que Dios tiene para el Hijo de Mar\u00eda.<\/p>\n<p>Acerqu\u00e9monos, en este primer d\u00eda del a\u00f1o a Jes\u00fas, el hijo de Mar\u00eda y de Jos\u00e9, el Hijo de Dios acostado en un pesebre. Los pastores y Mar\u00eda son propuestos como modelos de una fe din\u00e1mica, que arraiga en lo m\u00e1s profundo del coraz\u00f3n humano. Ellos nos inspiran la manera de encontrarnos y de acogerle, porque \u00e9l es el salvador del mundo y s\u00f3lo con \u00e9l nuestra tierra tendr\u00e1 paz.<\/p>\n<h3><strong>MEDITAMOS Y ACTUALIZAMOS<\/strong><\/h3>\n<p>El primer d\u00eda del a\u00f1o se inicia con la mejor de las noticias: Dios nos ha bendecido para siempre en Jesucristo. Adem\u00e1s, en Mar\u00eda y en los pastores se nos ofrecen modelos de actitudes, formas de acoger y expresar en la vida la bendici\u00f3n de Dios de modo que alcancen a todo el mundo. Reflexionamos sobre el modo de actualizar este evangelio en nuestra realidad cotidiana.<\/p>\n<ol>\n<li><strong>El evangelio de hoy nos presenta la actitud misionera de los pastores y la de la profunda reflexi\u00f3n de Mar\u00eda:<\/strong><\/li>\n<\/ol>\n<p>\u00bfC\u00f3mo son modelos concretos para nuestra vida de fe?<\/p>\n<ol start=\"2\">\n<li><strong>El pasaje tiene elementos que afectan a nuestro compromiso cristiano:<\/strong><\/li>\n<\/ol>\n<p>\u00bfCu\u00e1les son esos elementos? \u00bfC\u00f3mo nos comprometen?<\/p>\n<ol start=\"3\">\n<li><strong>En nuestro mundo:<\/strong><\/li>\n<\/ol>\n<p>\u00bfQu\u00e9 esperanzas concretas crees que trae Jes\u00fas a los hombres y mujeres de nuestro tiempo?<\/p>","protected":false},"excerpt":{"rendered":"<p>Lectura del libro de los N\u00fameros 6, 22-27 El Se\u00f1or habl\u00f3 a Mois\u00e9s: \u00abDi a Aar\u00f3n y a sus hijos, esta es la f\u00f3rmula con la que bendecir\u00e9is a los hijos de Israel: \u201cEl Se\u00f1or te bendiga y te proteja, ilumine su rostro sobre ti y te conceda su favor. El Se\u00f1or te muestre su &hellip; <\/p>\n<p class=\"link-more\"><a href=\"https:\/\/parroquialanatividad.org\/?page_id=607\" class=\"more-link\">Continuar leyendo<span class=\"screen-reader-text\"> \u00abLECTIO DIVINA \u2013 NAVIDAD &#8211; SANTA MAR\u00cdA, MADRE DE DIOS. JORNADA MUNDIAL DE ORACI\u00d3N POR LA PAZ\u00bb<\/span><\/a><\/p>\n","protected":false},"author":3,"featured_media":0,"parent":0,"menu_order":0,"comment_status":"closed","ping_status":"closed","template":"","meta":{"footnotes":""},"ppma_author":[52],"class_list":["post-607","page","type-page","status-publish","hentry"],"post_mailing_queue_ids":[],"_links":{"self":[{"href":"https:\/\/parroquialanatividad.org\/index.php?rest_route=\/wp\/v2\/pages\/607"}],"collection":[{"href":"https:\/\/parroquialanatividad.org\/index.php?rest_route=\/wp\/v2\/pages"}],"about":[{"href":"https:\/\/parroquialanatividad.org\/index.php?rest_route=\/wp\/v2\/types\/page"}],"author":[{"embeddable":true,"href":"https:\/\/parroquialanatividad.org\/index.php?rest_route=\/wp\/v2\/users\/3"}],"replies":[{"embeddable":true,"href":"https:\/\/parroquialanatividad.org\/index.php?rest_route=%2Fwp%2Fv2%2Fcomments&post=607"}],"version-history":[{"count":10,"href":"https:\/\/parroquialanatividad.org\/index.php?rest_route=\/wp\/v2\/pages\/607\/revisions"}],"predecessor-version":[{"id":3149,"href":"https:\/\/parroquialanatividad.org\/index.php?rest_route=\/wp\/v2\/pages\/607\/revisions\/3149"}],"wp:attachment":[{"href":"https:\/\/parroquialanatividad.org\/index.php?rest_route=%2Fwp%2Fv2%2Fmedia&parent=607"}],"wp:term":[{"taxonomy":"author","embeddable":true,"href":"https:\/\/parroquialanatividad.org\/index.php?rest_route=%2Fwp%2Fv2%2Fppma_author&post=607"}],"curies":[{"name":"wp","href":"https:\/\/api.w.org\/{rel}","templated":true}]}}