{"id":503,"date":"2024-01-08T12:09:51","date_gmt":"2024-01-08T12:09:51","guid":{"rendered":"https:\/\/parroquialanatividad.org\/?page_id=503"},"modified":"2025-12-10T12:48:55","modified_gmt":"2025-12-10T12:48:55","slug":"lectio-ciclo-a-adviento-domingo-iii","status":"publish","type":"page","link":"https:\/\/parroquialanatividad.org\/?page_id=503","title":{"rendered":"LECTIO DIVINA \u2013 CICLO A \u2013 ADVIENTO DOMINGO III"},"content":{"rendered":"\n<div class=\"wp-block-file alignright\"><a id=\"wp-block-file--media-9051e590-494a-4aa0-a405-0479e5594f80\" href=\"https:\/\/parroquialanatividad.org\/wp-content\/uploads\/2025\/11\/LECTIO-CICLO-A-ADVIENTO-3-.pdf\" target=\"_blank\" rel=\"noreferrer noopener\">LECTIO &#8211; CICLO A &#8211; ADVIENTO 3<\/a><a href=\"https:\/\/parroquialanatividad.org\/wp-content\/uploads\/2025\/11\/LECTIO-CICLO-A-ADVIENTO-3-.pdf\" class=\"wp-block-file__button wp-element-button\" download aria-describedby=\"wp-block-file--media-9051e590-494a-4aa0-a405-0479e5594f80\">Descargar<\/a><\/div>\n\n\n<h3><strong>Lectura del libro de Isa\u00edas 35, 1-6a. 10<\/strong><\/h3>\n<p>El desierto y el yermo se regocijar\u00e1n, se alegrar\u00e1 la estepa y florecer\u00e1, germinar\u00e1 y florecer\u00e1 como flor de narciso, festejar\u00e1 con gozo y cantos de j\u00fabilo.<\/p>\n<p>Le ha sido dada la gloria del L\u00edbano, el esplendor del Carmelo y del Sar\u00f3n.<\/p>\n<p>Contemplar\u00e1n la gloria del Se\u00f1or, la majestad de nuestro Dios.<\/p>\n<p>Fortaleced las manos d\u00e9biles, afianzad las rodillas vacilantes; decid a los inquietos: \u00abSed fuertes, no tem\u00e1is.<\/p>\n<p>\u00a1He aqu\u00ed vuestro Dios! Llega el desquite, la retribuci\u00f3n de Dios. Viene en persona y os salvar\u00e1\u00bb.<\/p>\n<p>Entonces se despegar\u00e1n los ojos de los ciegos, los o\u00eddos de los sordos se abrir\u00e1n; entonces saltar\u00e1 el cojo como un ciervo.<\/p>\n<p>Retornan los rescatados del Se\u00f1or. Llegar\u00e1n a Si\u00f3n con cantos de j\u00fabilo: alegr\u00eda sin l\u00edmite en sus rostros.<\/p>\n<p>Los dominan el gozo y la alegr\u00eda.<\/p>\n<p>Quedan atr\u00e1s la pena y la aflicci\u00f3n.<\/p>\n<h3><strong>Salmo 145, 6c-7. 8-9a. 9bc-10<\/strong><\/h3>\n<h4><strong>R.\/ Ven, Se\u00f1or, a salvarnos.<\/strong><\/h4>\n<p>El Se\u00f1or mantiene su fidelidad perpetuamente,<br \/>hace justicia a los oprimidos,<br \/>da pan a los hambrientos.<br \/>El Se\u00f1or liberta a los cautivos. R.\/<\/p>\n<p>El Se\u00f1or abre los ojos al ciego,<br \/>el Se\u00f1or endereza a los que ya se doblan,<br \/>el Se\u00f1or ama a los justos,<br \/>el Se\u00f1or guarda a los peregrinos. R.\/<\/p>\n<p>Sustenta al hu\u00e9rfano y a la viuda<br \/>y trastorna el camino de los malvados.<br \/>El Se\u00f1or reina eternamente,<br \/>tu Dios, Si\u00f3n, de edad en edad. R.\/<\/p>\n<h3><strong>Lectura de la carta del ap\u00f3stol Santiago 5,7-10<\/strong><\/h3>\n<p>Hermanos, esperad con paciencia hasta la venida del Se\u00f1or.<\/p>\n<p>Mirad: el labrador aguarda el fruto precioso de la tierra, esperando con paciencia hasta que recibe la lluvia temprana y la tard\u00eda.<\/p>\n<p>Esperad con paciencia tambi\u00e9n vosotros, y fortaleced vuestros corazones, porque la venida del Se\u00f1or est\u00e1 cerca.<\/p>\n<p>Hermanos, no os quej\u00e9is los unos de los otros, para que no se\u00e1is condenados; mirad: el juez est\u00e1 ya a las puertas.<\/p>\n<p>Hermanos, tomad como modelo de resistencia y de paciencia a los profetas que hablaron en nombre del Se\u00f1or.<\/p>\n<h3><strong>Lectura del santo Evangelio seg\u00fan san Mateo 11, 2-11<\/strong><\/h3>\n<p>En aquel tiempo, Juan, que hab\u00eda o\u00eddo en la c\u00e1rcel las obras del Mes\u00edas, mand\u00f3 a sus disc\u00edpulos a preguntarle.<\/p>\n<p>\u00ab\u00bfEres t\u00fa el que ha de venir o tenemos que esperar a otro?\u00bb.<\/p>\n<p>Jes\u00fas les respondi\u00f3:<\/p>\n<p>\u00abId a anunciar a Juan lo que est\u00e1is viendo y oyendo: los ciegos ven y los cojos andan; los leprosos quedan limpios y los sordos oyen; los muertos resucitan y los pobres son evangelizados. \u00a1Y bienaventurado el que no se escandalice de m\u00ed!\u00bb.<\/p>\n<p>Al irse ellos, Jes\u00fas se puso a hablar a la gente sobre Juan:<\/p>\n<p>\u00ab\u00bfQu\u00e9 salisteis a contemplar en el desierto, una ca\u00f1a sacudida por el viento? \u00bfO qu\u00e9 salisteis a ver, un hombre vestido con lujo? Mirad, los que visten con lujo habitan en los palacios. Entonces, \u00bfa qu\u00e9 salisteis?, \u00bfa ver a un profeta?<\/p>\n<p>S\u00ed, os digo, y m\u00e1s que profeta. Este es de quien est\u00e1 escrito:<\/p>\n<p>\u201cYo env\u00edo mi mensajero delante de ti, el cual preparar\u00e1 tu camino ante ti\u201d.<\/p>\n<p>En verdad os digo que no ha nacido de mujer uno m\u00e1s grande que Juan el Bautista; aunque el m\u00e1s peque\u00f1o en el reino de los cielos es m\u00e1s grande que \u00e9l\u00bb.<\/p>\n<h3><strong>COMENTARIO<\/strong><\/h3>\n<p>Hoy, el salmista nos invita a alabar con alegr\u00eda y j\u00fabilo a un Dios que es fiel a su Palabra. Esta fidelidad se concreta en su predilecci\u00f3n por los desfavorecidos y oprimidos. Es \u00e9ste el rostro divino que revela Jes\u00fas con sus acciones, en consonancia con la tradici\u00f3n prof\u00e9tica que nos muestra Isa\u00edas. La gloria y el esplendor de Dios se manifiestan mediante acciones inauditas. Ante ese Dios que viene, como nos muestra Santiago, vale la pena ser perseverante y disponerse a acogerlo en estas pr\u00f3ximas fiestas.<\/p>\n<h3><strong>\u00a0<\/strong><strong>COMPRENDER EL TEXTO<\/strong><\/h3>\n<p><strong><u>Isa\u00edas 35,1-6a.10<\/u><\/strong><\/p>\n<p>Los que tienen miedo, los que est\u00e1n tristes, los que pierden la esperanza, que lean estos vers\u00edculos prof\u00e9ticos. Anuncia la venida de Dios \u2013viene en persona-. Regocijo, gozo, alegr\u00eda perpetua, que ahuyentan la pena y la aflicci\u00f3n. Belleza, gloria y vida hasta el p\u00e1ramo y la estepa. Fortaleza, no tem\u00e1is, por muy cobardes que os sint\u00e1is. Salud para el ciego, el sordo, el paral\u00edtico, el mudo. Libertad para los desterrados, Dios trae el desquite. <strong>Son las maravillas del amor de Dios. <\/strong><\/p>\n<p>El profeta anuncia de nuevo la salvaci\u00f3n en la paradoja: El Se\u00f1or anuncia el fortalecimiento de las rodillas vacilantes y de las manos d\u00e9biles que no valen para la guerra. La fuerza del pueblo no est\u00e1 en la fuerza de los guerreros sino en la <strong>esperanza y la confianza en Dios<\/strong>. Desierto, yermo, p\u00e1ramo, estepa; im\u00e1genes de esterilidad y de abrasamiento, son transformados por Dios en caminos de esperanza, de florecimiento en paz y gozo&#8230; El Dios de Israel salva, pero sus caminos no son los de los imperios al estilo del de Babilonia.<\/p>\n<p><strong><u>Santiago 5,7-10<\/u><\/strong><\/p>\n<p>Se anunci\u00f3 la venida del Se\u00f1or, y el Se\u00f1or vino en persona. Despu\u00e9s el Se\u00f1or march\u00f3, y se anuncia otra vez su venida \u2013la venida del Se\u00f1or est\u00e1 cerca-, pero tardaba en volver. Los d\u00edas y los a\u00f1os pasaban y todo segu\u00eda igual.<\/p>\n<p>Ante esta duda y el nerviosismo de las primeras generaciones cristianas, los ap\u00f3stoles aconsejan paciencia, como la de los labradores, como la de los profetas.<\/p>\n<p><strong><u>Mateo 11,2-11<\/u><\/strong><\/p>\n<p>Juan es profeta y m\u00e1s que profeta. Escogido para abrir caminos al Mes\u00edas y presentado al pueblo. Ahora est\u00e1 en la c\u00e1rcel por su denuncia de la injusticia.<\/p>\n<p>Pero lo que m\u00e1s le desequilibra no es la falta de libertad, sino la falta de luz <strong>[<em>Eres T\u00fa el que ha de venir o tenemos que esperar a otro<\/em>] <\/strong>\u00bfQu\u00e9 pasa con el Mes\u00edas? \u00bfEn qu\u00e9 se nota su presencia? \u00bfPor qu\u00e9 permite la injusticia? <strong>\u00bfNo iba a venir con hacha y con fuego? \u00bfNo quemar\u00eda la paja y la escoria?<\/strong><\/p>\n<p>Jes\u00fas alaba a Juan y le ofrece como\u00a0<strong>respuesta signos liberadores<\/strong>: los ciegos ven, y los inv\u00e1lidos andan; los leprosos quedan limpios, y los sordos oyen; los muertos resucitan y a los pobres se les anuncia el Evangelio. <strong>Y dichoso el que no se escandalice de m\u00ed&#8230; \u201c<em>YO ENVIO MI MENSAJERO delante de ti, para que PREPARE EL CAMINO<\/em>\u201d<\/strong>.<\/p>\n<p><strong><u>Signos mesi\u00e1nicos<\/u><\/strong><\/p>\n<p><strong>Alegr\u00eda (no una alegr\u00eda que se compra sino la alegr\u00eda profunda que surge del interior, de saberse amado y correspondido, aceptado, valorado, perdonado y de tener alguien a quien amar&#8230;), libertad, salud, salvaci\u00f3n, gozo, vida&#8230;<\/strong>\u00a0Cuando llega el Mes\u00edas, los signos florecen a su paso. Pero no son hechos apabullantes, se presentan envueltos y adornados con la humildad y la sencillez. Son semillas, no espect\u00e1culos. Son signos muy humanos.<\/p>\n<p>Juan Bautista y el pueblo esperaban un Mes\u00edas con poder y con gloria, al estilo que presentaba el diablo en el desierto. Los mismos ap\u00f3stoles pensaban as\u00ed, y segu\u00edan a Jes\u00fas esperando buenas recompensas pol\u00edticas y econ\u00f3micas.<\/p>\n<p>Los signos mesi\u00e1nicos con los que anunciaba Isa\u00edas y los que escogi\u00f3 Jes\u00fas para responder a Juan: Todos est\u00e1n relacionados con el amor y la misericordia. Ven\u00edan con colirio para los ojos, con aceite para las heridas, con pan y vino para los hambrientos, con llaves para abrir las c\u00e1rceles y los infiernos. Ven\u00edan con la paz y el amor. Ven\u00edan con cantos para los tristes y luz para los deprimidos. Con buenas espaldas para cargar con los pecados de todos. Esos son los milagros del amor misericordioso y liberador.<\/p>\n<p>Y estos son los signos que ha de seguir actualizando la Iglesia y todas las comunidades cristianas, todos los creyentes en Jes\u00fas. Salgamos de los despachos y sacrist\u00edas, de nuestras comodidades y seguridades, de nuestros prejuicios e intolerancias, de nuestro quedarnos en el pasado.<\/p>\n<p><strong><u>La gran novedad de Jes\u00fas<\/u><\/strong><\/p>\n<p>La gran novedad de Jes\u00fas es, desde donde anuncia el Reino de Dios y act\u00faa. Provoca entusiasmos entre los sencillos y los pobres, y provoca malestar entre los escribas, fariseos, sacerdotes&#8230; La opci\u00f3n por los excluidos y marginados es el distintivo de su misi\u00f3n.<\/p>\n<p>El problema de hoy no consiste en demostrar la existencia de Dios, sino en mostrar d\u00f3nde podemos encontrarnos con Dios, d\u00f3nde buscarle, desde d\u00f3nde Dios se nos acerca, se nos revela, nos ama, nos ilumina. Jes\u00fas nos dice que Dios hace todo eso desde los pobres, por tanto, ah\u00ed hay que buscarle. Si queremos ser cre\u00edbles, debemos revisar desde donde vivimos y se anuncia el Evangelio. Jes\u00fas encarnado viene a llamar a todos, pero llama a los ricos desde los pobres, no al rev\u00e9s. Como ser\u00eda normal en nuestro mundo.<\/p>\n<h3><strong>ACTUALIZAMOS<\/strong><\/h3>\n<p>El evangelio de hoy nos ha puesto de nuevo en contacto con Juan, uno de los grandes personajes del Adviento. Su vida y misi\u00f3n est\u00e1n en funci\u00f3n de Jes\u00fas, del anuncio de su inminente llegada. La meditaci\u00f3n de este evangelio ha de iluminar tambi\u00e9n nuestra misi\u00f3n a favor del Reino<\/p>\n<ol>\n<li><strong><em>\u201c<\/em><\/strong><strong><em>Los ciegos ven y los cojos andan; los leprosos quedan limpios y los sordos oyen; los muertos resucitan y los pobres son evangelizados<\/em><\/strong><strong><em>\u201d: <\/em><\/strong><\/li>\n<\/ol>\n<p>\u00bfC\u00f3mo estamos llamados los cristianos y la iglesia a realizar esta misma misi\u00f3n hoy?<\/p>\n<ol start=\"2\">\n<li><strong>\u201c<em>Yo env\u00edo mi mensajero delante de ti, el cual preparar\u00e1 tu camino ante ti<\/em>\u201d:<\/strong><\/li>\n<\/ol>\n<p>\u00bfC\u00f3mo puedo yo preparar el camino al Se\u00f1or en este Adviento para que llegue a otros de mi entorno?<\/p>\n<ol start=\"3\">\n<li><strong>\u201c<em>\u00bfEres t\u00fa el que ha de venir&#8230;? <\/em>\u201d<\/strong><\/li>\n<\/ol>\n<p>\u00bfD\u00f3nde busco respuesta a mis esperanzas? \u00bfQu\u00e9 espero en este momento de mi vida? \u00bfResponde Jes\u00fas a mis esperanzas?<\/p>","protected":false},"excerpt":{"rendered":"<p>Lectura del libro de Isa\u00edas 35, 1-6a. 10 El desierto y el yermo se regocijar\u00e1n, se alegrar\u00e1 la estepa y florecer\u00e1, germinar\u00e1 y florecer\u00e1 como flor de narciso, festejar\u00e1 con gozo y cantos de j\u00fabilo. Le ha sido dada la gloria del L\u00edbano, el esplendor del Carmelo y del Sar\u00f3n. Contemplar\u00e1n la gloria del Se\u00f1or, &hellip; <\/p>\n<p class=\"link-more\"><a href=\"https:\/\/parroquialanatividad.org\/?page_id=503\" class=\"more-link\">Continuar leyendo<span class=\"screen-reader-text\"> \u00abLECTIO DIVINA \u2013 CICLO A \u2013 ADVIENTO DOMINGO III\u00bb<\/span><\/a><\/p>\n","protected":false},"author":3,"featured_media":0,"parent":0,"menu_order":0,"comment_status":"closed","ping_status":"closed","template":"","meta":{"footnotes":""},"ppma_author":[52],"class_list":["post-503","page","type-page","status-publish","hentry"],"post_mailing_queue_ids":[],"_links":{"self":[{"href":"https:\/\/parroquialanatividad.org\/index.php?rest_route=\/wp\/v2\/pages\/503"}],"collection":[{"href":"https:\/\/parroquialanatividad.org\/index.php?rest_route=\/wp\/v2\/pages"}],"about":[{"href":"https:\/\/parroquialanatividad.org\/index.php?rest_route=\/wp\/v2\/types\/page"}],"author":[{"embeddable":true,"href":"https:\/\/parroquialanatividad.org\/index.php?rest_route=\/wp\/v2\/users\/3"}],"replies":[{"embeddable":true,"href":"https:\/\/parroquialanatividad.org\/index.php?rest_route=%2Fwp%2Fv2%2Fcomments&post=503"}],"version-history":[{"count":15,"href":"https:\/\/parroquialanatividad.org\/index.php?rest_route=\/wp\/v2\/pages\/503\/revisions"}],"predecessor-version":[{"id":3139,"href":"https:\/\/parroquialanatividad.org\/index.php?rest_route=\/wp\/v2\/pages\/503\/revisions\/3139"}],"wp:attachment":[{"href":"https:\/\/parroquialanatividad.org\/index.php?rest_route=%2Fwp%2Fv2%2Fmedia&parent=503"}],"wp:term":[{"taxonomy":"author","embeddable":true,"href":"https:\/\/parroquialanatividad.org\/index.php?rest_route=%2Fwp%2Fv2%2Fppma_author&post=503"}],"curies":[{"name":"wp","href":"https:\/\/api.w.org\/{rel}","templated":true}]}}