{"id":316,"date":"2023-12-17T10:40:10","date_gmt":"2023-12-17T10:40:10","guid":{"rendered":"https:\/\/parroquialanatividad.org\/?page_id=316"},"modified":"2025-01-01T18:44:11","modified_gmt":"2025-01-01T18:44:11","slug":"lectio","status":"publish","type":"page","link":"https:\/\/parroquialanatividad.org\/?page_id=316","title":{"rendered":"Lectio Divina"},"content":{"rendered":"<h3><strong>CICLO A<\/strong><\/h3>\n<p><strong><a href=\"https:\/\/parroquialanatividad.org\/?page_id=181\" target=\"_blank\" rel=\"noopener\"><img loading=\"lazy\" decoding=\"async\" class=\"size-medium wp-image-1401 alignleft\" src=\"https:\/\/parroquialanatividad.org\/wp-content\/uploads\/2024\/11\/Saint._Matthew_Evangelist-198x300.jpg\" alt=\"\" width=\"198\" height=\"300\" srcset=\"https:\/\/parroquialanatividad.org\/wp-content\/uploads\/2024\/11\/Saint._Matthew_Evangelist-198x300.jpg 198w, https:\/\/parroquialanatividad.org\/wp-content\/uploads\/2024\/11\/Saint._Matthew_Evangelist.jpg 317w\" sizes=\"(max-width: 198px) 100vw, 198px\" \/><\/a>El evangelio seg\u00fan san Mateo<\/strong> fue el m\u00e1s citado y comentado en los primeros siglos de la Iglesia. [\u2026] Es, pues, un evangelio profundamente enraizado en la vida de la Iglesia, y por esta raz\u00f3n ocupa, desde muy antiguo, el primer lugar entre los libros del Nuevo Testamento.<\/p>\n<p>Los motivos de esta amplia difusi\u00f3n son variados. Por un lado la claridad y el orden, que hacen de este evangelio un excelente instrumento catequ\u00e9tico. Por otro, su postura conciliadora, que trataba de buscar un punto de encuentro entre diversas formas de interpretar y vivir la fe en Jes\u00fas. Finalmente, su vinculaci\u00f3n a la tradici\u00f3n de Pedro, que fue la m\u00e1s extendida en el cristianismo naciente, hizo que fuera el evangelio m\u00e1s le\u00eddo en muchas comunidades.<\/p>\n<p>Su mensaje sigue siendo v\u00e1lido para los cristianos de todos los tiempos, porque a trav\u00e9s de \u00e9l encontramos a Jes\u00fas y su buena noticia. Por eso merece la pena volver a leer despacio sus relatos, par\u00e1bolas y ense\u00f1anzas.<\/p>\n<p style=\"text-align: right;\"><em>(Comentario al Nuevo Testamento, La Casa de la Biblia)<\/em><\/p>\n\n\n<div class=\"wp-block-buttons is-layout-flex wp-block-buttons-is-layout-flex\">\n<div class=\"wp-block-button\"><a class=\"wp-block-button__link has-white-color has-black-background-color has-text-color has-background has-link-color wp-element-button\" href=\"https:\/\/parroquialanatividad.org\/?page_id=181\" target=\"_blank\" rel=\"noreferrer noopener\">Leer Domingos del Ciclo A<\/a><\/div>\n<\/div>\n\n\n<p><!-- \/wp:button --><\/p>\n<h3><strong>CICLO B<\/strong><\/h3>\n<p><strong><img loading=\"lazy\" decoding=\"async\" class=\"size-medium wp-image-1402 alignleft\" src=\"https:\/\/parroquialanatividad.org\/wp-content\/uploads\/2024\/11\/Saint_Mark_the_Evangelist-240x300.jpg\" alt=\"\" width=\"240\" height=\"300\" srcset=\"https:\/\/parroquialanatividad.org\/wp-content\/uploads\/2024\/11\/Saint_Mark_the_Evangelist-240x300.jpg 240w, https:\/\/parroquialanatividad.org\/wp-content\/uploads\/2024\/11\/Saint_Mark_the_Evangelist.jpg 384w\" sizes=\"(max-width: 240px) 100vw, 240px\" \/>Evangelio seg\u00fan san Marcos.<\/strong><\/p>\n<p>Con un vocabulario pobre y un estilo sencillo, lleno de repeticiones y esquematismos, el autor manifiesta parad\u00f3jicamente unas dotes extraordinarias de narrador y compositor. Todas sus p\u00e1ginas respiran viveza y realismo, y la sucesi\u00f3n de cada relato responde a un plan bien preciso, sabiamente concebido y perfectamente logrado. Es un autor que, si escribe mal, sabe componer bien.<\/p>\n<p>El principio fundamental que unifica y organiza toda la obra es un principio de car\u00e1cter teol\u00f3gico: la revelaci\u00f3n de la identidad de Jes\u00fas. Tal como queda insinuado en su primera frase, el evangelista se propone mostrar, de una manera progresiva, que Jes\u00fas es realmente el Mes\u00edas esperado, pero que su mesianismo, en contra de las esperanzas del momento, es el mesianismo sufriente del Hijo de Dios.<\/p>\n<p style=\"text-align: right;\"><em>(Comentario al Nuevo Testamento, La Casa de la Biblia)<\/em><\/p>\n<p><!-- \/wp:button --><\/p>\n<div class=\"wp-block-button\"><a class=\"wp-block-button__link has-white-color has-black-background-color has-text-color has-background has-link-color wp-element-button\" href=\"https:\/\/parroquialanatividad.org\/?page_id=182\" target=\"_blank\" rel=\"noreferrer noopener\">Leer Domingos del Ciclo B<\/a><\/div>\n<p><!-- \/wp:button --><\/p>\n<p><!-- \/wp:button --><\/p>\n<h3><strong>CICLO C<\/strong><\/h3>\n<p><strong><img loading=\"lazy\" decoding=\"async\" class=\"size-medium wp-image-1396 alignleft\" src=\"https:\/\/parroquialanatividad.org\/wp-content\/uploads\/2024\/11\/Saint_Luke_the_Evangelist_-_icon-257x300.jpeg\" alt=\"\" width=\"257\" height=\"300\" srcset=\"https:\/\/parroquialanatividad.org\/wp-content\/uploads\/2024\/11\/Saint_Luke_the_Evangelist_-_icon-257x300.jpeg 257w, https:\/\/parroquialanatividad.org\/wp-content\/uploads\/2024\/11\/Saint_Luke_the_Evangelist_-_icon.jpeg 616w\" sizes=\"(max-width: 257px) 100vw, 257px\" \/>Evangelio seg\u00fan San Lucas.<\/strong><\/p>\n<p><span style=\"font-size: revert;\">Lucas es el \u00fanico de los cuatro evangelios que inicia su obra con un pr\u00f3logo (Lc 1,1-4). En ese texto nos revela algo de lo que ha sido su m\u00e9todo de trabajo.\u00a0 En el origen de todo evangelio est\u00e1n los \u201cacontecimientos\u201d de Jes\u00fas (Lc 1,1), <\/span><em style=\"font-size: revert;\">lo sucedido desde el principio <\/em><span style=\"font-size: revert;\">(Lc 1,3). Todos estos hechos fueron vividos por los <\/span><em style=\"font-size: revert;\">testigos oculares<\/em><span style=\"font-size: revert;\"> (Lc 1,2), que despu\u00e9s de la resurrecci\u00f3n de Jes\u00fas y el env\u00edo del Esp\u00edritu se transformaron en <\/span><em style=\"font-size: revert;\">ministros de la palabra<\/em><span style=\"font-size: revert;\"> (Lc 1,2). [\u2026]<\/span><\/p>\n<p>Nos encontramos en \u00e9l con el evangelio de la infancia (que es pr\u00e1cticamente independiente del de Mateo), algunos milagros (la resurrecci\u00f3n del hijo de la viuda de Na\u00edn, la curaci\u00f3n de diez leprosos, etc.), muchas par\u00e1bolas (el buen samaritano, el hijo pr\u00f3digo, el rico y L\u00e1zaro, el fariseo y el publicano, etc.) y dos narraciones importantes (Zaqueo y los disc\u00edpulos de Ema\u00fas). En estas tradiciones propias destacan temas muy cercanos a la teolog\u00eda lucana (misericordia, pobreza y riqueza, oraci\u00f3n y universalismo), y \u00e9ste debe haber sido el motivo por el que Lucas las ha tomado de la tradici\u00f3n oral y las ha incorporado a su evangelio.<\/p>\n<p>Lucas ha reunido todas estas tradiciones, como \u00e9l dice en el pr\u00f3logo, siguiendo una <em>exposici\u00f3n ordenada<\/em> (Lc 1,3). Es decir, su evangelio no es una simple acumulaci\u00f3n de dichos y hechos de Jes\u00fas, sino que, mediante una estructura sabiamente calculada, busca presentar la predicaci\u00f3n eclesial sobre Jes\u00fas de la manera mas convincente para llegar a \u201ccomprender la autenticidad de la ense\u00f1anza\u201d (Lc 1,4) que recibieron los creyentes de su comunidad.<\/p>\n<p style=\"text-align: right;\"><em>(Comentario al Nuevo Testamento, La Casa de la Biblia)<\/em><\/p>\n<p><!-- wp:buttons --><\/p>\n<div class=\"wp-block-buttons\"><!-- wp:button {\"backgroundColor\":\"black\",\"textColor\":\"white\",\"style\":{\"elements\":{\"link\":{\"color\":{\"text\":\"var:preset|color|white\"}}}}} -->\n<div class=\"wp-block-button\"><a class=\"wp-block-button__link has-white-color has-black-background-color has-text-color has-background has-link-color wp-element-button\" href=\"https:\/\/parroquialanatividad.org\/?page_id=1389\" target=\"_blank\" rel=\"noreferrer noopener\">Leer Domingos del Ciclo C<\/a><\/div>\n<p><!-- \/wp:button --><\/p>\n<\/div>\n<p><!-- \/wp:buttons --><\/p>\n<p><!-- wp:paragraph --><\/p>\n<p><!-- \/wp:paragraph --><\/p>","protected":false},"excerpt":{"rendered":"<p>CICLO A El evangelio seg\u00fan san Mateo fue el m\u00e1s citado y comentado en los primeros siglos de la Iglesia. [\u2026] Es, pues, un evangelio profundamente enraizado en la vida de la Iglesia, y por esta raz\u00f3n ocupa, desde muy antiguo, el primer lugar entre los libros del Nuevo Testamento. Los motivos de esta amplia &hellip; <\/p>\n<p class=\"link-more\"><a href=\"https:\/\/parroquialanatividad.org\/?page_id=316\" class=\"more-link\">Continuar leyendo<span class=\"screen-reader-text\"> \u00abLectio Divina\u00bb<\/span><\/a><\/p>\n","protected":false},"author":1,"featured_media":0,"parent":0,"menu_order":0,"comment_status":"closed","ping_status":"closed","template":"","meta":{"footnotes":""},"ppma_author":[8],"class_list":["post-316","page","type-page","status-publish","hentry"],"post_mailing_queue_ids":[],"_links":{"self":[{"href":"https:\/\/parroquialanatividad.org\/index.php?rest_route=\/wp\/v2\/pages\/316"}],"collection":[{"href":"https:\/\/parroquialanatividad.org\/index.php?rest_route=\/wp\/v2\/pages"}],"about":[{"href":"https:\/\/parroquialanatividad.org\/index.php?rest_route=\/wp\/v2\/types\/page"}],"author":[{"embeddable":true,"href":"https:\/\/parroquialanatividad.org\/index.php?rest_route=\/wp\/v2\/users\/1"}],"replies":[{"embeddable":true,"href":"https:\/\/parroquialanatividad.org\/index.php?rest_route=%2Fwp%2Fv2%2Fcomments&post=316"}],"version-history":[{"count":22,"href":"https:\/\/parroquialanatividad.org\/index.php?rest_route=\/wp\/v2\/pages\/316\/revisions"}],"predecessor-version":[{"id":1683,"href":"https:\/\/parroquialanatividad.org\/index.php?rest_route=\/wp\/v2\/pages\/316\/revisions\/1683"}],"wp:attachment":[{"href":"https:\/\/parroquialanatividad.org\/index.php?rest_route=%2Fwp%2Fv2%2Fmedia&parent=316"}],"wp:term":[{"taxonomy":"author","embeddable":true,"href":"https:\/\/parroquialanatividad.org\/index.php?rest_route=%2Fwp%2Fv2%2Fppma_author&post=316"}],"curies":[{"name":"wp","href":"https:\/\/api.w.org\/{rel}","templated":true}]}}