{"id":2341,"date":"2025-06-11T18:32:20","date_gmt":"2025-06-11T18:32:20","guid":{"rendered":"https:\/\/parroquialanatividad.org\/?page_id=2341"},"modified":"2025-06-11T18:32:20","modified_gmt":"2025-06-11T18:32:20","slug":"lectio-divina-ciclo-c-tiempo-ordinario-domingo-xi-santisima-trinidad","status":"publish","type":"page","link":"https:\/\/parroquialanatividad.org\/?page_id=2341","title":{"rendered":"LECTIO DIVINA &#8211; CICLO C &#8211; TIEMPO ORDINARIO DOMINGO XI \u00abSANT\u00cdSIMA TRINIDAD\u00bb"},"content":{"rendered":"\n<div class=\"wp-block-file alignright\"><a id=\"wp-block-file--media-6b19843c-441a-4eab-8ac1-35ef33944c45\" href=\"https:\/\/parroquialanatividad.org\/wp-content\/uploads\/2025\/06\/LECTIO-CICLO-C-TIEMPO-ORDINARIO-11-SANTISIMA-TRINIDAD.pdf\" target=\"_blank\" rel=\"noreferrer noopener\">LECTIO &#8211; CICLO C &#8211; TIEMPO ORDINARIO 11 &#8211; SANT\u00cdSIMA TRINIDAD<\/a><a href=\"https:\/\/parroquialanatividad.org\/wp-content\/uploads\/2025\/06\/LECTIO-CICLO-C-TIEMPO-ORDINARIO-11-SANTISIMA-TRINIDAD.pdf\" class=\"wp-block-file__button wp-element-button\" download aria-describedby=\"wp-block-file--media-6b19843c-441a-4eab-8ac1-35ef33944c45\">Descargar<\/a><\/div>\n\n\n<h3><strong>Lectura del libro de los Proverbios 8, 22-31<\/strong><\/h3>\n<p>Esto dice la Sabidur\u00eda de Dios:<\/p>\n<p>\u00abEl Se\u00f1or me cre\u00f3 al principio de sus tareas, al comienzo de sus obras antiqu\u00edsimas.<\/p>\n<p>En un tiempo remoto fui formada, antes de que la tierra existiera.<\/p>\n<p>Antes de los abismos fui engendrada, antes de los manantiales de las aguas.<\/p>\n<p>A\u00fan no estaban aplomados los montes, antes de las monta\u00f1as fui engendrada.<\/p>\n<p>No hab\u00eda hecho a\u00fan la tierra y la hierba, ni los primeros terrones del orbe.<\/p>\n<p>Cuando colocaba los cielos, all\u00ed estaba yo; cuando trazaba la b\u00f3veda sobre la faz del abismo; cuando sujetaba las nubes en la altura, y fijaba las fuentes abismales; cuando pon\u00eda un l\u00edmite al mar, cuyas aguas no traspasan su mandato; cuando asentaba los cimientos de la tierra, yo estaba junto a \u00e9l, como arquitecto, y d\u00eda tras d\u00eda lo alegraba, todo el tiempo jugaba en su presencia: jugaba con la bola de la tierra, y mis delicias est\u00e1n con los hijos de los hombres\u00bb.<\/p>\n<h3><strong>Salmo 8<\/strong><strong>,4-5. 6-7. 8-9<\/strong><\/h3>\n<h4><strong>R.\/ \u00a1Se\u00f1or, Dios nuestro, qu\u00e9 admirable es tu nombre en toda la tierra!<\/strong><\/h4>\n<p>Cuando contemplo el cielo, obra de tus dedos,<br \/>la luna y las estrellas que has creado.<br \/>\u00bfQu\u00e9 es el hombre para que te acuerdes de \u00e9l,<br \/>el ser humano, para mirar por \u00e9l? R.\/<\/p>\n<p>Lo hiciste poco inferior a los \u00e1ngeles,<br \/>lo coronaste de gloria y dignidad;<br \/>le diste el mando sobre las obras de tus manos.<br \/>Todo lo sometiste bajo sus pies. R.\/<\/p>\n<p>Reba\u00f1os de ovejas y toros,<br \/>y hasta las bestias del campo,<br \/>las aves del cielo, los peces del mar<br \/>que trazan sendas por el mar. R.\/<\/p>\n<h3><strong>Lectura de la carta del ap\u00f3stol san Pablo a los Romanos 5, 1-5<\/strong><\/h3>\n<p>Hermanos:<\/p>\n<p>Habiendo sido justificados en virtud de la fe, estamos en paz con Dios, por medio de nuestro Se\u00f1or Jesucristo, por el cual hemos obtenido adem\u00e1s por la fe el acceso a esta gracia, en la cual nos encontramos; y nos gloriamos en la esperanza de la gloria de Dios.<\/p>\n<p>M\u00e1s a\u00fan, nos gloriamos incluso en las tribulaciones, sabiendo que la tribulaci\u00f3n produce paciencia, la paciencia, virtud probada, la virtud probada, esperanza, y la esperanza no defrauda, porque el amor de Dios ha sido derramado en nuestros corazones por el Esp\u00edritu Santo que se nos ha dado.<\/p>\n<h3><strong>Lectura del santo Evangelio seg\u00fan san Juan 16, 12-15<\/strong><\/h3>\n<p>En aquel tiempo, dijo Jes\u00fas a sus disc\u00edpulos:<\/p>\n<p>\u00abMuchas cosas me quedan por deciros, pero no pod\u00e9is cargar con ellas por ahora; cuando venga \u00e9l, el Esp\u00edritu de la verdad, os guiar\u00e1 hasta la verdad plena. Pues no hablar\u00e1 por cuenta propia, sino que hablar\u00e1 de lo que oye y os comunicar\u00e1 lo que est\u00e1 por venir.<\/p>\n<p>\u00c9l me glorificar\u00e1, porque recibir\u00e1 de lo m\u00edo y os lo anunciar\u00e1.<\/p>\n<p>Todo lo que tiene el Padre es m\u00edo. Por eso os he dicho que recibir\u00e1 y tomar\u00e1 de lo m\u00edo y os lo anunciar\u00e1\u00bb.<\/p>\n<h3><strong>COMENTARIO<\/strong><\/h3>\n<p>El domingo despu\u00e9s de Pentecost\u00e9s, la liturgia presenta la fiesta de la Sant\u00edsima Trinidad. Celebramos en ella que no creemos en un Dios solitario, sino en un Dios que es relaci\u00f3n entre personas, es familia, es comunidad de amor pleno y total. Esta revelaci\u00f3n despunta en el Antiguo Testamento, pero llega a su plenitud con Jes\u00fas cuando nos habla de la estrecha relaci\u00f3n que existe entre el Padre, el Hijo y el Esp\u00edritu, y cuando nos ofrece la posibilidad de que esa comuni\u00f3n de vida llegue a nosotros.<\/p>\n<p>Creer en un Dios que es relaci\u00f3n no puede dejarnos indiferentes, sobre todo porque ese Dios Trinidad ha derramado su amor en nuestros corazones. Este don que es \u00e9l mismo nos invita e impulsa a implicarnos en la tarea de vivir desde la relaci\u00f3n, desde la comuni\u00f3n, desde un amor que, haci\u00e9ndonos m\u00e1s humanos, a la vez nos diviniza.<\/p>\n<p>La liturgia ha elegido un pasaje del evangelio de Juan para que sea proclamado en esta fiesta. Es uno de los anuncios sobre el env\u00edo del Esp\u00edritu Santo. Igual que a la comunidad jo\u00e1nica, el Esp\u00edritu ha ayudado continuamente a la Iglesia a seguir profundizando en el misterio de Jesucristo a la luz de su muerte y resurrecci\u00f3n. La fiesta de este domingo es un buen ejemplo.<\/p>\n<h3><strong>COMPRENDER EL TEXTO<\/strong><\/h3>\n<p>El fragmento del evangelio de hoy forma parte de los llamados \u201c<em>discursos de despedida<\/em>\u201d y de los que hemos hablado en otros domingos de este ciclo. La ausencia de Jes\u00fas es inminente; se acerca la hora de pasar de este mundo al Padre y ya no podr\u00e1 comunicar personalmente sus ense\u00f1anzas a los disc\u00edpulos. En este contexto, Jes\u00fas les habla de la acci\u00f3n del Esp\u00edritu Santo.<\/p>\n<p>El Esp\u00edritu guiar\u00e1 hasta la <em>\u201c<\/em><em>verdad plena<\/em><em>\u201d<\/em>. Esta verdad se refiere a la interpretaci\u00f3n y profundizaci\u00f3n del misterio de Jesucristo. En este sentido, el Esp\u00edritu ser\u00e1 la memoria viva de Jes\u00fas. Ayudar\u00e1 a recordar y comprender en plenitud sus palabras, sus gestos, sus signos, a la luz de su muerte y resurrecci\u00f3n. Manifestar\u00e1 la verdadera identidad de Jes\u00fas, el Hijo de Dios, que a su vez es expresi\u00f3n del rostro del Padre.<\/p>\n<p>Esto no significa que el Esp\u00edritu vaya a a\u00f1adir nada nuevo a lo revelado por Jesucristo. Se refiere a que el Par\u00e1clito va a hacer posible la comprensi\u00f3n y actualizaci\u00f3n de la revelaci\u00f3n de Cristo en el futuro. Con su luz y bajo su impulso, los disc\u00edpulos podr\u00e1n recrear y actualizar siempre la misi\u00f3n salvadora del Hijo de Dios. Por tanto, gracias al Esp\u00edritu, est\u00e1 asegurada la fidelidad de la existencia cristiana al mensaje de Jesucristo. No olvidemos que \u00e9sta fue la experiencia que vivi\u00f3 la comunidad jo\u00e1nica: con la certeza de contar con el Esp\u00edritu de la verdad, record\u00f3 palabras del pasado que la ayudaron a iluminar el presente y a mantenerse fiel a las ense\u00f1anzas del Maestro.<\/p>\n<p>Por dos veces se dice en el pasaje que el Esp\u00edritu <em>\u201c<\/em><em>recibir\u00e1 de lo m\u00edo y os lo anunciar\u00e1<\/em><em>\u201d<\/em> (vv 14-15), y tambi\u00e9n se afirma que s\u00f3lo dir\u00e1 lo que ha o\u00eddo (v.13). Por tanto, la relaci\u00f3n que se establece entre el Par\u00e1clito y Jes\u00fas es de \u00edntima comuni\u00f3n con su persona y su obra salvadora, que culmin\u00f3 con su muerte y resurrecci\u00f3n. Pero hay m\u00e1s: lo que es de Jes\u00fas es tambi\u00e9n del Padre (v 15). El evangelio de Juan, en \u00e9ste y otros pasajes, presenta una relaci\u00f3n estrecha y de indivisible unidad entre el Padre, el Hijo y el Esp\u00edritu. Si Jes\u00fas, el Hijo, ha sido enviado para contarnos lo que ha o\u00eddo y visto en el Padre (Jn 15,15), el Esp\u00edritu dir\u00e1 lo que ha o\u00eddo al Hijo. Si Jes\u00fas ha dado testimonio del Padre (Jn 5,36), misi\u00f3n del Esp\u00edritu ser\u00e1 la de dar testimonio de Jes\u00fas (Jn 5,36). Si Jes\u00fas todo lo ha recibido del Padre, el Esp\u00edritu recibir\u00e1 todo del Hijo (Jn 16,15). Y todo ello sin subordinaci\u00f3n, desde la igualdad e identidad de amor m\u00e1s profunda.<\/p>\n<p>Lo admirable es que esta revelaci\u00f3n va dirigida al ser humano: el Padre tiene un proyecto de amor que nos revela a trav\u00e9s de Jesucristo, y \u00e9ste nos env\u00eda el Esp\u00edritu que <em>\u201c<\/em><em>os guiar\u00e1 hasta la verdad plena<\/em><em>\u201d.<\/em><\/p>\n<p>Los cristianos creemos que el Esp\u00edritu contin\u00faa ayud\u00e1ndonos a profundizar en el misterio de Dios. Nos ayuda, por ejemplo, en lo que se refiere a captar y comprender el contenido de la fiesta que hoy celebramos: a partir de la revelaci\u00f3n recogida en las Escrituras y profundizada por la Tradici\u00f3n, la Iglesia lleg\u00f3 pronto a confesar su fe en un Dios Trinidad.<\/p>\n<p>Que nuestro Dios es Trinidad implica que tiene rostro de vida compartida, que no es alguien cerrado en s\u00ed mismo, sino relaci\u00f3n, di\u00e1logo y comunicaci\u00f3n permanentes. Lamentablemente se nos ha presentado con cierta frecuencia este art\u00edculo de fe como un gran \u201c<em>embrollo teol\u00f3gico<\/em>\u201d, s\u00f3lo apto para intelectuales. Con ello quiz\u00e1 hayamos ca\u00eddo en el error de olvidar que es precisamente este Dios el que, en Jesucristo, ha entrado en di\u00e1logo con nosotros, y que creer en la Trinidad es recordar que estamos hechos a imagen y semejanza de un Dios que es amor compartido. Por tanto, s\u00f3lo en la medida en que nos dejemos habitar por \u00e9l y trabajemos por instaurar la comunidad trinitaria en nuestro mundo encontraremos la verdadera felicidad, la meta para la que hemos sido creados, la realizaci\u00f3n propia y la de toda la creaci\u00f3n.<\/p>\n<h3><strong>ACTUALIZAMOS<\/strong><\/h3>\n<p>El pasaje de hoy nos ha ayudado a profundizar en lo que significa que Dios, siendo uno, sea a la vez comunidad, relaci\u00f3n interpersonal. Esta reflexi\u00f3n no puede dejarnos impasibles: tiene consecuencias muy claras a la hora de ser y actuar como cristianos que creen en un Dios Trinidad.<\/p>\n<ol>\n<li><strong>Jes\u00fas nos revela que en Dios existe una estrecha relaci\u00f3n de comuni\u00f3n, de apoyo, de amor:<\/strong><\/li>\n<\/ol>\n<p>\u00bfA qu\u00e9 te compromete esta revelaci\u00f3n del ser de Dios?<\/p>\n<ol start=\"2\">\n<li><strong>En este mundo:<\/strong><\/li>\n<\/ol>\n<p>\u00bfQu\u00e9 tipo de sociedad y de Iglesia nos invita a construir la fe en la Trinidad?<\/p>\n<p>\u00bfQu\u00e9 compromiso concreto podemos adoptar en este sentido?<\/p>\n<ol start=\"3\">\n<li><strong><em>\u201c<\/em><\/strong><strong><em>El Esp\u00edritu de la verdad os guiar\u00e1 hasta la verdad plena<\/em><\/strong><strong><em>\u201d:<\/em><\/strong><\/li>\n<\/ol>\n<p>\u00bfQu\u00e9 signos de la presencia de ese Dios que es relaci\u00f3n de personas, comunidad de amor pleno y total, descubrimos en nuestra vida y en nuestro mundo?<\/p>\n\n\n<p><\/p>\n","protected":false},"excerpt":{"rendered":"<p>Lectura del libro de los Proverbios 8, 22-31 Esto dice la Sabidur\u00eda de Dios: \u00abEl Se\u00f1or me cre\u00f3 al principio de sus tareas, al comienzo de sus obras antiqu\u00edsimas. En un tiempo remoto fui formada, antes de que la tierra existiera. Antes de los abismos fui engendrada, antes de los manantiales de las aguas. A\u00fan &hellip; <\/p>\n<p class=\"link-more\"><a href=\"https:\/\/parroquialanatividad.org\/?page_id=2341\" class=\"more-link\">Continuar leyendo<span class=\"screen-reader-text\"> \u00abLECTIO DIVINA &#8211; CICLO C &#8211; TIEMPO ORDINARIO DOMINGO XI \u00abSANT\u00cdSIMA TRINIDAD\u00bb\u00bb<\/span><\/a><\/p>\n","protected":false},"author":3,"featured_media":0,"parent":0,"menu_order":0,"comment_status":"closed","ping_status":"closed","template":"","meta":{"footnotes":""},"ppma_author":[52],"class_list":["post-2341","page","type-page","status-publish","hentry"],"post_mailing_queue_ids":[],"_links":{"self":[{"href":"https:\/\/parroquialanatividad.org\/index.php?rest_route=\/wp\/v2\/pages\/2341"}],"collection":[{"href":"https:\/\/parroquialanatividad.org\/index.php?rest_route=\/wp\/v2\/pages"}],"about":[{"href":"https:\/\/parroquialanatividad.org\/index.php?rest_route=\/wp\/v2\/types\/page"}],"author":[{"embeddable":true,"href":"https:\/\/parroquialanatividad.org\/index.php?rest_route=\/wp\/v2\/users\/3"}],"replies":[{"embeddable":true,"href":"https:\/\/parroquialanatividad.org\/index.php?rest_route=%2Fwp%2Fv2%2Fcomments&post=2341"}],"version-history":[{"count":1,"href":"https:\/\/parroquialanatividad.org\/index.php?rest_route=\/wp\/v2\/pages\/2341\/revisions"}],"predecessor-version":[{"id":2343,"href":"https:\/\/parroquialanatividad.org\/index.php?rest_route=\/wp\/v2\/pages\/2341\/revisions\/2343"}],"wp:attachment":[{"href":"https:\/\/parroquialanatividad.org\/index.php?rest_route=%2Fwp%2Fv2%2Fmedia&parent=2341"}],"wp:term":[{"taxonomy":"author","embeddable":true,"href":"https:\/\/parroquialanatividad.org\/index.php?rest_route=%2Fwp%2Fv2%2Fppma_author&post=2341"}],"curies":[{"name":"wp","href":"https:\/\/api.w.org\/{rel}","templated":true}]}}