{"id":169,"date":"2023-11-26T17:52:59","date_gmt":"2023-11-26T17:52:59","guid":{"rendered":"https:\/\/parroquialanatividad.org\/?page_id=169"},"modified":"2025-07-14T17:49:27","modified_gmt":"2025-07-14T17:49:27","slug":"camapmento-verano","status":"publish","type":"page","link":"https:\/\/parroquialanatividad.org\/?page_id=169","title":{"rendered":"Campamento verano"},"content":{"rendered":"\n<div class=\"wp-block-media-text is-stacked-on-mobile\" style=\"grid-template-columns:40% auto\"><figure class=\"wp-block-media-text__media\"><img loading=\"lazy\" decoding=\"async\" width=\"768\" height=\"1024\" src=\"https:\/\/parroquialanatividad.org\/wp-content\/uploads\/2025\/07\/IMG-20230705-WA0008.jpg\" alt=\"\" class=\"wp-image-2704 size-full\" srcset=\"https:\/\/parroquialanatividad.org\/wp-content\/uploads\/2025\/07\/IMG-20230705-WA0008.jpg 768w, https:\/\/parroquialanatividad.org\/wp-content\/uploads\/2025\/07\/IMG-20230705-WA0008-225x300.jpg 225w\" sizes=\"(max-width: 767px) 89vw, (max-width: 1000px) 54vw, (max-width: 1071px) 543px, 580px\" \/><\/figure><div class=\"wp-block-media-text__content\">\n<p>Es un momento privilegiado y en \u00e9l experimentamos de forma especial la llamada al servicio, a la oraci\u00f3n, a la vida\u2026. Sentimos que es un paso de Dios<\/p>\n\n\n\n<p>Un momento durante el curso en el que participa toda la comunidad. No s\u00f3lo es para ni\u00f1os y j\u00f3venes, desde hace a\u00f1os comprendimos que era para todos; desde los ni\u00f1os hasta los adultos se abarcan todas las edades.<\/p>\n<\/div><\/div>\n\n\n<p><a href=\"https:\/\/parroquialanatividad.org\/?page_id=2667\" target=\"_blank\" rel=\"noopener\"><strong>A\u00f1o 2025:\u00a0 Fiat voluntas tua. H\u00c1GASE TU VOLUNTAD, <\/strong>en Bo\u00f1ar (Le\u00f3n)\u00a0<\/a><\/p>\n\n\n<p><\/p>\n","protected":false},"excerpt":{"rendered":"<p>Es un momento privilegiado y en \u00e9l experimentamos de forma especial la llamada al servicio, a la oraci\u00f3n, a la vida\u2026. Sentimos que es un paso de Dios Un momento durante el curso en el que participa toda la comunidad. No s\u00f3lo es para ni\u00f1os y j\u00f3venes, desde hace a\u00f1os comprendimos que era para todos; &hellip; <\/p>\n<p class=\"link-more\"><a href=\"https:\/\/parroquialanatividad.org\/?page_id=169\" class=\"more-link\">Continuar leyendo<span class=\"screen-reader-text\"> \u00abCampamento verano\u00bb<\/span><\/a><\/p>\n","protected":false},"author":1,"featured_media":2443,"parent":0,"menu_order":0,"comment_status":"closed","ping_status":"closed","template":"","meta":{"footnotes":""},"ppma_author":[8],"class_list":["post-169","page","type-page","status-publish","has-post-thumbnail","hentry"],"post_mailing_queue_ids":[],"_links":{"self":[{"href":"https:\/\/parroquialanatividad.org\/index.php?rest_route=\/wp\/v2\/pages\/169"}],"collection":[{"href":"https:\/\/parroquialanatividad.org\/index.php?rest_route=\/wp\/v2\/pages"}],"about":[{"href":"https:\/\/parroquialanatividad.org\/index.php?rest_route=\/wp\/v2\/types\/page"}],"author":[{"embeddable":true,"href":"https:\/\/parroquialanatividad.org\/index.php?rest_route=\/wp\/v2\/users\/1"}],"replies":[{"embeddable":true,"href":"https:\/\/parroquialanatividad.org\/index.php?rest_route=%2Fwp%2Fv2%2Fcomments&post=169"}],"version-history":[{"count":8,"href":"https:\/\/parroquialanatividad.org\/index.php?rest_route=\/wp\/v2\/pages\/169\/revisions"}],"predecessor-version":[{"id":2725,"href":"https:\/\/parroquialanatividad.org\/index.php?rest_route=\/wp\/v2\/pages\/169\/revisions\/2725"}],"wp:featuredmedia":[{"embeddable":true,"href":"https:\/\/parroquialanatividad.org\/index.php?rest_route=\/wp\/v2\/media\/2443"}],"wp:attachment":[{"href":"https:\/\/parroquialanatividad.org\/index.php?rest_route=%2Fwp%2Fv2%2Fmedia&parent=169"}],"wp:term":[{"taxonomy":"author","embeddable":true,"href":"https:\/\/parroquialanatividad.org\/index.php?rest_route=%2Fwp%2Fv2%2Fppma_author&post=169"}],"curies":[{"name":"wp","href":"https:\/\/api.w.org\/{rel}","templated":true}]}}