{"id":1294,"date":"2024-11-01T18:00:36","date_gmt":"2024-11-01T18:00:36","guid":{"rendered":"https:\/\/parroquialanatividad.org\/?page_id=1294"},"modified":"2024-11-01T18:00:36","modified_gmt":"2024-11-01T18:00:36","slug":"lectio-divina-tiempo-ordinario-1-de-noviembre-todos-los-santos","status":"publish","type":"page","link":"https:\/\/parroquialanatividad.org\/?page_id=1294","title":{"rendered":"LECTIO DIVINA \u2013 TIEMPO ORDINARIO 1 DE NOVIEMBRE \u201cTODOS LOS SANTOS\u201d"},"content":{"rendered":"\n<div class=\"wp-block-file alignright\"><a id=\"wp-block-file--media-fdf4da41-e8d9-4dba-949e-9db1fe9af763\" href=\"https:\/\/parroquialanatividad.org\/wp-content\/uploads\/2024\/11\/LECTIO-TIEMPO-ORDINARIO-SANTOS.pdf\" target=\"_blank\" rel=\"noreferrer noopener\">LECTIO &#8211; TIEMPO ORDINARIO &#8211; TODOS LOS SANTOS<\/a><a href=\"https:\/\/parroquialanatividad.org\/wp-content\/uploads\/2024\/11\/LECTIO-TIEMPO-ORDINARIO-SANTOS.pdf\" class=\"wp-block-file__button wp-element-button\" download aria-describedby=\"wp-block-file--media-fdf4da41-e8d9-4dba-949e-9db1fe9af763\">Descargar<\/a><\/div>\n\n\n<h3><strong>Lectura del libro del Apocalipsis 7, 2-4. 9-14<\/strong><\/h3>\n<p>Yo, Juan, vi a otro \u00e1ngel que sub\u00eda del oriente llevando el sello del Dios vivo. Grit\u00f3 con voz potente a los cuatro \u00e1ngeles encargados de da\u00f1ar a la tierra y al mar, dici\u00e9ndoles:<\/p>\n<p>\u00abNo da\u00f1\u00e9is a la tierra ni al mar ni a los \u00e1rboles hasta que sellemos en la frente a los siervos de nuestro Dios\u00bb.<\/p>\n<p>O\u00ed tambi\u00e9n el n\u00famero de los sellados, ciento cuarenta y cuatro mil, de todas las tribus de Israel.<\/p>\n<p>Despu\u00e9s de esto vi una muchedumbre inmensa, que nadie podr\u00eda contar, de todas las naciones, razas, pueblos y lenguas, de pie delante del trono y delante del Cordero, vestidos con vestiduras blancas y con palmas en sus manos. Y gritan con voz potente:<\/p>\n<p>\u00ab\u00a1La victoria es de nuestro Dios, que est\u00e1 sentado en el trono, y del Cordero!\u00bb.<\/p>\n<p>Y todos los \u00e1ngeles que estaban de pie alrededor del trono y de los ancianos y de los cuatro vivientes cayeron rostro a tierra ante el trono, y adoraron a Dios, diciendo:<\/p>\n<p>\u00abAm\u00e9n. La alabanza y la gloria y la sabidur\u00eda y la acci\u00f3n de gracias y el honor y el poder y la fuerza son de nuestro Dios, por los siglos de los siglos. Am\u00e9n\u00bb.<\/p>\n<p>Y uno de los ancianos me dijo: \u00a0<\/p>\n<p>\u00abEstos que est\u00e1n vestidos con vestiduras blancas, \u00bfqui\u00e9nes son y de d\u00f3nde han venido?\u00bb.<\/p>\n<p>Yo le respond\u00ed:<\/p>\n<p>\u00abSe\u00f1or m\u00edo, t\u00fa lo sabr\u00e1s\u00bb.<\/p>\n<p>\u00c9l me respondi\u00f3:<\/p>\n<p>\u00abEstos son los que vienen de la gran tribulaci\u00f3n: han lavado y blanqueado sus vestiduras en la sangre del Cordero\u00bb.<\/p>\n<h3><strong>Salmo 23, 1b-2. 3-4ab. 5-6<\/strong><\/h3>\n<h4><strong>R\/. Esta es la generaci\u00f3n que busca tu rostro, Se\u00f1or.<\/strong><\/h4>\n<p>Del Se\u00f1or es la tierra y cuanto la llena,<br \/>el orbe y todos sus habitantes:<br \/>\u00e9l la fund\u00f3 sobre los mares,<br \/>\u00e9l la afianz\u00f3 sobre los r\u00edos. R\/.<\/p>\n<p>\u00bfQui\u00e9n puede subir al monte del Se\u00f1or?<br \/>\u00bfQui\u00e9n puede estar en el recinto sacro?<br \/>El hombre de manos inocentes y puro coraz\u00f3n,<br \/>que no conf\u00eda en los \u00eddolos. R\/.<\/p>\n<p>Ese recibir\u00e1 la bendici\u00f3n del Se\u00f1or,<br \/>le har\u00e1 justicia el Dios de salvaci\u00f3n.<br \/>Esta es la generaci\u00f3n que busca al Se\u00f1or,<br \/>que busca tu rostro, Dios de Jacob. R\/.<\/p>\n<h3><strong>Lectura de la primera carta del ap\u00f3stol san Juan 3, 1-3<\/strong><\/h3>\n<p>Queridos hermanos:<\/p>\n<p>Mirad qu\u00e9 amor nos ha tenido el Padre para llamarnos hijos de Dios, pues \u00a1lo somos! El mundo no nos conoce porque no lo conoci\u00f3 a \u00e9l.<\/p>\n<p>Queridos, ahora somos hijos de Dios y a\u00fan no se ha manifestado lo que seremos. Sabemos que, cuando \u00e9l se manifieste, seremos semejantes a \u00e9l, porque lo veremos tal cual es.<\/p>\n<p>Todo el que tiene esta esperanza en \u00e9l se purifica a s\u00ed mismo, como \u00e9l es puro.<\/p>\n<h3><strong>Lectura del santo Evangelio seg\u00fan san Mateo 5, 1-12a<\/strong><\/h3>\n<p>En aquel tiempo, al ver Jes\u00fas el gent\u00edo, subi\u00f3 al monte, se sent\u00f3 y se acercaron sus disc\u00edpulos; y, abriendo su boca, les ense\u00f1aba diciendo:<\/p>\n<p>\u00abBienaventurados los pobres en el esp\u00edritu, porque de ellos es el reino de los cielos.<\/p>\n<p>Bienaventurados los mansos, porque ellos heredar\u00e1n la tierra.<\/p>\n<p>Bienaventurados los que lloran, porque ellos ser\u00e1n consolados.<\/p>\n<p>Bienaventurados los que tienen hambre y sed de la justicia, porque ellos quedar\u00e1n saciados.<\/p>\n<p>Bienaventurados los misericordiosos, porque ellos alcanzar\u00e1n misericordia.<\/p>\n<p>Bienaventurados los limpios de coraz\u00f3n, porque ellos ver\u00e1n a Dios.<\/p>\n<p>Bienaventurados los que trabajan por la paz, porque ellos ser\u00e1n llamados hijos de Dios.<\/p>\n<p>Bienaventurados los perseguidos por causa de la justicia, porque de ellos es el reino de los cielos.<\/p>\n<p>Bienaventurados vosotros cuando os insulten y os persigan y os calumnien de cualquier modo por mi causa. Alegraos y regocijaos, porque vuestra recompensa ser\u00e1 grande en el cielo\u00bb.<\/p>\n<h3><strong>COMENTARIO<\/strong><\/h3>\n<p>Hoy las tres lecturas se refieren a la fiesta que celebramos: El misterio de esa multitud innumerable de personas que ya gozan de Dios y siguen en comuni\u00f3n con nosotros. Es una fiesta que nos transmite alegr\u00eda y optimismo.<\/p>\n<h3><strong>COMPRENDER EL TEXTO<\/strong><\/h3>\n<p><strong><u>Apocalipsis 7, 2-4. 9-14<\/u><\/strong><\/p>\n<p>En las visiones del Apocalipsis aparece hoy una muy din\u00e1mica: el panorama de una gran asamblea, <em>\u201cuna muchedumbre inmensa, que nadie podr\u00eda contar, de todas las naciones, razas, pueblos y lenguas, de pie delante del trono y delante del Cordero, vestidos con vestiduras blancas y con palmas en sus manos\u201d<\/em>, y cantan con voz potente las alabanzas de Dios. El n\u00famero 144.000 es simb\u00f3lico. Es el resultado de multiplicar 12 por 12 por 1000, la plenitud de las doce tribus de Israel. Adem\u00e1s de ese n\u00famero, se habla de una multitud innumerable que ya participan de la salvaci\u00f3n y tienen una historia: \u201c<em>son los que vienen de la gran tribulaci\u00f3n<\/em>\u201d.<\/p>\n<p><strong><u>Salmo.<\/u><\/strong> Se fija en los que ya gozan de la victoria, pero se\u00f1alando cu\u00e1l ha sido su camino para llegar a esta alegr\u00eda: \u201c<em>esta es la generaci\u00f3n que busca tu rostro, Se\u00f1or<\/em>\u201d; porque \u201c\u00bf<em>qui\u00e9n puede subir al monte del Se\u00f1or?&#8230; el hombre de manos inocentes y puro coraz\u00f3n, que no conf\u00eda en los \u00eddolos<\/em>\u201d.<\/p>\n<p><strong><u>1 Juan 3,1-3<\/u><\/strong><\/p>\n<p>La idea que m\u00e1s repiten las cartas de Juan, que somos hijos de Dios y objeto de su amor de Padre, se une hoy a la de nuestro destino en la salvaci\u00f3n definitiva.<\/p>\n<p>La realidad de ahora ya es gozosa pero todav\u00eda tiene que llegar lo mejor: \u201c<em>ahora somos hijos de Dios y a\u00fan no se ha manifestado lo que seremos<\/em>\u201d.<\/p>\n<p>Cuando llegue el final, \u201c<em>cuando \u00e9l se manifieste<\/em>, s<em>eremos semejantes a \u00e9l, porque lo veremos tal cual es<\/em>\u201d.<\/p>\n<p><strong><u>Mateo 5, 1-12a<\/u><\/strong><\/p>\n<p>Las bienaventuranzas se consideran el mejor camino para llegar a esa felicidad definitiva del cielo, el camino que han seguido los Santos de todos los tiempos.<\/p>\n<p>Jes\u00fas nos sorprende llamando felices a los pobres, a los que sufren, a los que lloran, a los que tienen hambre y sed de justicia, a los misericordiosos, a los limpios de coraz\u00f3n, a los que trabajan por la paz, a los que son perseguidos por su fe.<\/p>\n<p>En realidad, hay una novena bienaventuranza, esta vez en segunda persona: \u201c<em>bienaventurados vosotros cuando os insulten y os persigan&#8230;<\/em>\u201d mientras que las anteriores est\u00e1n en tercera persona: \u201c<em>bienaventurados los pobres en el esp\u00edritu, porque de ellos es el reino de los cielos<\/em>\u201d.<\/p>\n<p><strong>Son hermanos nuestros<\/strong><\/p>\n<p>Hoy celebramos a todos, no s\u00f3lo a los que constan en las listas oficiales, sino a los que est\u00e1n en la lista de Dios que son much\u00edsimos m\u00e1s. Se afirma que son \u201c<em>nuestros hermanos<\/em>\u201d, \u201c<em>los mejores miembros de la Iglesia, en la que nos concedes tambi\u00e9n ayuda y ejemplo para nuestra debilidad<\/em>\u201d.<\/p>\n<p>Son personas como nosotros. Han tenido los mismos oficios y las mismas dificultades y tentaciones, pero han seguido a Cristo, viviendo su evangelio y ahora gozan de la plenitud de la vida en Dios.<\/p>\n<p><strong>El mejor \u00e9xito de Cristo<\/strong><\/p>\n<p>Son miles y millones de personas que han seguido fieles a Cristo a lo largo de los siglos y han dado testimonio de \u00e9l con su vida.<\/p>\n<p>La visi\u00f3n optimista del Apocalipsis, con las multitudes que describe, de toda raza y condici\u00f3n, nos llena de est\u00edmulo; ha habido much\u00edsimas personas que han tomado en serio su fe y su vida cristiana. Ellas representan para Cristo su mejor victoria y, para nosotros, est\u00edmulo y garant\u00eda de que s\u00ed es posible cumplir el estilo de vida de Jes\u00fas.<\/p>\n<p>Los Santos no han sido \u00e1ngeles o h\u00e9roes de otro planeta: son personas que han vivido en este mundo, en tiempos tan dif\u00edciles o m\u00e1s que los nuestros (\u201c<em>vienen de la gran tribulaci\u00f3n<\/em>\u201d).<\/p>\n<p>Pero han amado. Se han esforzado. Han realizado en sus vidas el proyecto de vida de Cristo, sus bienaventuranzas.<\/p>\n<p>En un mundo donde no abundan las noticias positivas ni los modelos de vida coherente, vale la pena destacar lo que representan los Santos: un regalo de Dios a la humanidad, el mejor don del Esp\u00edritu a su Iglesia. Estas personas son las que nos devuelven la fe en el g\u00e9nero humano.<\/p>\n<p><strong>Nos se\u00f1alan el camino<\/strong><\/p>\n<p>Los santos nos est\u00e1n demostrando que es posible cumplir el evangelio y programar la vida seg\u00fan Dios. No son teor\u00edas, son modelos vivientes y cercanos.<\/p>\n<p>No hace falta que todos hagan milagros, que dejen escritas obras admirables. Muchos se han santificado en la vida normal de cada d\u00eda. Y ahora experimentan en plenitud la felicidad que Cristo prometi\u00f3 a los que le son fieles.<\/p>\n<p>Sobre todo, nos ense\u00f1an que las bienaventuranzas de Cristo siguen teniendo todo su valor. Es el camino que ellos han intentado seguir: la humildad, la pobreza, la apertura a Dios, la b\u00fasqueda de la verdad y de la justicia, la pureza de coraz\u00f3n, la actitud de la misericordia, el trabajo por la paz, la entereza ante las tentaciones y las dificultades&#8230;<\/p>\n<p>Sinti\u00e9ndonos ayudados por esta multitud de Santos, podemos dar gracias a Dios, como en el prefacio de la Eucarist\u00eda: \u201c<em>hoy nos concedes celebrar a la ciudad santa, la Jerusal\u00e9n celeste, que es nuestra madre, donde eternamente ya te alaba la corona de nuestros hermanos. Hacia ella, como peregrinos guiados por la fe, nos apresuramos jubilosos, compartiendo la alegr\u00eda por la glorificaci\u00f3n de los mejores miembros de la Iglesia, en la que nos concedes tambi\u00e9n ayuda y ejemplo para nuestra debilidad<\/em>\u201d.<\/p>\n<p><strong>La comuni\u00f3n de los Santos<\/strong><\/p>\n<p>Una de las verdades m\u00e1s consoladoras de nuestra fe es la \u201c<em>comuni\u00f3n de los Santos<\/em>\u201d, o sea, la uni\u00f3n misteriosa que existe entre ellos y nosotros, entre la Iglesia de los bienaventurados del cielo y la Iglesia peregrina en la tierra.<\/p>\n<p>En cada Eucarist\u00eda los recordamos, deseando seguir su mismo camino aqu\u00ed abajo y compartir despu\u00e9s la herencia definitiva con ellos. Cuando decimos el \u201c<em>yo confieso<\/em>\u201d les invocamos para que intercedan por nosotros: \u201c<em>por eso ruego a santa Mar\u00eda, siempre Virgen, a los \u00e1ngeles y a los santos&#8230;<\/em>\u201d. Cuando encomendamos a Dios a los difuntos pedimos a Dios que salgan a su encuentro los \u00e1ngeles y los Santos.<\/p>","protected":false},"excerpt":{"rendered":"<p>Lectura del libro del Apocalipsis 7, 2-4. 9-14 Yo, Juan, vi a otro \u00e1ngel que sub\u00eda del oriente llevando el sello del Dios vivo. Grit\u00f3 con voz potente a los cuatro \u00e1ngeles encargados de da\u00f1ar a la tierra y al mar, dici\u00e9ndoles: \u00abNo da\u00f1\u00e9is a la tierra ni al mar ni a los \u00e1rboles hasta &hellip; <\/p>\n<p class=\"link-more\"><a href=\"https:\/\/parroquialanatividad.org\/?page_id=1294\" class=\"more-link\">Continuar leyendo<span class=\"screen-reader-text\"> \u00abLECTIO DIVINA \u2013 TIEMPO ORDINARIO 1 DE NOVIEMBRE \u201cTODOS LOS SANTOS\u201d\u00bb<\/span><\/a><\/p>\n","protected":false},"author":3,"featured_media":0,"parent":0,"menu_order":0,"comment_status":"closed","ping_status":"closed","template":"","meta":{"footnotes":""},"ppma_author":[52],"class_list":["post-1294","page","type-page","status-publish","hentry"],"post_mailing_queue_ids":[],"_links":{"self":[{"href":"https:\/\/parroquialanatividad.org\/index.php?rest_route=\/wp\/v2\/pages\/1294"}],"collection":[{"href":"https:\/\/parroquialanatividad.org\/index.php?rest_route=\/wp\/v2\/pages"}],"about":[{"href":"https:\/\/parroquialanatividad.org\/index.php?rest_route=\/wp\/v2\/types\/page"}],"author":[{"embeddable":true,"href":"https:\/\/parroquialanatividad.org\/index.php?rest_route=\/wp\/v2\/users\/3"}],"replies":[{"embeddable":true,"href":"https:\/\/parroquialanatividad.org\/index.php?rest_route=%2Fwp%2Fv2%2Fcomments&post=1294"}],"version-history":[{"count":1,"href":"https:\/\/parroquialanatividad.org\/index.php?rest_route=\/wp\/v2\/pages\/1294\/revisions"}],"predecessor-version":[{"id":1296,"href":"https:\/\/parroquialanatividad.org\/index.php?rest_route=\/wp\/v2\/pages\/1294\/revisions\/1296"}],"wp:attachment":[{"href":"https:\/\/parroquialanatividad.org\/index.php?rest_route=%2Fwp%2Fv2%2Fmedia&parent=1294"}],"wp:term":[{"taxonomy":"author","embeddable":true,"href":"https:\/\/parroquialanatividad.org\/index.php?rest_route=%2Fwp%2Fv2%2Fppma_author&post=1294"}],"curies":[{"name":"wp","href":"https:\/\/api.w.org\/{rel}","templated":true}]}}