{"id":1280,"date":"2024-11-01T17:24:10","date_gmt":"2024-11-01T17:24:10","guid":{"rendered":"https:\/\/parroquialanatividad.org\/?page_id=1280"},"modified":"2024-11-01T17:24:25","modified_gmt":"2024-11-01T17:24:25","slug":"lectio-divina-ciclo-b-tiempo-ordinario-domingo-xxviii","status":"publish","type":"page","link":"https:\/\/parroquialanatividad.org\/?page_id=1280","title":{"rendered":"LECTIO DIVINA \u2013 CICLO B \u2013 TIEMPO ORDINARIO DOMINGO XXVIII"},"content":{"rendered":"\n<div class=\"wp-block-file alignright\"><a id=\"wp-block-file--media-96944db2-4ca1-475c-82aa-6ad29f99a199\" href=\"https:\/\/parroquialanatividad.org\/wp-content\/uploads\/2024\/11\/LECTIO-CICLO-B-TIEMPO-ORDINARIO-28.pdf\" target=\"_blank\" rel=\"noreferrer noopener\">LECTIO &#8211; CICLO B &#8211; TIEMPO ORDINARIO 28<\/a><a href=\"https:\/\/parroquialanatividad.org\/wp-content\/uploads\/2024\/11\/LECTIO-CICLO-B-TIEMPO-ORDINARIO-28.pdf\" class=\"wp-block-file__button wp-element-button\" download aria-describedby=\"wp-block-file--media-96944db2-4ca1-475c-82aa-6ad29f99a199\">Descargar<\/a><\/div>\n\n\n<h3><strong>Lectura del libro de la Sabidur\u00eda 7, 7-11<\/strong><\/h3>\n<p>Supliqu\u00e9 y me fue dada la prudencia, invoqu\u00e9 y vino a m\u00ed el esp\u00edritu de sabidur\u00eda.<\/p>\n<p>La prefer\u00ed a cetros y tronos y a su lado en nada tuve la riqueza.<\/p>\n<p>No la equipar\u00e9 a la piedra m\u00e1s preciosa, porque todo el oro ante ella es un poco de arena y junto a ella la plata es como el barro.<\/p>\n<p>La quise m\u00e1s que a la salud y la belleza y la prefer\u00ed a la misma luz, porque su resplandor no tiene ocaso.<\/p>\n<p>Con ella me vinieron todos los bienes juntos, tiene en sus manos riquezas incontables.<\/p>\n<h3><strong>Salmo 89, 12-13. 14-15. 16-17<\/strong><\/h3>\n<h4><strong>R.\/ S\u00e1cianos de tu misericordia, Se\u00f1or, y estaremos alegres.<\/strong><\/h4>\n<p>Ens\u00e9\u00f1anos a calcular nuestros a\u00f1os,<br \/>para que adquiramos un coraz\u00f3n sensato.<br \/>Vu\u00e9lvete, Se\u00f1or, \u00bfhasta cu\u00e1ndo?<br \/>Ten compasi\u00f3n de tus siervos. R.\/<\/p>\n<p>Por la ma\u00f1ana s\u00e1cianos de tu misericordia,<br \/>y toda nuestra vida ser\u00e1 alegr\u00eda y j\u00fabilo.<br \/>Danos alegr\u00eda, por los d\u00edas en que nos afligiste,<br \/>por los a\u00f1os en que sufrimos desdichas. R.\/<\/p>\n<p>Que tus siervos vean tu acci\u00f3n<br \/>y sus hijos tu gloria.<br \/>Baje a nosotros la bondad del Se\u00f1or<br \/>y haga pr\u00f3speras las obras de nuestras manos.<br \/>S\u00ed, haga pr\u00f3speras las obras de nuestras manos. R.\/<\/p>\n<h3><strong>Lectura de la carta a los Hebreos 4, 12-13<\/strong><\/h3>\n<p>Hermanos:<\/p>\n<p>La palabra de Dios es viva y eficaz, m\u00e1s tajante que espada de doble filo; penetra hasta el punto donde se dividen alma y esp\u00edritu, coyunturas y tu\u00e9tanos; juzga los deseos e intenciones del coraz\u00f3n.<\/p>\n<p>Nada se le oculta; todo est\u00e1 patente y descubierto a los ojos de aquel a quien hemos de rendir cuentas.<\/p>\n<h3><strong>Lectura del santo Evangelio seg\u00fan san Marcos 10, 17-30<\/strong><\/h3>\n<p>En aquel tiempo, cuando sal\u00eda Jes\u00fas al camino, se le acerc\u00f3 uno corriendo, se arrodill\u00f3 ante \u00e9l y le pregunt\u00f3:<\/p>\n<p>\u00abMaestro bueno, \u00bfqu\u00e9 har\u00e9 para heredar la vida eterna?\u00bb.<\/p>\n<p>Jes\u00fas le contest\u00f3:<\/p>\n<p>\u00ab\u00bfPor qu\u00e9 me llamas bueno? No hay nadie bueno m\u00e1s que Dios. Ya sabes los mandamientos: no matar\u00e1s, no cometer\u00e1s adulterio, no robar\u00e1s, no dar\u00e1s falso testimonio, no estafar\u00e1s, honra a tu padre y a tu madre\u00bb.<\/p>\n<p>\u00c9l replic\u00f3:<\/p>\n<p>\u00abMaestro, todo eso lo he cumplido desde mi juventud\u00bb.<\/p>\n<p>Jes\u00fas se qued\u00f3 mir\u00e1ndolo, lo am\u00f3 y le dijo:<\/p>\n<p>\u00abUna cosa te falta: anda, vende lo que tienes, d\u00e1selo a los pobres, as\u00ed tendr\u00e1s un tesoro en el cielo, y luego ven y s\u00edgueme\u00bb.<\/p>\n<p>A estas palabras, \u00e9l frunci\u00f3 el ce\u00f1o y se march\u00f3 triste porque era muy rico.<\/p>\n<p>Jes\u00fas, mirando alrededor, dijo a sus disc\u00edpulos:<\/p>\n<p>\u00ab\u00a1Qu\u00e9 dif\u00edcil les ser\u00e1 entrar en el reino de Dios a los que tienen riquezas!\u00bb<\/p>\n<p>Los disc\u00edpulos quedaron sorprendidos de estas palabras. Pero Jes\u00fas a\u00f1adi\u00f3:<\/p>\n<p>\u00abHijos, \u00a1qu\u00e9 dif\u00edcil es entrar en el reino de Dios! M\u00e1s f\u00e1cil le es a un camello pasar por el ojo de una aguja, que a un rico entrar en el reino de Dios\u00bb.<\/p>\n<p>Ellos se espantaron y comentaban:<\/p>\n<p>\u00abEntonces, \u00bfqui\u00e9n puede salvarse?\u00bb.<\/p>\n<p>Jes\u00fas se les qued\u00f3 mirando y les dijo:<\/p>\n<p>\u00abEs imposible para los hombres, no para Dios. Dios lo puede todo\u00bb.<\/p>\n<p>Pedro se puso a decirle:<\/p>\n<p>\u00abYa ves que nosotros lo hemos dejado todo y te hemos seguido\u00bb.<\/p>\n<p>Jes\u00fas dijo:<\/p>\n<p>\u00abEn verdad os digo que no hay nadie que haya dejado casa, o hermanos o hermanas, o madre o padre, o hijos o tierras, por m\u00ed y por el Evangelio, que no reciba ahora, en este tiempo, cien veces m\u00e1s -casas y hermanos y hermanas y madres e hijos y tierras, con persecuciones- y en la edad futura, vida eterna\u00bb.<\/p>\n<h3><strong>COMENTARIO<\/strong><\/h3>\n<p>Las lecturas que preceden al evangelio de este domingo nos preparan para captar mejor su sentido. En la primera lectura, por ejemplo, aparece el gran valor que tiene la sabidur\u00eda. Todos tenemos este deseo de tener cordura, de acertar en las decisiones de la vida, de encontrar aquella sabidur\u00eda capaz de orientar la vida por el camino correcto. \u00ab<em>La prefer\u00ed a cetros y tronos y a su lado en nada tuve la riqueza\u00bb.<\/em> Al contrario, es precisamente esta sabidur\u00eda la que lleva con ella todos los bienes y riquezas incontables. En la misma l\u00ednea, el salmista pide a Dios \u00abun coraz\u00f3n sensato\u00bb, que en definitiva es el amor y la amabilidad del Se\u00f1or que ilumina y orienta el camino de la vida: \u00ab<em>Haga pr\u00f3speras las obras de nuestras manos\u00bb.<\/em><\/p>\n<h3><strong>COMPRENDER EL TEXTO<\/strong><\/h3>\n<p>El evangelista san Marcos presenta este pasaje sobre las riquezas en tres partes:<\/p>\n<ol>\n<li>17-22, relato del encuentro de Jes\u00fas con un hombre \u00abmuy rico\u00bb;<\/li>\n<li>23-27, adoctrinamiento particular a los disc\u00edpulos;<\/li>\n<li>28-30, ense\u00f1anza sobre la recompensa a los que lo han dejado todo por seguir a Jes\u00fas.<\/li>\n<\/ol>\n<p>La pregunta <em>\u00ab\u00bfqu\u00e9 har\u00e9 para heredar la vida eterna?\u00bb <\/em>incluye de hecho unas afirmaciones impl\u00edcitas: la primera es que algo tengo que hacer para heredar y poseer la vida eterna, la otra es que, en definitiva, la vida eterna ser\u00e1 un don que espero heredar. La complementariedad del \u00abhacer\u00bb y el \u00abheredar\u00bb de alguna manera sintetiza la teolog\u00eda del \u00e9xodo con que el Pueblo de Dios llega a la libertad de la Tierra Prometida porque durante cuarenta a\u00f1os, con esfuerzo y unidos, han hecho camino por el desierto y porque Dios los ha guiado, alimentado, protegido.<\/p>\n<p>\u00ab<em>No hay nadie bueno m\u00e1s que Dios<\/em>\u00ab: la reacci\u00f3n de Jes\u00fas quiere corregir el error de aquel hombre que parece esperar del \u00abmaestro bueno\u00bb una respuesta diferente a la que ya conoc\u00eda por los mandamientos. La inserci\u00f3n de \u00abno estafar\u00e1s\u00bb dentro del Dec\u00e1logo viene sugerida por la condici\u00f3n social del interlocutor.<\/p>\n<p>La primera etapa la ha vivido fielmente: <em>\u00abMaestro, todo esto lo he cumplido desde mi juventud\u00bb (<\/em>se\u00f1al de que ya no es tan joven). Y precisamente porque <em>\u00abJes\u00fas se qued\u00f3 mir\u00e1ndolo, lo am\u00f3 y le dijo: Una cosa te falta: anda, vende lo que tienes, d\u00e1selo a los pobres\u00bb<\/em>: no para quedar despose\u00eddo, sino para tener \u00ab<em>un tesoro en el cielo<\/em>\u00ab. As\u00ed con este empobrecimiento-enriquecimiento quedar\u00e1s capacitado para \u00ab<em>seguirme<\/em>\u00ab. Jes\u00fas rompe radicalmente con el juda\u00edsmo, que consideraba la riqueza como un signo del amor de Dios para poder dar limosna a los pobres.<\/p>\n<p>La segunda etapa rompe el ritmo de la primera: <em>\u00abA estas palabras, \u00e9l frunci\u00f3 el ce\u00f1o y se march\u00f3 triste porque era muy rico\u00bb<\/em>. El aut\u00e9ntico valor decisivo es el seguimiento fiel a Jes\u00fas, al cual est\u00e1 subordinado y condicionado el desprendimiento de las riquezas. La at\u00f3nita pregunta de los disc\u00edpulos (<em>\u00abEntonces, \u00bfqui\u00e9n puede salvarse?\u00bb<\/em>) se comprende porque \u00ab<em>es imposible para los hombres<\/em>\u00bb sustraerse a la seducci\u00f3n del dinero. S\u00f3lo Dios puede llenar el coraz\u00f3n de una persona con valores que lleva a la salvaci\u00f3n.<\/p>\n<p>S\u00f3lo Jes\u00fas, Dios verdadero, puede colmarnos. Y esto es lo que Jes\u00fas ofrece al joven rico. El joven rico, en contraposici\u00f3n a la primera lectura, es el fracaso de una llamada que no ha descubierto en Jes\u00fas lo mejor. Porque no ha mirado a Jes\u00fas como a Dios.<\/p>\n<p>El joven rico, como muchos de nosotros, ya ha dado un s\u00ed a Dios, m\u00e1s un s\u00ed parcial, y \u00e9l mismo pide ir m\u00e1s all\u00e1, y Jes\u00fas le dice: \u00ab<em>Yo soy todo lo que necesitas<\/em>\u00ab. Y aqu\u00ed es donde falla la cosa. El joven rico, aunque se arrodille a los pies de Jes\u00fas, le dice \u00ab<em>Maestro bueno<\/em>\u00ab, no le dice \u00ab<em>Se\u00f1or<\/em>\u00ab. Y Jes\u00fas le contesta: \u00ab<em>No hay nadie bueno m\u00e1s que Dios<\/em>\u00ab. Porque para este joven, como tantos hoy en d\u00eda, Jes\u00fas solo es un rabino. Admirable, s\u00ed, coherente, cautivador&#8230; todo lo que queramos, pero un rabino; en el fondo, s\u00f3lo un hombre.<\/p>\n<h3><strong>ACTUALIZAMOS<\/strong><\/h3>\n<p>Cuantos cristianos, tambi\u00e9n hoy, ven en Jes\u00fas s\u00f3lo un maestro, unos valores, una forma de vida. Pero no a su Se\u00f1or. Por un hombre, por unos valores, no se da la vida, no se deja todo lo que uno tiene.<\/p>\n<p>Si aquel joven se hubiese dado cuenta de que siguiendo a Jes\u00fas habr\u00eda tenido las manos llenas de riquezas incontables, como el sabio de la primera lectura, hubiese vendido todo lo que ten\u00eda y hubiese seguido a Jes\u00fas. Y hubiese sido plenamente feliz. Ojal\u00e1 nosotros fu\u00e9semos capaces de ir vendiendo todo lo que tenemos para seguir cada vez m\u00e1s de cerca al Se\u00f1or.<\/p>\n<ol>\n<li><strong>Los disc\u00edpulos dejan casa, familia, trabajo, bienes para seguirle.<\/strong><\/li>\n<\/ol>\n<p>\u00bfJes\u00fas tiene tanto atractivo en mi vida como para dejarlo todo en sus manos y seguir tras \u00e9l?<\/p>\n<p>\u00bfHasta qu\u00e9 punto me f\u00edo de Jes\u00fas?<\/p>\n<ol start=\"2\">\n<li><strong>En el seguimiento de Jes\u00fas,<\/strong><\/li>\n<\/ol>\n<p>\u00bfQu\u00e9 nos impide seguir a Jes\u00fas?<\/p>\n<p>\u00bfPuedo seguirle desde la abundancia mientras la mayor\u00eda de los seres humanos pasan hambre?<\/p>\n<p>\u00bfQu\u00e9 hago para liberarme del consumismo al que me arrastra la sociedad?<\/p>\n<ol start=\"3\">\n<li><strong>Desde la fe en un Dios para el que todo es posible,<\/strong><\/li>\n<\/ol>\n<p>\u00bfAceptas la voluntad de Dios para formar parte de ese Reino?<\/p>","protected":false},"excerpt":{"rendered":"<p>Lectura del libro de la Sabidur\u00eda 7, 7-11 Supliqu\u00e9 y me fue dada la prudencia, invoqu\u00e9 y vino a m\u00ed el esp\u00edritu de sabidur\u00eda. La prefer\u00ed a cetros y tronos y a su lado en nada tuve la riqueza. No la equipar\u00e9 a la piedra m\u00e1s preciosa, porque todo el oro ante ella es un &hellip; <\/p>\n<p class=\"link-more\"><a href=\"https:\/\/parroquialanatividad.org\/?page_id=1280\" class=\"more-link\">Continuar leyendo<span class=\"screen-reader-text\"> \u00abLECTIO DIVINA \u2013 CICLO B \u2013 TIEMPO ORDINARIO DOMINGO XXVIII\u00bb<\/span><\/a><\/p>\n","protected":false},"author":3,"featured_media":0,"parent":0,"menu_order":0,"comment_status":"closed","ping_status":"closed","template":"","meta":{"footnotes":""},"ppma_author":[52],"class_list":["post-1280","page","type-page","status-publish","hentry"],"post_mailing_queue_ids":[],"_links":{"self":[{"href":"https:\/\/parroquialanatividad.org\/index.php?rest_route=\/wp\/v2\/pages\/1280"}],"collection":[{"href":"https:\/\/parroquialanatividad.org\/index.php?rest_route=\/wp\/v2\/pages"}],"about":[{"href":"https:\/\/parroquialanatividad.org\/index.php?rest_route=\/wp\/v2\/types\/page"}],"author":[{"embeddable":true,"href":"https:\/\/parroquialanatividad.org\/index.php?rest_route=\/wp\/v2\/users\/3"}],"replies":[{"embeddable":true,"href":"https:\/\/parroquialanatividad.org\/index.php?rest_route=%2Fwp%2Fv2%2Fcomments&post=1280"}],"version-history":[{"count":1,"href":"https:\/\/parroquialanatividad.org\/index.php?rest_route=\/wp\/v2\/pages\/1280\/revisions"}],"predecessor-version":[{"id":1282,"href":"https:\/\/parroquialanatividad.org\/index.php?rest_route=\/wp\/v2\/pages\/1280\/revisions\/1282"}],"wp:attachment":[{"href":"https:\/\/parroquialanatividad.org\/index.php?rest_route=%2Fwp%2Fv2%2Fmedia&parent=1280"}],"wp:term":[{"taxonomy":"author","embeddable":true,"href":"https:\/\/parroquialanatividad.org\/index.php?rest_route=%2Fwp%2Fv2%2Fppma_author&post=1280"}],"curies":[{"name":"wp","href":"https:\/\/api.w.org\/{rel}","templated":true}]}}