{"id":1169,"date":"2024-06-28T18:01:40","date_gmt":"2024-06-28T18:01:40","guid":{"rendered":"https:\/\/parroquialanatividad.org\/?page_id=1169"},"modified":"2024-06-29T12:08:58","modified_gmt":"2024-06-29T12:08:58","slug":"lectio-divina-ciclo-b-tiempo-ordinario-domingo-xv","status":"publish","type":"page","link":"https:\/\/parroquialanatividad.org\/?page_id=1169","title":{"rendered":"LECTIO DIVINA &#8211; CICLO B &#8211; TIEMPO ORDINARIO DOMINGO XV"},"content":{"rendered":"\n<div class=\"wp-block-file alignright\"><a id=\"wp-block-file--media-dfd9b174-e5ad-4b4d-90fa-5e71b7a579a8\" href=\"https:\/\/parroquialanatividad.org\/wp-content\/uploads\/2024\/06\/LECTIO-CICLO-B-TIEMPO-ORDINARIO-15-.pdf\" target=\"_blank\" rel=\"noreferrer noopener\">LECTIO &#8211; CICLO B &#8211; TIEMPO ORDINARIO 15 <\/a><a href=\"https:\/\/parroquialanatividad.org\/wp-content\/uploads\/2024\/06\/LECTIO-CICLO-B-TIEMPO-ORDINARIO-15-.pdf\" class=\"wp-block-file__button wp-element-button\" download aria-describedby=\"wp-block-file--media-dfd9b174-e5ad-4b4d-90fa-5e71b7a579a8\">Descargar<\/a><\/div>\n\n\n<h3><strong>Lectura de la profec\u00eda de Am\u00f3s 7, 12-15<\/strong><\/h3>\n<p>En aquellos d\u00edas, Amas\u00edas, sacerdote de Betel, dijo a Am\u00f3s:<\/p>\n<p>\u00abVidente: vete, huye al territorio de Jud\u00e1. All\u00ed podr\u00e1s ganarte el pan, y all\u00ed profetizar\u00e1s. Pero en Betel no vuelvas a profetizar, porque es el santuario del rey y la casa del reino\u00bb.<\/p>\n<p>Pero Am\u00f3s respondi\u00f3 a Amas\u00edas:<\/p>\n<p>\u00abYo no soy profeta ni hijo de profeta. Yo era un pastor y un cultivador de sicomoros.<\/p>\n<p>Pero el Se\u00f1or me arranc\u00f3 de mi reba\u00f1o y me dijo: \u201cVe, profetiza a mi pueblo Israel\u201d\u00bb.<\/p>\n<h3><strong>Salmo 84, 9abc y 10. 11-12. 13-14<\/strong><\/h3>\n<h4><strong>R.\/ Mu\u00e9stranos, Se\u00f1or, tu misericordia y danos tu salvaci\u00f3n.<\/strong><\/h4>\n<p>Voy a escuchar lo que dice el Se\u00f1or:<br \/>\u00abDios anuncia la paz<br \/>a su pueblo y a sus amigos\u00bb.<br \/>La salvaci\u00f3n est\u00e1 cerca de los que lo temen,<br \/>y la gloria habitar\u00e1 en nuestra tierra. R.\/<\/p>\n<p>La misericordia y la fidelidad se encuentran,<br \/>la justicia y la paz se besan;<br \/>la fidelidad brota de la tierra,<br \/>y la justicia mira desde el cielo. R.\/<\/p>\n<p>El Se\u00f1or nos dar\u00e1 la lluvia,<br \/>y nuestra tierra dar\u00e1 su fruto.<br \/>La justicia marchar\u00e1 ante \u00e9l,<br \/>y sus pasos se\u00f1alar\u00e1n el camino. R.\/<\/p>\n<h3><strong>Lectura de la carta del ap\u00f3stol san Pablo a los Efesios 1, 3-14<\/strong><\/h3>\n<p>Bendito sea Dios, Padre de nuestro Se\u00f1or Jesucristo, que nos ha bendecido en Cristo con toda clase de bendiciones espirituales en los cielos.<\/p>\n<p>\u00c9l nos eligi\u00f3 en Cristo antes de la fundaci\u00f3n del mundo para que fu\u00e9semos santos e intachables ante \u00e9l por el amor.<\/p>\n<p>\u00c9l nos ha destinado por medio de Jesucristo, seg\u00fan el benepl\u00e1cito de su voluntad, a ser sus hijos, para alabanza de la gloria de su gracia, que tan generosamente nos ha concedido en el Amado.<\/p>\n<p>En \u00e9l, por su sangre, tenemos la redenci\u00f3n, el perd\u00f3n de los pecados, conforme a la riqueza de la gracia que en su sabidur\u00eda y prudencia ha derrochado sobre nosotros, d\u00e1ndonos a conocer el misterio de su voluntad: el plan que hab\u00eda proyectado realizar por Cristo, en la plenitud de los tiempos: recapitular en Cristo todas las cosas del cielo y de la tierra.<\/p>\n<p>En \u00e9l hemos heredado tambi\u00e9n los que ya est\u00e1bamos destinados por decisi\u00f3n del que lo hace todo seg\u00fan su voluntad, para que seamos alabanza de su gloria quienes antes esper\u00e1bamos en el Mes\u00edas.<\/p>\n<p>En \u00e9l tambi\u00e9n vosotros, despu\u00e9s de haber escuchado la palabra de la verdad -el evangelio de vuestra salvaci\u00f3n-, creyendo en \u00e9l hab\u00e9is sido marcados con el sello del Esp\u00edritu Santo prometido.<\/p>\n<p>\u00c9l es la prenda de nuestra herencia, mientras llega la redenci\u00f3n del pueblo de su propiedad, para alabanza de su gloria.<\/p>\n<h3><strong>Lectura del santo Evangelio seg\u00fan san Marcos 6, 7-13<\/strong><\/h3>\n<p>En aquel tiempo, Jes\u00fas llam\u00f3 a los Doce y los fue enviando de dos en dos, d\u00e1ndoles autoridad sobre los esp\u00edritus inmundos. Les encarg\u00f3 que llevaran para el camino un bast\u00f3n y nada m\u00e1s, pero ni pan, ni alforja, ni dinero suelto en la faja; que llevasen sandalias, pero no una t\u00fanica de repuesto.<\/p>\n<p>Y dec\u00eda:<\/p>\n<p>\u00abQuedaos en la casa donde entr\u00e9is, hasta que os vay\u00e1is de aquel sitio. Y si un lugar no os recibe ni os escucha, al marcharos sacud\u00edos el polvo de los pies, en testimonio contra ellos\u00bb.<\/p>\n<p>Ellos salieron a predicar la conversi\u00f3n, echaban muchos demonios, ung\u00edan con aceite a muchos enfermos y los curaban.<\/p>\n<h3><strong>COMENTARIO<\/strong><\/h3>\n<p>El Evangelio de hoy narra el momento en el que Jes\u00fas env\u00eda a los Doce en misi\u00f3n. Despu\u00e9s de haberles llamado por su nombre uno por uno, \u00abpara que estuvieran con \u00e9l\u00bb (<em>Marcos<\/em>\u00a03, 14) escuchando sus palabras y observando sus gestos de sanaci\u00f3n, entonces les convoca de nuevo para \u00abenviarlos de dos en dos\u00bb (6, 7) a los pueblos a los que \u00c9l iba a ir. Son una especie de \u00abpr\u00e1cticas\u00bb de lo que ser\u00e1n llamados a hacer despu\u00e9s de la Resurrecci\u00f3n del Se\u00f1or con el poder del Esp\u00edritu Santo. El pasaje evang\u00e9lico se detiene en el estilo del misionero, que podemos resumir en dos puntos: la misi\u00f3n tiene un centro; la misi\u00f3n tiene un rostro.<\/p>\n<p>El disc\u00edpulo misionero tiene antes que nada su centro de referencia, que es la persona de Jes\u00fas.\u00a0[\u2026] Los ap\u00f3stoles no tienen nada propio que anunciar, ni propias capacidades que demostrar, sino que hablan y act\u00faan como \u00abenviados\u00bb, como mensajeros de Jes\u00fas.<\/p>\n<p>Este episodio evang\u00e9lico se refiere tambi\u00e9n a nosotros, y no solo a los sacerdotes, sino a todos los bautizados, llamados a testimoniar, en los distintos ambientes de vida, el Evangelio de Cristo. Y tambi\u00e9n para nosotros esta misi\u00f3n es aut\u00e9ntica solo a partir de su centro inmutable que es Jes\u00fas.\u00a0[\u2026]<\/p>\n<p>La segunda caracter\u00edstica del estilo del misionero es, por as\u00ed decir, un rostro, que consiste en la pobreza de medios. Su equipamiento responde a un criterio de sobriedad. Los Doce, de hecho, tienen la orden de \u00abque nada tomasen para el camino, fuera de un bast\u00f3n: ni pan, ni alforja, ni calderilla en la faja\u00bb (v. 8). El Maestro les quiere libres y ligeros, sin apoyos y sin favores, seguros solo del amor de \u00c9l que les env\u00eda, fuerte solo por su palabra que van a anunciar. (Papa Francisco 15-07-2018)<\/p>\n<h3><strong>COMPRENDER EL TEXTO (Comentarios al Antiguo y al Nuevo Testamento. La Casa de la Biblia)<\/strong><\/h3>\n<p>La <strong>Lectura de la profec\u00eda de Am\u00f3s<\/strong> se trata de una pieza fundamental para comprender en el caso de Am\u00f3s, y de manera m\u00e1s general en la actividad prof\u00e9tica, los or\u00edgenes del conflicto prof\u00e9tico, la tensi\u00f3n entre profec\u00eda e instituci\u00f3n. Ante el rey, que tiene su santuario oficial, con su sacerdocio institucional, se alza la voz denunciadora del profeta que no cae bajo su control. Es por eso interesante que Am\u00f3s, en este contexto, haga una alusi\u00f3n breve, pero significativa a su propia vocaci\u00f3n y al origen de su misi\u00f3n: \u00e9l no es profeta <em>profesiona<\/em>l o contratado (as\u00ed responde a la \u00abinvitaci\u00f3n\u00bb que le hace Amas\u00edas para ganarse<em> la vida profetizando en Jud\u00e1<\/em>); \u00e9l tiene que profetizar, pero no como si esa fuera su profesi\u00f3n o su oficio habitual, sino como resultado de una acci\u00f3n \u00abviolenta\u00bb de Dios que interrumpe la normalidad de su vida (<em>el Se\u00f1or me arranc\u00f3 de mi reba\u00f1o<\/em>). \u00c9l se ganaba la vida como pastor, no como profeta. El que hace de la profec\u00eda un medio de vida no es un verdadero profeta y no se atrever\u00e1 a profetizar contra el pueblo ni contra su rey ya que en ello se juega su sustento. Am\u00f3s no pertenece a esta clase de profetas.<\/p>\n<p><strong>Lectura de la carta del ap\u00f3stol san Pablo a los Efesios 1, 3-14 El plan salvador de Dios.<\/strong> Est\u00e1 expresado en una maravillosa doxolog\u00eda en la que el autor desborda en sentimientos de reconocimiento y alabanza a Dios por los beneficios que tan generosamente nos ha otorgado. 1 Pe 1,3ss. presenta otra doxolog\u00eda semejante. La bendici\u00f3n se dirige al Padre como fuente \u00faltima de todas las gracias concedidas a los hombres. (&#8230;)<\/p>\n<p>El Padre nos elige y predestina (Ef 1,3-6). Desde la eternidad, en acto singular de amor, nos ha elegido para ser su pueblo y en consecuencia para que nos mantengamos <em>sin mancha en su presencia<\/em> (literalmente para que seamos \u00absantos e intachables\u00bb). El primer t\u00e9rmino expresa la separaci\u00f3n del mundo y la consagraci\u00f3n a Dios. El segundo recuerda la v\u00edctima del sacrificio que hab\u00eda de ser \u00absin mancilla\u00bb. Se trata de una santidad no meramente externa sino interior y verdadera, la \u00fanica que puede agradar a Dios.<\/p>\n<p>A la elecci\u00f3n sigue la predestinaci\u00f3n cuyo objeto es la adopci\u00f3n de hijos suyos por Jesucristo. Lo que hab\u00eda sido prometido por Dios en el Antiguo Testamento (Ex 4,22; Dt 14,1; 32,6; Jr 31,9; Os 11,1) y pose\u00eddo s\u00f3lo en ra\u00edz por el pueblo de Israel, se verifica ahora en el Nuevo Testamento y se consumar\u00e1 en la gloria (Rom 8,23), donde \u00abse manifestar\u00e1 lo que hemos de ser\u00bb (1 Jn 3,2). Adopci\u00f3n no meramente legal, al estilo de la humana, ni colectiva como la de Israel, sino interior y real que nos hace part\u00edcipes de la naturaleza misma de Dios (2 Pe 1,4). Dos notas se mencionan respecto de la predestinaci\u00f3n: el car\u00e1cter gratuito de la misma y, el \u00faltimo fin a que se ordena, la alabanza de la gloria de Dios. La causa final de nuestra predestinaci\u00f3n es la glorificaci\u00f3n de la benevolencia y liberalidad con que Dios nos ha concedido todos los dones que nos ha otorgado por Cristo y que brillar\u00e1n de tal manera que causar\u00e1 la admiraci\u00f3n de los hombres y de los mismos \u00e1ngeles.<\/p>\n<p><strong>Evangelio seg\u00fan san Marcos. Resumen de la actividad de Jes\u00fas y misi\u00f3n de los Doce. <\/strong>Seg\u00fan el texto de Mc 3,14-15, el grupo de los Doce fue instituido por Jes\u00fas <em>para que lo acompa\u00f1aran y para enviarlos a predicar, con poder de expulsar a los demonios<\/em>. Le han acompa\u00f1ado ya durante un prolongado per\u00edodo de tiempo. Han escuchado su ense\u00f1anza en par\u00e1bolas y sus explicaciones complementarias. Han presenciado sus milagros. Ahora deben emprender la segunda fase del programa, predicando la conversi\u00f3n y dando a conocer la oferta divina de salvaci\u00f3n. Para ello reciben unas instrucciones concretas, que conservan su sentido y valor en todo tiempo y lugar. Pueden reducirse a una: deben ir provistos abundantemente de falta de seguridades. Los enviados que conf\u00eden m\u00e1s en sus propios medios, en su propio equipaje, que en la fuerza del mensaje a comunicar, perder\u00e1n su credibilidad.<\/p>\n<h3><strong>ACTUALIZAMOS<\/strong><\/h3>\n<ol>\n<li><strong><em>\u201c\u00c9l nos ha destinado por medio de Jesucristo, seg\u00fan el benepl\u00e1cito de su voluntad, a ser sus hijos\u201d:<\/em><\/strong><\/li>\n<\/ol>\n<p>Y t\u00fa, \u00bfvives como hijo de Dios?<\/p>\n<ol start=\"2\">\n<li><strong><em>\u201cEn \u00e9l, por su sangre, tenemos la redenci\u00f3n, el perd\u00f3n de los pecados\u201d:<\/em><\/strong><\/li>\n<\/ol>\n<p>\u00bfTe sabes redimido por Dios y perdonado?<\/p>\n<ol start=\"3\">\n<li><strong><em>\u201cCreyendo en \u00e9l hab\u00e9is sido marcados con el sello del Esp\u00edritu Santo prometido\u201d:<\/em><\/strong><\/li>\n<\/ol>\n<p>\u00bfTe acompa\u00f1a el Esp\u00edritu Santo en tu discernimiento, en tus elecciones?<\/p>\n<ol start=\"4\">\n<li><strong><em>\u201cJes\u00fas llam\u00f3 a los Doce y los fue enviando de dos en dos\u201d:<\/em><\/strong><\/li>\n<\/ol>\n<p>Jes\u00fas te llama y te env\u00eda, \u00bfest\u00e1s llamado y enviado junto con tu comunidad?<\/p>","protected":false},"excerpt":{"rendered":"<p>Lectura de la profec\u00eda de Am\u00f3s 7, 12-15 En aquellos d\u00edas, Amas\u00edas, sacerdote de Betel, dijo a Am\u00f3s: \u00abVidente: vete, huye al territorio de Jud\u00e1. All\u00ed podr\u00e1s ganarte el pan, y all\u00ed profetizar\u00e1s. Pero en Betel no vuelvas a profetizar, porque es el santuario del rey y la casa del reino\u00bb. Pero Am\u00f3s respondi\u00f3 a &hellip; <\/p>\n<p class=\"link-more\"><a href=\"https:\/\/parroquialanatividad.org\/?page_id=1169\" class=\"more-link\">Continuar leyendo<span class=\"screen-reader-text\"> \u00abLECTIO DIVINA &#8211; CICLO B &#8211; TIEMPO ORDINARIO DOMINGO XV\u00bb<\/span><\/a><\/p>\n","protected":false},"author":3,"featured_media":0,"parent":0,"menu_order":0,"comment_status":"closed","ping_status":"closed","template":"","meta":{"footnotes":""},"ppma_author":[52],"class_list":["post-1169","page","type-page","status-publish","hentry"],"post_mailing_queue_ids":[],"_links":{"self":[{"href":"https:\/\/parroquialanatividad.org\/index.php?rest_route=\/wp\/v2\/pages\/1169"}],"collection":[{"href":"https:\/\/parroquialanatividad.org\/index.php?rest_route=\/wp\/v2\/pages"}],"about":[{"href":"https:\/\/parroquialanatividad.org\/index.php?rest_route=\/wp\/v2\/types\/page"}],"author":[{"embeddable":true,"href":"https:\/\/parroquialanatividad.org\/index.php?rest_route=\/wp\/v2\/users\/3"}],"replies":[{"embeddable":true,"href":"https:\/\/parroquialanatividad.org\/index.php?rest_route=%2Fwp%2Fv2%2Fcomments&post=1169"}],"version-history":[{"count":3,"href":"https:\/\/parroquialanatividad.org\/index.php?rest_route=\/wp\/v2\/pages\/1169\/revisions"}],"predecessor-version":[{"id":1175,"href":"https:\/\/parroquialanatividad.org\/index.php?rest_route=\/wp\/v2\/pages\/1169\/revisions\/1175"}],"wp:attachment":[{"href":"https:\/\/parroquialanatividad.org\/index.php?rest_route=%2Fwp%2Fv2%2Fmedia&parent=1169"}],"wp:term":[{"taxonomy":"author","embeddable":true,"href":"https:\/\/parroquialanatividad.org\/index.php?rest_route=%2Fwp%2Fv2%2Fppma_author&post=1169"}],"curies":[{"name":"wp","href":"https:\/\/api.w.org\/{rel}","templated":true}]}}