{"id":1134,"date":"2024-06-19T15:05:36","date_gmt":"2024-06-19T15:05:36","guid":{"rendered":"https:\/\/parroquialanatividad.org\/?page_id=1134"},"modified":"2024-06-19T15:05:52","modified_gmt":"2024-06-19T15:05:52","slug":"lectio-divina-ciclo-b-tiempo-ordinario-domingo-xii","status":"publish","type":"page","link":"https:\/\/parroquialanatividad.org\/?page_id=1134","title":{"rendered":"LECTIO DIVINA &#8211; CICLO B &#8211; TIEMPO ORDINARIO DOMINGO XII"},"content":{"rendered":"\n<div class=\"wp-block-file alignright\"><a id=\"wp-block-file--media-013df8ea-3646-4322-a4ea-34e4dcc218cb\" href=\"https:\/\/parroquialanatividad.org\/wp-content\/uploads\/2024\/06\/LECTIO-CICLO-B-TIEMPO-ORDINARIO-12.pdf\" target=\"_blank\" rel=\"noreferrer noopener\">LECTIO &#8211; CICLO B &#8211; TIEMPO ORDINARIO 12<\/a><a href=\"https:\/\/parroquialanatividad.org\/wp-content\/uploads\/2024\/06\/LECTIO-CICLO-B-TIEMPO-ORDINARIO-12.pdf\" class=\"wp-block-file__button wp-element-button\" download aria-describedby=\"wp-block-file--media-013df8ea-3646-4322-a4ea-34e4dcc218cb\">Descargar<\/a><\/div>\n\n\n<h3><strong>Lectura del libro de Job 38,1. 8-11<\/strong><\/h3>\n<p>El Se\u00f1or habl\u00f3 a Job desde la tormenta:<\/p>\n<p>\u00ab\u00bfQui\u00e9n cerr\u00f3 el mar con una puerta, cuando escapaba impetuoso de su seno, cuando le puse nubes por mantillas y nubes tormentosas por pa\u00f1ales, cuando le establec\u00ed un l\u00edmite poniendo puertas y cerrojos, y le dije: \u201cHasta aqu\u00ed llegar\u00e1s y no pasar\u00e1s; aqu\u00ed se romper\u00e1 la arrogancia de tus olas\u201d?\u00bb.<\/p>\n<h3><strong>Salmo 106, 23-24. 25-26. 28-29. 30-31<\/strong><\/h3>\n<h4><strong>R.\/ \u00a1Dad gracias al Se\u00f1or, porque es eterna su misericordia!<\/strong><\/h4>\n<p>Entraron en naves por el mar,<br \/>comerciando por las aguas inmensas.<br \/>Contemplaron las obras de Dios,<br \/>sus maravillas en el oc\u00e9ano. R.\/<\/p>\n<p>\u00c9l habl\u00f3 y levant\u00f3 un viento tormentoso,<br \/>que alzaba las olas a lo alto:<br \/>sub\u00edan al cielo, bajaban al abismo,<br \/>se sent\u00edan sin fuerzas en el peligro. R.\/<\/p>\n<p>Pero gritaron al Se\u00f1or en su angustia,<br \/>y los arranc\u00f3 de la tribulaci\u00f3n.<br \/>Apacigu\u00f3 la tormenta en suave brisa,<br \/>y enmudecieron las olas del mar. R.\/<\/p>\n<p>Se alegraron de aquella bonanza,<br \/>y \u00e9l los condujo al ansiado puerto.<br \/>Den gracias al Se\u00f1or por su misericordia,<br \/>por las maravillas que hace con los hombres. R.\/<\/p>\n<h3><strong>Lectura de la segunda carta del ap\u00f3stol san Pablo a los Corintios 5, 14-17<\/strong><\/h3>\n<p>Hermanos:<\/p>\n<p>Nos apremia el amor de Cristo al considerar que, si uno muri\u00f3 por todos, todos murieron.<\/p>\n<p>Y Cristo muri\u00f3 por todos, para que los que viven ya no vivan para s\u00ed, sino para el que muri\u00f3 y resucit\u00f3 por ellos.<\/p>\n<p>De modo que nosotros desde ahora no conocemos a nadie seg\u00fan la carne; si alguna vez conocimos a Cristo seg\u00fan la carne, ahora ya no lo conocemos as\u00ed.<\/p>\n<p>Por tanto, si alguno est\u00e1 en Cristo es una criatura nueva. Lo viejo ha pasado, ha comenzado lo nuevo.<\/p>\n<h3><strong>Lectura del santo Evangelio seg\u00fan san Marcos 4, 35-41<\/strong><\/h3>\n<p>Aquel d\u00eda, al atardecer, dijo Jes\u00fas a sus disc\u00edpulos:<\/p>\n<p>\u00abVamos a la otra orilla\u00bb<\/p>\n<p>Dejando a la gente, se lo llevaron en barca, como estaba; otras barcas lo acompa\u00f1aban. Se levant\u00f3 una fuerte tempestad y las olas romp\u00edan contra la barca hasta casi llenarla de agua. \u00c9l estaba en la popa, dormido sobre un cabezal.<\/p>\n<p>Lo despertaron, dici\u00e9ndole:<\/p>\n<p>\u00abMaestro, \u00bfno te importa que perezcamos?\u00bb.<\/p>\n<p>Se puso en pie, increp\u00f3 al viento y dijo al mar:<\/p>\n<p>\u00ab\u00a1Silencio, enmudece!\u00bb<\/p>\n<p>El viento ces\u00f3 y vino una gran calma.<\/p>\n<p>\u00c9l les dijo:<\/p>\n<p>\u00ab\u00bfPor qu\u00e9 ten\u00e9is miedo? \u00bfA\u00fan no ten\u00e9is fe?\u00bb.<\/p>\n<p>Se llenaron de miedo y se dec\u00edan unos a otros:<\/p>\n<p>\u00ab\u00bfPero qui\u00e9n es este? \u00a1Hasta el viento y el mar lo obedecen!\u00bb.<\/p>\n<h3><strong>COMENTARIO<\/strong><\/h3>\n<p>El mar, poderoso y violento, inspiraba temor a los antiguos israelitas, quienes ve\u00edan en \u00e9l un enemigo de Dios. Pero Dios no tiene rival, su dominio sobre el mar era indiscutible, y as\u00ed lo expresa el libro de Job. El evangelio de Marcos, desde la certeza de que Jes\u00fas es Dios, lo muestra calmando la tempestad que amenazaba las vidas y la fe de los disc\u00edpulos. A quienes hemos subido a la barca de Jes\u00fas nos siguen amenazando tormentas, nos inunda el miedo y la falta de fe. Sin duda las lecturas de este domingo pueden ayudarnos a confiar en Cristo, a vivir desde \u00e9l.<\/p>\n<h3><strong>COMPRENDER EL TEXTO<\/strong><\/h3>\n<p>Dice Marcos que a los disc\u00edpulos se les ha concedido conocer los misterios del Reino (Mc 4,11), es decir, conocer a Jes\u00fas en quien se hace presente el Reino. Pero ello no les libra de la duda y oscuridad respecto al Maestro. De hecho, cuando les amenaza una tempestad en el lago de Galilea tienen miedo y dudan a pesar de que Jes\u00fas est\u00e1 con ellos en la barca.<\/p>\n<p>Jes\u00fas toma la iniciativa de cruzar, con sus disc\u00edpulos, el mar de Galilea. Quiere que la Buena Noticia llegue a territorio pagano, pero la difusi\u00f3n del Reino, del que hablaban las par\u00e1bolas, se ve obstaculizada por el mal. En el pasaje de este domingo que adopta la forma literaria de relato de milagro, el mal est\u00e1 representado por una gran tempestad.<\/p>\n<p>La experiencia de una tormenta en el mar de Galilea no ser\u00eda ajena a los disc\u00edpulos, muchos de ellos eran pescadores. Pero Marcos en su relato va m\u00e1s all\u00e1 del simple fen\u00f3meno meteorol\u00f3gico. El evangelista recoge del Antiguo Testamento el tema de la tormenta para simbolizar las graves amenazas a que se ve expuesta la comunidad de disc\u00edpulos en su tarea de difundir el Reinado de Dios. De esta manera, cuando las primeras comunidades reflexionan sobre este pasaje, recordaban las dificultades con que se encontraban en su vida como cristianos y en su tarea misionera.<\/p>\n<p>Adem\u00e1s, este relato les recordaba dos cosas que Marcos quiere dejar muy claras en su evangelio: qui\u00e9n es Jes\u00fas y cu\u00e1les son las caracter\u00edsticas del verdadero disc\u00edpulo.<\/p>\n<p>El Antiguo Testamento relata con frecuencia el poder de Dios sobre la tormenta y el mar, y c\u00f3mo rescata a su pueblo de situaciones de apuro (ejemplo el salmo responsorial de hoy). Ese poder atribuido a Dios en el Antiguo Testamento se aplica ahora a Jes\u00fas, que obra como lo hizo Dios, lo que muestra su divinidad. El descanso que parec\u00eda mantenerle ajeno al miedo de los disc\u00edpulos es, en realidad, expresi\u00f3n de su soberan\u00eda, seguridad y dominio. Sin embargo los disc\u00edpulos no reconocen a ese Jes\u00fas y se sienten desamparados.<\/p>\n<p>Seguir a Jes\u00fas supone afrontar una existencia llena de adversidades, de tormentas, y a veces el miedo es m\u00e1s fuerte que la confianza. Jes\u00fas calma el mar con su palabra y despu\u00e9s reprocha a sus disc\u00edpulos su falta de fe. Sin duda este reproche ser\u00eda un toque de atenci\u00f3n para la comunidad de Marcos: cualquier embate se puede resistir si Jes\u00fas est\u00e1 en la barca. Lo importante ser\u00e1 mirarle a \u00e9l, fiarse de \u00e9l. Por tanto, la fe del disc\u00edpulo debe ser fuerte y serena, incluso cuando aparece la tempestad y Dios parece guardar silencio.<\/p>\n<p>La pregunta que cierra este pasaje: \u201c\u00bfQui\u00e9n es \u00e9ste?\u201d no s\u00f3lo se la hicieron los contempor\u00e1neos de Jes\u00fas, tambi\u00e9n nosotros. Marcos nos invita hoy, desde las tormentas de nuestra vida, a responderla.<\/p>\n<h3><strong>MEDITAMOS Y ACTUALIZAMOS<\/strong><\/h3>\n<p>Este relato de la tempestad calmada ha puesto ante nuestros ojos qui\u00e9n es Jes\u00fas y nos ha mostrado que la fe en \u00e9l debe ser una de las caracter\u00edsticas del disc\u00edpulo. Pero a los seguidores de Jes\u00fas, a los embarcados con \u00e9l en la traves\u00eda de ser cristianos, nos siguen azotando las olas y continuamos teniendo miedo. Quiz\u00e1 este pasaje puede ayudarnos a confiar en aquel que llevar\u00e1 la barca a buen puerto.<\/p>\n<ol>\n<li><strong>Fe: <em>\u201c\u00bfPor qu\u00e9 ten\u00e9is miedo? \u00bfA\u00fan no ten\u00e9is fe?\u201d<\/em><\/strong><\/li>\n<\/ol>\n<p>\u00bfQu\u00e9 sentimientos y qu\u00e9 convicciones de fe ha suscitado en ti este pasaje?<\/p>\n<p>\u00bfQu\u00e9 tempestades azotan mi vida en estos momentos?<\/p>\n<p>\u00bfY la vida de nuestra comunidad cristiana?<\/p>\n<p>\u00bfC\u00f3mo reacciono ante ellas?<\/p>\n<p>\u00bfSoy consciente de la presencia de Jes\u00fas?<\/p>\n<ol start=\"2\">\n<li><strong>Caridad:<\/strong> <strong>Cuando las tormentas agitan la vida de nuestra comunidad cristiana.<\/strong><\/li>\n<\/ol>\n<p>\u00bfC\u00f3mo nos implicamos?<\/p>\n<p>\u00bfEncontramos alguna invitaci\u00f3n al compromiso desde este pasaje?<\/p>\n<ol start=\"3\">\n<li><strong>Esperanza:<\/strong> <strong>Si Jes\u00fas sostuvo a sus disc\u00edpulos en medio de la tempestad.<\/strong><\/li>\n<\/ol>\n<p>\u00bfQu\u00e9 puedo esperar para mi vida?<\/p>\n<p>\u00bfQu\u00e9 podemos esperar como comunidad cristiana y como Iglesia?<\/p>","protected":false},"excerpt":{"rendered":"<p>Lectura del libro de Job 38,1. 8-11 El Se\u00f1or habl\u00f3 a Job desde la tormenta: \u00ab\u00bfQui\u00e9n cerr\u00f3 el mar con una puerta, cuando escapaba impetuoso de su seno, cuando le puse nubes por mantillas y nubes tormentosas por pa\u00f1ales, cuando le establec\u00ed un l\u00edmite poniendo puertas y cerrojos, y le dije: \u201cHasta aqu\u00ed llegar\u00e1s y &hellip; <\/p>\n<p class=\"link-more\"><a href=\"https:\/\/parroquialanatividad.org\/?page_id=1134\" class=\"more-link\">Continuar leyendo<span class=\"screen-reader-text\"> \u00abLECTIO DIVINA &#8211; CICLO B &#8211; TIEMPO ORDINARIO DOMINGO XII\u00bb<\/span><\/a><\/p>\n","protected":false},"author":3,"featured_media":0,"parent":0,"menu_order":0,"comment_status":"closed","ping_status":"closed","template":"","meta":{"footnotes":""},"ppma_author":[52],"class_list":["post-1134","page","type-page","status-publish","hentry"],"post_mailing_queue_ids":[],"_links":{"self":[{"href":"https:\/\/parroquialanatividad.org\/index.php?rest_route=\/wp\/v2\/pages\/1134"}],"collection":[{"href":"https:\/\/parroquialanatividad.org\/index.php?rest_route=\/wp\/v2\/pages"}],"about":[{"href":"https:\/\/parroquialanatividad.org\/index.php?rest_route=\/wp\/v2\/types\/page"}],"author":[{"embeddable":true,"href":"https:\/\/parroquialanatividad.org\/index.php?rest_route=\/wp\/v2\/users\/3"}],"replies":[{"embeddable":true,"href":"https:\/\/parroquialanatividad.org\/index.php?rest_route=%2Fwp%2Fv2%2Fcomments&post=1134"}],"version-history":[{"count":2,"href":"https:\/\/parroquialanatividad.org\/index.php?rest_route=\/wp\/v2\/pages\/1134\/revisions"}],"predecessor-version":[{"id":1137,"href":"https:\/\/parroquialanatividad.org\/index.php?rest_route=\/wp\/v2\/pages\/1134\/revisions\/1137"}],"wp:attachment":[{"href":"https:\/\/parroquialanatividad.org\/index.php?rest_route=%2Fwp%2Fv2%2Fmedia&parent=1134"}],"wp:term":[{"taxonomy":"author","embeddable":true,"href":"https:\/\/parroquialanatividad.org\/index.php?rest_route=%2Fwp%2Fv2%2Fppma_author&post=1134"}],"curies":[{"name":"wp","href":"https:\/\/api.w.org\/{rel}","templated":true}]}}