{"id":1062,"date":"2024-05-11T16:23:06","date_gmt":"2024-05-11T16:23:06","guid":{"rendered":"https:\/\/parroquialanatividad.org\/?page_id=1062"},"modified":"2024-05-11T16:23:32","modified_gmt":"2024-05-11T16:23:32","slug":"lectio-divina-ciclo-b-pascua-domingo-viii-pentecostes","status":"publish","type":"page","link":"https:\/\/parroquialanatividad.org\/?page_id=1062","title":{"rendered":"LECTIO DIVINA &#8211; CICLO B &#8211; PASCUA DOMINGO VIII \u00abPENTECOST\u00c9S\u00bb"},"content":{"rendered":"\n<div class=\"wp-block-file alignright\"><a id=\"wp-block-file--media-cc8b25aa-feec-4fa5-87a9-9d44d2fb5329\" href=\"https:\/\/parroquialanatividad.org\/wp-content\/uploads\/2024\/05\/LECTIO-CICLO-B-PASCUA-8.pdf\" target=\"_blank\" rel=\"noreferrer noopener\">LECTIO &#8211; CICLO B &#8211; PASCUA 8<\/a><a href=\"https:\/\/parroquialanatividad.org\/wp-content\/uploads\/2024\/05\/LECTIO-CICLO-B-PASCUA-8.pdf\" class=\"wp-block-file__button wp-element-button\" download aria-describedby=\"wp-block-file--media-cc8b25aa-feec-4fa5-87a9-9d44d2fb5329\">Descargar<\/a><\/div>\n\n\n<h3><strong>Lectura del libro de los Hechos de los Ap\u00f3stoles 2, 1-11<\/strong><\/h3>\n<p>Al cumplirse el d\u00eda de Pentecost\u00e9s, estaban todos juntos en el mismo lugar. De repente, se produjo desde el cielo un estruendo, como de viento que soplaba fuertemente, y llen\u00f3 toda la casa donde se encontraban sentados. Vieron aparecer unas lenguas, como llamaradas, que se divid\u00edan, pos\u00e1ndose encima de cada uno de ellos. Se llenaron todos de Esp\u00edritu Santo y empezaron a hablar en otras lenguas, seg\u00fan el Esp\u00edritu les conced\u00eda manifestarse.<\/p>\n<p>Resid\u00edan entonces en Jerusal\u00e9n jud\u00edos devotos venidos de todos los pueblos que hay bajo el cielo. Al o\u00edrse este ruido, acudi\u00f3 la multitud y quedaron desconcertados, porque cada uno los o\u00eda hablar en su propia lengua. Estaban todos estupefactos y admirados, diciendo:<\/p>\n<p>\u00ab\u00bfNo son galileos todos esos que est\u00e1n hablando? Entonces, \u00bfc\u00f3mo es que cada uno de nosotros los o\u00edmos hablar en nuestra lengua nativa?<\/p>\n<p>Entre nosotros hay partos, medos, elamitas y habitantes de Mesopotamia, de Judea y Capadocia, del Ponto y Asia, de Frigia y Panfilia, de Egipto y de la zona de Libia que limita con Cirene; hay ciudadanos romanos forasteros, tanto jud\u00edos como pros\u00e9litos; tambi\u00e9n hay cretenses y \u00e1rabes; y cada uno los o\u00edmos hablar de las grandezas de Dios en nuestra propia lengua\u00bb.<\/p>\n<h3><strong>Salmo 103, 1ab y 24ac. 29bc-30. 31 y 34<\/strong><\/h3>\n<h4><strong>R.\/ Env\u00eda tu Esp\u00edritu, Se\u00f1or, y repuebla la faz de la tierra.<\/strong><\/h4>\n<p>Bendice, alma m\u00eda, al Se\u00f1or:<br \/>\u00a1Dios m\u00edo, qu\u00e9 grande eres!<br \/>Cu\u00e1ntas son tus obras, Se\u00f1or;<br \/>la tierra est\u00e1 llena de tus criaturas. R.\/<\/p>\n<p>Les retiras el aliento, y expiran<br \/>y vuelven a ser polvo;<br \/>env\u00edas tu esp\u00edritu, y los creas,<br \/>y repueblas la faz de la tierra. R.\/<\/p>\n<p>Gloria a Dios para siempre,<br \/>goce el Se\u00f1or con sus obras;<br \/>que le sea agradable mi poema,<br \/>y yo me alegrar\u00e9 con el Se\u00f1or. R.\/<\/p>\n<h3><strong>Lectura de la primera carta del ap\u00f3stol san Pablo a los Corintios 12, 3b-7. 12-13<\/strong><\/h3>\n<p>Hermanos:<\/p>\n<p>Nadie puede decir: \u00abJes\u00fas es Se\u00f1or\u00bb, sino por el Esp\u00edritu Santo.<\/p>\n<p>Y hay diversidad de carismas, pero un mismo Esp\u00edritu; hay diversidad de ministerios, pero un mismo Se\u00f1or; y hay diversidad de actuaciones, pero un mismo Dios que obra todo en todos. Pero a cada cual se le otorga la manifestaci\u00f3n del Esp\u00edritu para el bien com\u00fan.<\/p>\n<p>Pues, lo mismo que el cuerpo es uno y tiene muchos miembros, y todos los miembros del cuerpo, a pesar de ser muchos, son un solo cuerpo, as\u00ed es tambi\u00e9n Cristo.<\/p>\n<p>Pues todos nosotros, jud\u00edos y griegos, esclavos y libres, hemos sido bautizados en un mismo Esp\u00edritu, para formar un solo cuerpo. Y todos hemos bebido de un solo Esp\u00edritu.<\/p>\n<h3><strong>Lectura del santo Evangelio seg\u00fan san Juan 20, 19-23<\/strong><\/h3>\n<p>Al anochecer de aquel d\u00eda, el primero de la semana, estaban los disc\u00edpulos en una casa, con las puertas cerradas por miedo a los jud\u00edos. Y en esto entr\u00f3 Jes\u00fas, se puso en medio y les dijo:<\/p>\n<p>\u00abPaz a vosotros\u00bb.<\/p>\n<p>Y, diciendo esto, les ense\u00f1\u00f3 las manos y el costado. Y los disc\u00edpulos se llenaron de alegr\u00eda al ver al Se\u00f1or. Jes\u00fas repiti\u00f3:<\/p>\n<p>\u00abPaz a vosotros. Como el Padre me ha enviado, as\u00ed tambi\u00e9n os env\u00edo yo\u00bb.<\/p>\n<p>Y, dicho esto, sopl\u00f3 sobre ellos y les dijo:<\/p>\n<p>\u00abRecibid el Esp\u00edritu Santo; a quienes les perdon\u00e9is los pecados, les quedan perdonados; a quienes se los reteng\u00e1is, les quedan retenidos\u00bb.<\/p>\n<h3><strong>COMENTARIO<\/strong><\/h3>\n<p>Cincuenta d\u00edas despu\u00e9s de haber celebrado la resurrecci\u00f3n de Jes\u00fas, concluimos hoy el tiempo de Pascua. Pentecost\u00e9s es la \u201c<em>Pascua granada<\/em>\u201d, la Pascua madura que produce su mejor fruto: el env\u00edo del Esp\u00edritu Santo. Y de ello hablan las lecturas que hoy hacemos, cada una desde su perspectiva. Tanto el relato evang\u00e9lico como el libro de los Hechos de los Ap\u00f3stoles nos ofrecen su propia versi\u00f3n de este acontecimiento, resaltando diversos aspectos de un mismo misterio. M\u00e1s all\u00e1 de toda diferencia existe una coincidencia de fondo. En ambos casos se resalta que el Esp\u00edritu es el don que el Se\u00f1or hace a sus disc\u00edpulos para que puedan continuar su misi\u00f3n. El salmo nos invita a entender este momento como una \u201c<em>nueva creaci\u00f3n<\/em>\u201d, y Pablo nos recuerda que la acci\u00f3n del Esp\u00edritu se manifiesta de m\u00faltiples maneras, todas ellas para el bien de la comunidad.<\/p>\n<h3><strong>COMPRENDER EL TEXTO<\/strong><\/h3>\n<p>El evangelio es el mismo del segundo domingo de Pascua, aunque abreviado, hoy destacamos los aspectos m\u00e1s relacionados con la fiesta de Pentecost\u00e9s.<\/p>\n<p>Algunos comentaristas, han llamado a esta p\u00e1gina del evangelio de Juan el \u201c<em>Pentecost\u00e9s del cuarto evangelio<\/em>\u201d, pues parece una presentaci\u00f3n diferente del mismo acontecimiento que Lucas nos describe en el pasaje de Hechos proclamado hoy como primera lectura. Aunque cada autor sit\u00faa en un momento temporalmente diferente el acontecimiento. Si, para Lucas, el marco de la venida del Esp\u00edritu es la fiesta de Pentecost\u00e9s, en Juan no se establece un plazo de tiempo entre la Pascua y la venida del Esp\u00edritu, ni tampoco sit\u00faa esta venida en el marco de la fiesta de Pentecost\u00e9s. A diferencia de Hechos, presenta las cosas como si todo hubiera sucedido el mismo d\u00eda de la resurrecci\u00f3n. Recordamos a prop\u00f3sito de esto, que los evangelios no son \u201c<em>cr\u00f3nicas<\/em>\u201d estrictamente hist\u00f3ricas y que las diferencias que encontramos entre ellos se explican por las diversas perspectivas teol\u00f3gicas propias de cada uno. De hecho, en lo que Juan est\u00e1 sumamente interesado es en mostrar la estrecha relaci\u00f3n que existe entre la resurrecci\u00f3n de Jes\u00fas y la efusi\u00f3n del Esp\u00edritu como aspectos complementarios de una misma realidad.<\/p>\n<p>La imagen utilizada por el evangelista es significativamente gr\u00e1fica. El Esp\u00edritu Santo no aparece aqu\u00ed simbolizado por un viento impetuoso o por llamas de fuego, como en Hechos, sino por el mismo aliento vital del Resucitado que \u201c<em>sopl\u00f3<\/em>\u201d sobre sus disc\u00edpulos. Esto nos recuerda el mismo gesto que Dios hizo al crear al ser humano (Gn 2,7).<\/p>\n<p>El don del Esp\u00edritu hace de los disc\u00edpulos personas recreadas, los libera de su vieja condici\u00f3n de \u201c<em>encerrados<\/em>\u201d y los prepara para asumir nuevos desaf\u00edos. Si leemos con atenci\u00f3n este pasaje descubriremos que el relato de Juan vincula este acontecimiento con el env\u00edo a la misi\u00f3n, pues sit\u00faa una cosa inmediatamente a continuaci\u00f3n de la otra.<\/p>\n<p>En este aspecto del env\u00edo, el cuarto evangelio coincide en gran parte con la perspectiva del libro de los Hechos (Hch 1,8). Jes\u00fas env\u00eda a los disc\u00edpulos como \u00e9l ha sido enviado por el Padre, pero no los deja solos, sino que les entrega el Esp\u00edritu para que puedan llevar a cabo la misi\u00f3n. Sin la garant\u00eda del Esp\u00edritu, la comunidad no hubiera superado sus \u201c<em>miedos<\/em>\u201d y la Iglesia quiz\u00e1s no se hubiera puesto en marcha. Pero el evangelio de Juan a\u00f1ade un detalle significativo, introduce junto a la recepci\u00f3n del Esp\u00edritu el tema del perd\u00f3n de los pecados, con lo que la misi\u00f3n encomendada a los disc\u00edpulos se presenta como una tarea de reconciliaci\u00f3n universal.<\/p>\n<p>Recordemos que la donaci\u00f3n del Esp\u00edritu a los disc\u00edpulos no es un \u201c<em>relato sorpresa<\/em>\u201d, es decir, algo totalmente inesperado dentro de la trama del evangelio de Juan. De hecho, Jes\u00fas lo hab\u00eda prometido repetidamente a los disc\u00edpulos durante su despedida en la \u00faltima cena. Lo podemos leer en Juan 14,15.26; 15,26;16,7-15.<\/p>\n<p>El acontecimiento de Pentecost\u00e9s no es algo que pertenece s\u00f3lo al pasado. El Esp\u00edritu Santo contin\u00faa vivo y sigue manifest\u00e1ndose en nuestro mundo, en personas y situaciones concretas.<\/p>\n<h3><strong>ACTUALIZAMOS<\/strong><\/h3>\n<p>La venida del Esp\u00edritu Santo no tiene fecha fija. Juan la sit\u00faa en el momento de la resurrecci\u00f3n, y el libro de los Hechos cincuenta d\u00edas despu\u00e9s de la Pascua. Por eso hoy tambi\u00e9n puede ser Pentecost\u00e9s. El Se\u00f1or Jes\u00fas, que derram\u00f3 su Esp\u00edritu sobre nosotros el d\u00eda de nuestro bautismo, no deja de renovar ese don para que podamos continuar la misi\u00f3n que \u00e9l mismo recibi\u00f3 del Padre.<\/p>\n<ol>\n<li><strong>El Esp\u00edritu Santo ha sido llamado muchas veces \u201c<em>el Gran Desconocido<\/em>\u201d:<\/strong><\/li>\n<\/ol>\n<p>\u00bfC\u00f3mo te ayudan los textos de hoy para conocer mejor qui\u00e9n es y c\u00f3mo act\u00faa?<\/p>\n<ol start=\"2\">\n<li><strong>El Esp\u00edritu Santo es el aliento vital del Resucitado que act\u00faa en nosotros. Su presencia no se ve, pero&#8230;<\/strong><\/li>\n<\/ol>\n<p>\u00bfDe qu\u00e9 modo deber\u00eda \u201cverse\u201d, es decir, notarse en la vida de los creyentes?<\/p>\n<ol start=\"3\">\n<li><strong><em>\u201cRecibid el Esp\u00edritu Santo; a quienes les perdon\u00e9is los pecados&#8230;\u201d:<\/em><\/strong><\/li>\n<\/ol>\n<p>\u00bfQu\u00e9 podr\u00edamos hacer para concretar en nuestra vida personal y comunitaria esa misi\u00f3n de reconciliaci\u00f3n a la que somos enviados?<\/p>\n<ol start=\"4\">\n<li><strong>Tambi\u00e9n hoy los cristianos vivimos a menudo \u201c<em>encerrados<\/em>\u201d y con miedo, reacios a la esperanza:<\/strong><\/li>\n<\/ol>\n<p>\u00bfNo ser\u00e1 que nos resistimos a dejarnos mover por el Esp\u00edritu?<\/p>\n<p>\u00bfQu\u00e9 cambiar\u00eda en nosotros y en quienes nos rodean si nos hacemos m\u00e1s d\u00f3ciles a su acci\u00f3n?<\/p>","protected":false},"excerpt":{"rendered":"<p>Lectura del libro de los Hechos de los Ap\u00f3stoles 2, 1-11 Al cumplirse el d\u00eda de Pentecost\u00e9s, estaban todos juntos en el mismo lugar. De repente, se produjo desde el cielo un estruendo, como de viento que soplaba fuertemente, y llen\u00f3 toda la casa donde se encontraban sentados. Vieron aparecer unas lenguas, como llamaradas, que &hellip; <\/p>\n<p class=\"link-more\"><a href=\"https:\/\/parroquialanatividad.org\/?page_id=1062\" class=\"more-link\">Continuar leyendo<span class=\"screen-reader-text\"> \u00abLECTIO DIVINA &#8211; CICLO B &#8211; PASCUA DOMINGO VIII \u00abPENTECOST\u00c9S\u00bb\u00bb<\/span><\/a><\/p>\n","protected":false},"author":3,"featured_media":0,"parent":0,"menu_order":0,"comment_status":"closed","ping_status":"closed","template":"","meta":{"footnotes":""},"ppma_author":[52],"class_list":["post-1062","page","type-page","status-publish","hentry"],"post_mailing_queue_ids":[],"_links":{"self":[{"href":"https:\/\/parroquialanatividad.org\/index.php?rest_route=\/wp\/v2\/pages\/1062"}],"collection":[{"href":"https:\/\/parroquialanatividad.org\/index.php?rest_route=\/wp\/v2\/pages"}],"about":[{"href":"https:\/\/parroquialanatividad.org\/index.php?rest_route=\/wp\/v2\/types\/page"}],"author":[{"embeddable":true,"href":"https:\/\/parroquialanatividad.org\/index.php?rest_route=\/wp\/v2\/users\/3"}],"replies":[{"embeddable":true,"href":"https:\/\/parroquialanatividad.org\/index.php?rest_route=%2Fwp%2Fv2%2Fcomments&post=1062"}],"version-history":[{"count":2,"href":"https:\/\/parroquialanatividad.org\/index.php?rest_route=\/wp\/v2\/pages\/1062\/revisions"}],"predecessor-version":[{"id":1065,"href":"https:\/\/parroquialanatividad.org\/index.php?rest_route=\/wp\/v2\/pages\/1062\/revisions\/1065"}],"wp:attachment":[{"href":"https:\/\/parroquialanatividad.org\/index.php?rest_route=%2Fwp%2Fv2%2Fmedia&parent=1062"}],"wp:term":[{"taxonomy":"author","embeddable":true,"href":"https:\/\/parroquialanatividad.org\/index.php?rest_route=%2Fwp%2Fv2%2Fppma_author&post=1062"}],"curies":[{"name":"wp","href":"https:\/\/api.w.org\/{rel}","templated":true}]}}